{"id":8891,"date":"2024-02-19T14:13:24","date_gmt":"2024-02-19T18:13:24","guid":{"rendered":"https:\/\/westindiestravel.com\/?page_id=8891"},"modified":"2024-02-19T15:32:02","modified_gmt":"2024-02-19T19:32:02","slug":"tamarindo-grande-beach","status":"publish","type":"page","link":"https:\/\/westindiestravel.com\/es\/tamarindo-grande-beach\/","title":{"rendered":"Playa Tamarindo Grande"},"content":{"rendered":"<div data-elementor-type=\"wp-page\" data-elementor-id=\"8891\" class=\"elementor elementor-8891\">\n\t\t\t\t\t\t<section class=\"elementor-section elementor-top-section elementor-element elementor-element-c135bf2 elementor-section-boxed elementor-section-height-default elementor-section-height-default\" data-id=\"c135bf2\" data-element_type=\"section\" data-e-type=\"section\" data-settings=\"{&quot;background_background&quot;:&quot;classic&quot;}\">\n\t\t\t\t\t\t<div class=\"elementor-container elementor-column-gap-default\">\n\t\t\t\t\t<div class=\"elementor-column elementor-col-100 elementor-top-column elementor-element elementor-element-f904724\" data-id=\"f904724\" data-element_type=\"column\" data-e-type=\"column\">\n\t\t\t<div class=\"elementor-widget-wrap elementor-element-populated\">\n\t\t\t\t\t\t<section class=\"elementor-section elementor-inner-section elementor-element elementor-element-8966636 elementor-section-boxed elementor-section-height-default elementor-section-height-default\" data-id=\"8966636\" data-element_type=\"section\" data-e-type=\"section\">\n\t\t\t\t\t\t<div class=\"elementor-container elementor-column-gap-no\">\n\t\t\t\t\t<div class=\"elementor-column elementor-col-100 elementor-inner-column elementor-element elementor-element-0c2a78f\" data-id=\"0c2a78f\" data-element_type=\"column\" data-e-type=\"column\">\n\t\t\t<div class=\"elementor-widget-wrap elementor-element-populated\">\n\t\t\t\t\t\t<div class=\"elementor-element elementor-element-812cba0 elementor-widget elementor-widget-heading\" data-id=\"812cba0\" data-element_type=\"widget\" data-e-type=\"widget\" data-widget_type=\"heading.default\">\n\t\t\t\t<div class=\"elementor-widget-container\">\n\t\t\t\t\t<h1 class=\"elementor-heading-title elementor-size-default\">Playa Tamarindo Grande<\/h1>\t\t\t\t<\/div>\n\t\t\t\t<\/div>\n\t\t\t\t\t<\/div>\n\t\t<\/div>\n\t\t\t\t\t<\/div>\n\t\t<\/section>\n\t\t\t\t\t<\/div>\n\t\t<\/div>\n\t\t\t\t\t<\/div>\n\t\t<\/section>\n\t\t\t\t<section class=\"elementor-section elementor-top-section elementor-element elementor-element-8f9c58c elementor-section-boxed elementor-section-height-default elementor-section-height-default\" data-id=\"8f9c58c\" data-element_type=\"section\" data-e-type=\"section\" data-settings=\"{&quot;background_background&quot;:&quot;classic&quot;}\">\n\t\t\t\t\t\t<div class=\"elementor-container elementor-column-gap-default\">\n\t\t\t\t\t<div class=\"elementor-column elementor-col-100 elementor-top-column elementor-element elementor-element-75546bd\" data-id=\"75546bd\" data-element_type=\"column\" data-e-type=\"column\">\n\t\t\t<div class=\"elementor-widget-wrap elementor-element-populated\">\n\t\t\t\t\t\t<div class=\"elementor-element elementor-element-56dc231 elementor-widget elementor-widget-image\" data-id=\"56dc231\" data-element_type=\"widget\" data-e-type=\"widget\" data-widget_type=\"image.default\">\n\t\t\t\t<div class=\"elementor-widget-container\">\n\t\t\t\t\t\t\t\t\t\t\t\t\t\t\t<img fetchpriority=\"high\" decoding=\"async\" width=\"2560\" height=\"1920\" src=\"https:\/\/westindiestravel.com\/wp-content\/uploads\/2024\/02\/DJI_0550-scaled.jpg\" class=\"attachment-full size-full wp-image-8888\" alt=\"\" srcset=\"https:\/\/westindiestravel.com\/wp-content\/uploads\/2024\/02\/DJI_0550-scaled.jpg 2560w, https:\/\/westindiestravel.com\/wp-content\/uploads\/2024\/02\/DJI_0550-300x225.jpg 300w, https:\/\/westindiestravel.com\/wp-content\/uploads\/2024\/02\/DJI_0550-1024x768.jpg 1024w, https:\/\/westindiestravel.com\/wp-content\/uploads\/2024\/02\/DJI_0550-768x576.jpg 768w, https:\/\/westindiestravel.com\/wp-content\/uploads\/2024\/02\/DJI_0550-1536x1152.jpg 1536w, https:\/\/westindiestravel.com\/wp-content\/uploads\/2024\/02\/DJI_0550-2048x1536.jpg 2048w, https:\/\/westindiestravel.com\/wp-content\/uploads\/2024\/02\/DJI_0550-16x12.jpg 16w\" sizes=\"(max-width: 2560px) 100vw, 2560px\" \/>\t\t\t\t\t\t\t\t\t\t\t\t\t\t\t<\/div>\n\t\t\t\t<\/div>\n\t\t\t\t<div class=\"elementor-element elementor-element-5e4979e elementor--star-style-star_fontawesome elementor-widget elementor-widget-star-rating\" data-id=\"5e4979e\" data-element_type=\"widget\" data-e-type=\"widget\" data-widget_type=\"star-rating.default\">\n\t\t\t\t<div class=\"elementor-widget-container\">\n\t\t\t\t\t\t\t<div class=\"elementor-star-rating__wrapper\">\n\t\t\t\t\t\t<div class=\"elementor-star-rating\" itemtype=\"http:\/\/schema.org\/Rating\" itemscope=\"\" itemprop=\"reviewRating\">\n\t\t\t\t<i class=\"elementor-star-full\" aria-hidden=\"true\">&#xE934;<\/i><i class=\"elementor-star-full\" aria-hidden=\"true\">&#xE934;<\/i><i class=\"elementor-star-full\" aria-hidden=\"true\">&#xE934;<\/i><i class=\"elementor-star-empty\" aria-hidden=\"true\">&#xE934;<\/i><i class=\"elementor-star-empty\" aria-hidden=\"true\">&#xE934;<\/i>\t\t\t\t<span itemprop=\"ratingValue\" class=\"elementor-screen-only\" data-no-translation=\"\" data-trp-gettext=\"\">Rated 3 out of 5<\/span>\n\t\t\t<\/div>\n\t\t<\/div>\n\t\t\t\t\t\t<\/div>\n\t\t\t\t<\/div>\n\t\t\t\t<div class=\"elementor-element elementor-element-0d111b7 elementor-widget elementor-widget-text-editor\" data-id=\"0d111b7\" data-element_type=\"widget\" data-e-type=\"widget\" data-widget_type=\"text-editor.default\">\n\t\t\t\t<div class=\"elementor-widget-container\">\n\t\t\t\t\t\t\t\t\t<p style=\"font-size: 17px; font-style: normal; font-weight: 400;\"><span style=\"font-weight: bold;\">Ubicaci\u00f3n<\/span> <a href=\"https:\/\/maps.app.goo.gl\/6hDutKQSqaxAa9NU8\" target=\"_blank\" rel=\"noopener\">Isla Culebra<\/a><\/p>\n<p style=\"font-size: 17px; font-style: normal; font-weight: 400;\"><span style=\"text-align: center; color: var( --e-global-color-text ); font-weight: bold;\">Llegar all\u00ed:&nbsp;<\/span><span style=\"color: var( --e-global-color-text ); font-size: 1rem;\">Tome el&nbsp;<\/span><a style=\"font-size: 1rem; background-color: #f0efe7; outline: 0px;\" href=\"https:\/\/goo.gl\/maps\/FWsSdnj8jEAyaW7t9\" target=\"_blank\" rel=\"noopener\">ferry<\/a><span style=\"color: var( --e-global-color-text ); font-size: 1rem;\">&nbsp;desde Ceiba hasta la Isla Culebra. Cuando llegue a Culebra, tome un taxi hasta Playa Flamenco. Habr\u00e1 muchas camionetas en la terminal del ferry, todas con un precio fijo de $5.00 por trayecto. Lo dejar\u00e1n en un punto de entrada que es propiedad privada y deber\u00e1 pagar $2.00 para ingresar.<\/span><span style=\"color: var( --e-global-color-text ); font-size: 1rem;\">&nbsp;Desde all\u00ed puedes caminar 20 minutos por un camino de tierra en el estacionamiento hasta la playa. Si alquilas un veh\u00edculo,<\/span><span style=\"color: var( --e-global-color-text ); font-size: 1rem; text-align: center;\">u can also park&nbsp;<\/span><a style=\"font-size: 1rem; background-color: #f0efe7; text-align: center;\" href=\"https:\/\/maps.app.goo.gl\/QNoQ5hTzNJ6u4zdi7\" target=\"_blank\" rel=\"noopener\">aqu\u00ed<\/a><span style=\"color: var( --e-global-color-text ); font-size: 1rem; text-align: center;\">&nbsp;y caminar el resto del camino.<\/span><\/p>\n<p style=\"font-size: 17px; font-style: normal; font-weight: 400;\"><span style=\"color: var( --e-global-color-text ); font-weight: bold;\">Cosas para hacer:<\/span><span style=\"color: var( --e-global-color-text );\">&nbsp;Snorkel: lo principal que se puede hacer en esta playa es hacer snorkel. En esta playa se puede practicar snorkel excelente, incluso mejor que Playa Flamenco. A diferencia de la playa Carlos Rosario, que est\u00e1 justo al lado, el snorkel aqu\u00ed es incre\u00edblemente poco profundo, lo que la hace ideal para principiantes. Esta playa tambi\u00e9n est\u00e1 m\u00e1s protegida de las duras condiciones del oleaje, lo que la convierte en una buena alternativa a Carlos Rosario cuando hay olas all\u00ed.<\/span><\/p>\n<p style=\"font-size: 17px; font-style: normal; font-weight: 400;\"><span style=\"font-style: inherit; color: var( --e-global-color-text ); font-weight: bold;\">Aviso:<\/span><span style=\"font-style: inherit; font-weight: inherit; color: var( --e-global-color-text );\">&nbsp;A menudo habr\u00e1 barcos amarrados cerca de la orilla. Ten cuidado con la corriente mientras practicas snorkel, te empujar\u00e1 hacia el coral.<\/span><\/p>\t\t\t\t\t\t\t\t<\/div>\n\t\t\t\t<\/div>\n\t\t\t\t<div class=\"elementor-element elementor-element-3ea0c5e elementor-widget elementor-widget-toggle\" data-id=\"3ea0c5e\" data-element_type=\"widget\" data-e-type=\"widget\" data-widget_type=\"toggle.default\">\n\t\t\t\t<div class=\"elementor-widget-container\">\n\t\t\t\t\t\t\t<div class=\"elementor-toggle\">\n\t\t\t\t\t\t\t<div class=\"elementor-toggle-item\">\n\t\t\t\t\t<div id=\"elementor-tab-title-6561\" class=\"elementor-tab-title\" data-tab=\"1\" role=\"button\" aria-controls=\"elementor-tab-content-6561\" aria-expanded=\"false\">\n\t\t\t\t\t\t\t\t\t\t\t\t<span class=\"elementor-toggle-icon elementor-toggle-icon-left\" aria-hidden=\"true\">\n\t\t\t\t\t\t\t\t\t\t\t\t\t\t\t<span class=\"elementor-toggle-icon-closed\"><i class=\"fas fa-caret-right\"><\/i><\/span>\n\t\t\t\t\t\t\t\t<span class=\"elementor-toggle-icon-opened\"><i class=\"elementor-toggle-icon-opened fas fa-caret-up\"><\/i><\/span>\n\t\t\t\t\t\t\t\t\t\t\t\t\t<\/span>\n\t\t\t\t\t\t\t\t\t\t\t\t<a class=\"elementor-toggle-title\" tabindex=\"0\">Pros<\/a>\n\t\t\t\t\t<\/div>\n\n\t\t\t\t\t<div id=\"elementor-tab-content-6561\" class=\"elementor-tab-content elementor-clearfix\" data-tab=\"1\" role=\"region\" aria-labelledby=\"elementor-tab-title-6561\"><ul><li>Es probable que no est\u00e9 llena, pero es poco probable que est\u00e9 vac\u00eda.<\/li><li>Gran snorkel.<\/li><\/ul><\/div>\n\t\t\t\t<\/div>\n\t\t\t\t\t\t\t<div class=\"elementor-toggle-item\">\n\t\t\t\t\t<div id=\"elementor-tab-title-6562\" class=\"elementor-tab-title\" data-tab=\"2\" role=\"button\" aria-controls=\"elementor-tab-content-6562\" aria-expanded=\"false\">\n\t\t\t\t\t\t\t\t\t\t\t\t<span class=\"elementor-toggle-icon elementor-toggle-icon-left\" aria-hidden=\"true\">\n\t\t\t\t\t\t\t\t\t\t\t\t\t\t\t<span class=\"elementor-toggle-icon-closed\"><i class=\"fas fa-caret-right\"><\/i><\/span>\n\t\t\t\t\t\t\t\t<span class=\"elementor-toggle-icon-opened\"><i class=\"elementor-toggle-icon-opened fas fa-caret-up\"><\/i><\/span>\n\t\t\t\t\t\t\t\t\t\t\t\t\t<\/span>\n\t\t\t\t\t\t\t\t\t\t\t\t<a class=\"elementor-toggle-title\" tabindex=\"0\">Contras<\/a>\n\t\t\t\t\t<\/div>\n\n\t\t\t\t\t<div id=\"elementor-tab-content-6562\" class=\"elementor-tab-content elementor-clearfix\" data-tab=\"2\" role=\"region\" aria-labelledby=\"elementor-tab-title-6562\"><ul><li><span style=\"font-style: inherit; font-weight: inherit; color: var( --e-global-color-text );\">La caminata para llegar all\u00ed es bastante larga y calurosa.<\/span><\/li><\/ul><\/div>\n\t\t\t\t<\/div>\n\t\t\t\t\t\t\t\t<\/div>\n\t\t\t\t\t\t<\/div>\n\t\t\t\t<\/div>\n\t\t\t\t\t<\/div>\n\t\t<\/div>\n\t\t\t\t\t<\/div>\n\t\t<\/section>\n\t\t\t\t<\/div>","protected":false},"excerpt":{"rendered":"<p>Tamarindo Grande Beach &#xE934;&#xE934;&#xE934;&#xE934;&#xE934; 3\/5 Location: Culebra Island Getting there:&nbsp;Take the&nbsp;ferry&nbsp;from Ceiba to Culebra Island. When you arrive on Culebra, take a taxi to Flamenco Beach. There will be many vans at the ferry terminal all headed there with a fixed price of $5.00 each way. You\u2019ll be dropped off at an entrance point which [&hellip;]<\/p>\n","protected":false},"author":1,"featured_media":0,"parent":0,"menu_order":0,"comment_status":"closed","ping_status":"closed","template":"","meta":{"om_disable_all_campaigns":false,"_uag_custom_page_level_css":"","_monsterinsights_skip_tracking":false,"_monsterinsights_sitenote_active":false,"_monsterinsights_sitenote_note":"","_monsterinsights_sitenote_category":0,"_uf_show_specific_survey":0,"_uf_disable_surveys":false,"site-sidebar-layout":"no-sidebar","site-content-layout":"page-builder","ast-site-content-layout":"default","site-content-style":"default","site-sidebar-style":"default","ast-global-header-display":"","ast-banner-title-visibility":"","ast-main-header-display":"","ast-hfb-above-header-display":"","ast-hfb-below-header-display":"","ast-hfb-mobile-header-display":"","site-post-title":"disabled","ast-breadcrumbs-content":"","ast-featured-img":"disabled","footer-sml-layout":"","theme-transparent-header-meta":"","adv-header-id-meta":"","stick-header-meta":"","header-above-stick-meta":"","header-main-stick-meta":"","header-below-stick-meta":"","astra-migrate-meta-layouts":"set","ast-page-background-enabled":"default","ast-page-background-meta":{"desktop":{"background-color":"","background-image":"","background-repeat":"repeat","background-position":"center center","background-size":"auto","background-attachment":"scroll","background-type":"","background-media":"","overlay-type":"","overlay-color":"","overlay-opacity":"","overlay-gradient":""},"tablet":{"background-color":"","background-image":"","background-repeat":"repeat","background-position":"center center","background-size":"auto","background-attachment":"scroll","background-type":"","background-media":"","overlay-type":"","overlay-color":"","overlay-opacity":"","overlay-gradient":""},"mobile":{"background-color":"","background-image":"","background-repeat":"repeat","background-position":"center center","background-size":"auto","background-attachment":"scroll","background-type":"","background-media":"","overlay-type":"","overlay-color":"","overlay-opacity":"","overlay-gradient":""}},"ast-content-background-meta":{"desktop":{"background-color":"var(--ast-global-color-5)","background-image":"","background-repeat":"repeat","background-position":"center center","background-size":"auto","background-attachment":"scroll","background-type":"","background-media":"","overlay-type":"","overlay-color":"","overlay-opacity":"","overlay-gradient":""},"tablet":{"background-color":"var(--ast-global-color-5)","background-image":"","background-repeat":"repeat","background-position":"center center","background-size":"auto","background-attachment":"scroll","background-type":"","background-media":"","overlay-type":"","overlay-color":"","overlay-opacity":"","overlay-gradient":""},"mobile":{"background-color":"var(--ast-global-color-5)","background-image":"","background-repeat":"repeat","background-position":"center center","background-size":"auto","background-attachment":"scroll","background-type":"","background-media":"","overlay-type":"","overlay-color":"","overlay-opacity":"","overlay-gradient":""}},"footnotes":""},"class_list":["post-8891","page","type-page","status-publish","hentry"],"yoast_head":"<!-- This site is optimized with the Yoast SEO plugin v27.4 - https:\/\/yoast.com\/product\/yoast-seo-wordpress\/ -->\n<title>Tamarindo Grande Beach | Puerto Rico<\/title>\n<meta name=\"description\" content=\"One of the best places to snorkel in Puerto Rico. Tamarindo Grande Beach has crystal clear water and a relatively healthy coral reef.\" \/>\n<meta name=\"robots\" content=\"index, follow, max-snippet:-1, max-image-preview:large, max-video-preview:-1\" \/>\n<link rel=\"canonical\" href=\"https:\/\/westindiestravel.com\/es\/tamarindo-grande-beach\/\" \/>\n<meta property=\"og:locale\" content=\"es_ES\" \/>\n<meta property=\"og:type\" content=\"article\" \/>\n<meta property=\"og:title\" content=\"Tamarindo Grande Beach | Puerto Rico\" \/>\n<meta property=\"og:description\" content=\"One of the best places to snorkel in Puerto Rico. Tamarindo Grande Beach has crystal clear water and a relatively healthy coral reef.\" \/>\n<meta property=\"og:url\" content=\"https:\/\/westindiestravel.com\/es\/tamarindo-grande-beach\/\" \/>\n<meta property=\"og:site_name\" content=\"West Indies Travel\" \/>\n<meta property=\"article:modified_time\" content=\"2024-02-19T19:32:02+00:00\" \/>\n<meta property=\"og:image\" content=\"https:\/\/westindiestravel.com\/wp-content\/uploads\/2024\/02\/DJI_0550-scaled.jpg\" \/>\n<meta name=\"twitter:card\" content=\"summary_large_image\" \/>\n<meta name=\"twitter:label1\" content=\"Est. reading time\" \/>\n\t<meta name=\"twitter:data1\" content=\"2 minutos\" \/>\n<script type=\"application\/ld+json\" class=\"yoast-schema-graph\">{\"@context\":\"https:\\\/\\\/schema.org\",\"@graph\":[{\"@type\":\"WebPage\",\"@id\":\"https:\\\/\\\/westindiestravel.com\\\/tamarindo-grande-beach\\\/\",\"url\":\"https:\\\/\\\/westindiestravel.com\\\/tamarindo-grande-beach\\\/\",\"name\":\"Tamarindo Grande Beach | Puerto Rico\",\"isPartOf\":{\"@id\":\"https:\\\/\\\/westindiestravel.com\\\/#website\"},\"primaryImageOfPage\":{\"@id\":\"https:\\\/\\\/westindiestravel.com\\\/tamarindo-grande-beach\\\/#primaryimage\"},\"image\":{\"@id\":\"https:\\\/\\\/westindiestravel.com\\\/tamarindo-grande-beach\\\/#primaryimage\"},\"thumbnailUrl\":\"https:\\\/\\\/westindiestravel.com\\\/wp-content\\\/uploads\\\/2024\\\/02\\\/DJI_0550-scaled.jpg\",\"datePublished\":\"2024-02-19T18:13:24+00:00\",\"dateModified\":\"2024-02-19T19:32:02+00:00\",\"description\":\"One of the best places to snorkel in Puerto Rico. Tamarindo Grande Beach has crystal clear water and a relatively healthy coral reef.\",\"breadcrumb\":{\"@id\":\"https:\\\/\\\/westindiestravel.com\\\/tamarindo-grande-beach\\\/#breadcrumb\"},\"inLanguage\":\"es\",\"potentialAction\":[{\"@type\":\"ReadAction\",\"target\":[\"https:\\\/\\\/westindiestravel.com\\\/tamarindo-grande-beach\\\/\"]}]},{\"@type\":\"ImageObject\",\"inLanguage\":\"es\",\"@id\":\"https:\\\/\\\/westindiestravel.com\\\/tamarindo-grande-beach\\\/#primaryimage\",\"url\":\"https:\\\/\\\/westindiestravel.com\\\/wp-content\\\/uploads\\\/2024\\\/02\\\/DJI_0550-scaled.jpg\",\"contentUrl\":\"https:\\\/\\\/westindiestravel.com\\\/wp-content\\\/uploads\\\/2024\\\/02\\\/DJI_0550-scaled.jpg\"},{\"@type\":\"BreadcrumbList\",\"@id\":\"https:\\\/\\\/westindiestravel.com\\\/tamarindo-grande-beach\\\/#breadcrumb\",\"itemListElement\":[{\"@type\":\"ListItem\",\"position\":1,\"name\":\"Home\",\"item\":\"https:\\\/\\\/westindiestravel.com\\\/\"},{\"@type\":\"ListItem\",\"position\":2,\"name\":\"Tamarindo Grande Beach\"}]},{\"@type\":\"WebSite\",\"@id\":\"https:\\\/\\\/westindiestravel.com\\\/#website\",\"url\":\"https:\\\/\\\/westindiestravel.com\\\/\",\"name\":\"West Indies Travel\",\"description\":\"Puerto Rico Travel Guide\",\"publisher\":{\"@id\":\"https:\\\/\\\/westindiestravel.com\\\/#organization\"},\"potentialAction\":[{\"@type\":\"SearchAction\",\"target\":{\"@type\":\"EntryPoint\",\"urlTemplate\":\"https:\\\/\\\/westindiestravel.com\\\/?s={search_term_string}\"},\"query-input\":{\"@type\":\"PropertyValueSpecification\",\"valueRequired\":true,\"valueName\":\"search_term_string\"}}],\"inLanguage\":\"es\"},{\"@type\":\"Organization\",\"@id\":\"https:\\\/\\\/westindiestravel.com\\\/#organization\",\"name\":\"West Indies Travel\",\"url\":\"https:\\\/\\\/westindiestravel.com\\\/\",\"logo\":{\"@type\":\"ImageObject\",\"inLanguage\":\"es\",\"@id\":\"https:\\\/\\\/westindiestravel.com\\\/#\\\/schema\\\/logo\\\/image\\\/\",\"url\":\"https:\\\/\\\/westindiestravel.com\\\/wp-content\\\/uploads\\\/2023\\\/06\\\/WIT-logo-2.png\",\"contentUrl\":\"https:\\\/\\\/westindiestravel.com\\\/wp-content\\\/uploads\\\/2023\\\/06\\\/WIT-logo-2.png\",\"width\":1640,\"height\":924,\"caption\":\"West Indies Travel\"},\"image\":{\"@id\":\"https:\\\/\\\/westindiestravel.com\\\/#\\\/schema\\\/logo\\\/image\\\/\"},\"sameAs\":[\"https:\\\/\\\/www.tiktok.com\\\/@westindiestravel\",\"https:\\\/\\\/www.instagram.com\\\/westindiestravel\\\/\",\"https:\\\/\\\/www.youtube.com\\\/channel\\\/UCHGwDgn5f7PyNfbT18Uwasw\",\"https:\\\/\\\/www.pinterest.com\\\/westindiestravelguide\\\/\"]}]}<\/script>\n<!-- \/ Yoast SEO plugin. -->","yoast_head_json":{"title":"Tamarindo Grande Beach | Puerto Rico","description":"One of the best places to snorkel in Puerto Rico. Tamarindo Grande Beach has crystal clear water and a relatively healthy coral reef.","robots":{"index":"index","follow":"follow","max-snippet":"max-snippet:-1","max-image-preview":"max-image-preview:large","max-video-preview":"max-video-preview:-1"},"canonical":"https:\/\/westindiestravel.com\/es\/tamarindo-grande-beach\/","og_locale":"es_ES","og_type":"article","og_title":"Tamarindo Grande Beach | Puerto Rico","og_description":"One of the best places to snorkel in Puerto Rico. Tamarindo Grande Beach has crystal clear water and a relatively healthy coral reef.","og_url":"https:\/\/westindiestravel.com\/es\/tamarindo-grande-beach\/","og_site_name":"West Indies Travel","article_modified_time":"2024-02-19T19:32:02+00:00","og_image":[{"url":"https:\/\/westindiestravel.com\/wp-content\/uploads\/2024\/02\/DJI_0550-scaled.jpg","type":"","width":"","height":""}],"twitter_card":"summary_large_image","twitter_misc":{"Est. reading time":"2 minutos"},"schema":{"@context":"https:\/\/schema.org","@graph":[{"@type":"WebPage","@id":"https:\/\/westindiestravel.com\/tamarindo-grande-beach\/","url":"https:\/\/westindiestravel.com\/tamarindo-grande-beach\/","name":"Tamarindo Grande Beach | Puerto Rico","isPartOf":{"@id":"https:\/\/westindiestravel.com\/#website"},"primaryImageOfPage":{"@id":"https:\/\/westindiestravel.com\/tamarindo-grande-beach\/#primaryimage"},"image":{"@id":"https:\/\/westindiestravel.com\/tamarindo-grande-beach\/#primaryimage"},"thumbnailUrl":"https:\/\/westindiestravel.com\/wp-content\/uploads\/2024\/02\/DJI_0550-scaled.jpg","datePublished":"2024-02-19T18:13:24+00:00","dateModified":"2024-02-19T19:32:02+00:00","description":"One of the best places to snorkel in Puerto Rico. Tamarindo Grande Beach has crystal clear water and a relatively healthy coral reef.","breadcrumb":{"@id":"https:\/\/westindiestravel.com\/tamarindo-grande-beach\/#breadcrumb"},"inLanguage":"es","potentialAction":[{"@type":"ReadAction","target":["https:\/\/westindiestravel.com\/tamarindo-grande-beach\/"]}]},{"@type":"ImageObject","inLanguage":"es","@id":"https:\/\/westindiestravel.com\/tamarindo-grande-beach\/#primaryimage","url":"https:\/\/westindiestravel.com\/wp-content\/uploads\/2024\/02\/DJI_0550-scaled.jpg","contentUrl":"https:\/\/westindiestravel.com\/wp-content\/uploads\/2024\/02\/DJI_0550-scaled.jpg"},{"@type":"BreadcrumbList","@id":"https:\/\/westindiestravel.com\/tamarindo-grande-beach\/#breadcrumb","itemListElement":[{"@type":"ListItem","position":1,"name":"Home","item":"https:\/\/westindiestravel.com\/"},{"@type":"ListItem","position":2,"name":"Tamarindo Grande Beach"}]},{"@type":"WebSite","@id":"https:\/\/westindiestravel.com\/#website","url":"https:\/\/westindiestravel.com\/","name":"West Indies Travel","description":"Gu\u00eda de viaje de Puerto Rico","publisher":{"@id":"https:\/\/westindiestravel.com\/#organization"},"potentialAction":[{"@type":"SearchAction","target":{"@type":"EntryPoint","urlTemplate":"https:\/\/westindiestravel.com\/?s={search_term_string}"},"query-input":{"@type":"PropertyValueSpecification","valueRequired":true,"valueName":"search_term_string"}}],"inLanguage":"es"},{"@type":"Organization","@id":"https:\/\/westindiestravel.com\/#organization","name":"West Indies Travel","url":"https:\/\/westindiestravel.com\/","logo":{"@type":"ImageObject","inLanguage":"es","@id":"https:\/\/westindiestravel.com\/#\/schema\/logo\/image\/","url":"https:\/\/westindiestravel.com\/wp-content\/uploads\/2023\/06\/WIT-logo-2.png","contentUrl":"https:\/\/westindiestravel.com\/wp-content\/uploads\/2023\/06\/WIT-logo-2.png","width":1640,"height":924,"caption":"West Indies Travel"},"image":{"@id":"https:\/\/westindiestravel.com\/#\/schema\/logo\/image\/"},"sameAs":["https:\/\/www.tiktok.com\/@westindiestravel","https:\/\/www.instagram.com\/westindiestravel\/","https:\/\/www.youtube.com\/channel\/UCHGwDgn5f7PyNfbT18Uwasw","https:\/\/www.pinterest.com\/westindiestravelguide\/"]}]}},"uagb_featured_image_src":{"full":false,"thumbnail":false,"medium":false,"medium_large":false,"large":false,"1536x1536":false,"2048x2048":false,"trp-custom-language-flag":false},"uagb_author_info":{"display_name":"Zach","author_link":"https:\/\/westindiestravel.com\/es\/author\/terrestrialtemplegmail-com\/"},"uagb_comment_info":0,"uagb_excerpt":"Tamarindo Grande Beach &#xE934;&#xE934;&#xE934;&#xE934;&#xE934; 3\/5 Location: Culebra Island Getting there:&nbsp;Take the&nbsp;ferry&nbsp;from Ceiba to Culebra Island. When you arrive on Culebra, take a taxi to Flamenco Beach. There will be many vans at the ferry terminal all headed there with a fixed price of $5.00 each way. You\u2019ll be dropped off at an entrance point which&hellip;","jetpack_sharing_enabled":true,"_links":{"self":[{"href":"https:\/\/westindiestravel.com\/es\/wp-json\/wp\/v2\/pages\/8891","targetHints":{"allow":["GET"]}}],"collection":[{"href":"https:\/\/westindiestravel.com\/es\/wp-json\/wp\/v2\/pages"}],"about":[{"href":"https:\/\/westindiestravel.com\/es\/wp-json\/wp\/v2\/types\/page"}],"author":[{"embeddable":true,"href":"https:\/\/westindiestravel.com\/es\/wp-json\/wp\/v2\/users\/1"}],"replies":[{"embeddable":true,"href":"https:\/\/westindiestravel.com\/es\/wp-json\/wp\/v2\/comments?post=8891"}],"version-history":[{"count":4,"href":"https:\/\/westindiestravel.com\/es\/wp-json\/wp\/v2\/pages\/8891\/revisions"}],"predecessor-version":[{"id":8895,"href":"https:\/\/westindiestravel.com\/es\/wp-json\/wp\/v2\/pages\/8891\/revisions\/8895"}],"wp:attachment":[{"href":"https:\/\/westindiestravel.com\/es\/wp-json\/wp\/v2\/media?parent=8891"}],"curies":[{"name":"wp","href":"https:\/\/api.w.org\/{rel}","templated":true}]}}