{"id":8175,"date":"2023-12-02T21:24:09","date_gmt":"2023-12-03T01:24:09","guid":{"rendered":"https:\/\/westindiestravel.com\/?page_id=8175"},"modified":"2024-01-26T23:46:48","modified_gmt":"2024-01-27T03:46:48","slug":"guayaney-spring","status":"publish","type":"page","link":"https:\/\/westindiestravel.com\/es\/guayaney-spring\/","title":{"rendered":"Manantial Guayaney"},"content":{"rendered":"<div data-elementor-type=\"wp-page\" data-elementor-id=\"8175\" class=\"elementor elementor-8175\">\n\t\t\t\t\t\t<section class=\"elementor-section elementor-top-section elementor-element elementor-element-c135bf2 elementor-section-boxed elementor-section-height-default elementor-section-height-default\" data-id=\"c135bf2\" data-element_type=\"section\" data-e-type=\"section\" data-settings=\"{&quot;background_background&quot;:&quot;classic&quot;}\">\n\t\t\t\t\t\t<div class=\"elementor-container elementor-column-gap-default\">\n\t\t\t\t\t<div class=\"elementor-column elementor-col-100 elementor-top-column elementor-element elementor-element-f904724\" data-id=\"f904724\" data-element_type=\"column\" data-e-type=\"column\">\n\t\t\t<div class=\"elementor-widget-wrap elementor-element-populated\">\n\t\t\t\t\t\t<section class=\"elementor-section elementor-inner-section elementor-element elementor-element-8966636 elementor-section-boxed elementor-section-height-default elementor-section-height-default\" data-id=\"8966636\" data-element_type=\"section\" data-e-type=\"section\">\n\t\t\t\t\t\t<div class=\"elementor-container elementor-column-gap-no\">\n\t\t\t\t\t<div class=\"elementor-column elementor-col-100 elementor-inner-column elementor-element elementor-element-0c2a78f\" data-id=\"0c2a78f\" data-element_type=\"column\" data-e-type=\"column\">\n\t\t\t<div class=\"elementor-widget-wrap elementor-element-populated\">\n\t\t\t\t\t\t<div class=\"elementor-element elementor-element-812cba0 elementor-widget elementor-widget-heading\" data-id=\"812cba0\" data-element_type=\"widget\" data-e-type=\"widget\" data-widget_type=\"heading.default\">\n\t\t\t\t<div class=\"elementor-widget-container\">\n\t\t\t\t\t<h1 class=\"elementor-heading-title elementor-size-default\">Manantial Guayaney<\/h1>\t\t\t\t<\/div>\n\t\t\t\t<\/div>\n\t\t\t\t\t<\/div>\n\t\t<\/div>\n\t\t\t\t\t<\/div>\n\t\t<\/section>\n\t\t\t\t\t<\/div>\n\t\t<\/div>\n\t\t\t\t\t<\/div>\n\t\t<\/section>\n\t\t\t\t<section class=\"elementor-section elementor-top-section elementor-element elementor-element-8f9c58c elementor-section-boxed elementor-section-height-default elementor-section-height-default\" data-id=\"8f9c58c\" data-element_type=\"section\" data-e-type=\"section\" data-settings=\"{&quot;background_background&quot;:&quot;classic&quot;}\">\n\t\t\t\t\t\t<div class=\"elementor-container elementor-column-gap-default\">\n\t\t\t\t\t<div class=\"elementor-column elementor-col-100 elementor-top-column elementor-element elementor-element-75546bd\" data-id=\"75546bd\" data-element_type=\"column\" data-e-type=\"column\">\n\t\t\t<div class=\"elementor-widget-wrap elementor-element-populated\">\n\t\t\t\t\t\t<div class=\"elementor-element elementor-element-62cc96b elementor-widget elementor-widget-image\" data-id=\"62cc96b\" data-element_type=\"widget\" data-e-type=\"widget\" data-widget_type=\"image.default\">\n\t\t\t\t<div class=\"elementor-widget-container\">\n\t\t\t\t\t\t\t\t\t\t\t\t\t\t\t<img fetchpriority=\"high\" decoding=\"async\" width=\"2560\" height=\"1440\" src=\"https:\/\/westindiestravel.com\/wp-content\/uploads\/2023\/05\/mdg1-scaled.jpeg\" class=\"attachment-full size-full wp-image-1413\" alt=\"\" srcset=\"https:\/\/westindiestravel.com\/wp-content\/uploads\/2023\/05\/mdg1-scaled.jpeg 2560w, https:\/\/westindiestravel.com\/wp-content\/uploads\/2023\/05\/mdg1-300x169.jpeg 300w, https:\/\/westindiestravel.com\/wp-content\/uploads\/2023\/05\/mdg1-1024x576.jpeg 1024w, https:\/\/westindiestravel.com\/wp-content\/uploads\/2023\/05\/mdg1-768x432.jpeg 768w, https:\/\/westindiestravel.com\/wp-content\/uploads\/2023\/05\/mdg1-1536x864.jpeg 1536w, https:\/\/westindiestravel.com\/wp-content\/uploads\/2023\/05\/mdg1-2048x1152.jpeg 2048w\" sizes=\"(max-width: 2560px) 100vw, 2560px\" \/>\t\t\t\t\t\t\t\t\t\t\t\t\t\t\t<\/div>\n\t\t\t\t<\/div>\n\t\t\t\t<div class=\"elementor-element elementor-element-5e4979e elementor--star-style-star_fontawesome elementor-widget elementor-widget-star-rating\" data-id=\"5e4979e\" data-element_type=\"widget\" data-e-type=\"widget\" data-widget_type=\"star-rating.default\">\n\t\t\t\t<div class=\"elementor-widget-container\">\n\t\t\t\t\t\t\t<div class=\"elementor-star-rating__wrapper\">\n\t\t\t\t\t\t<div class=\"elementor-star-rating\" itemtype=\"http:\/\/schema.org\/Rating\" itemscope=\"\" itemprop=\"reviewRating\">\n\t\t\t\t<i class=\"elementor-star-full\" aria-hidden=\"true\">&#xE934;<\/i><i class=\"elementor-star-full\" aria-hidden=\"true\">&#xE934;<\/i><i class=\"elementor-star-full\" aria-hidden=\"true\">&#xE934;<\/i><i class=\"elementor-star-empty\" aria-hidden=\"true\">&#xE934;<\/i><i class=\"elementor-star-empty\" aria-hidden=\"true\">&#xE934;<\/i>\t\t\t\t<span itemprop=\"ratingValue\" class=\"elementor-screen-only\" data-no-translation=\"\" data-trp-gettext=\"\">Rated 3 out of 5<\/span>\n\t\t\t<\/div>\n\t\t<\/div>\n\t\t\t\t\t\t<\/div>\n\t\t\t\t<\/div>\n\t\t\t\t<div class=\"elementor-element elementor-element-0d111b7 elementor-widget elementor-widget-text-editor\" data-id=\"0d111b7\" data-element_type=\"widget\" data-e-type=\"widget\" data-widget_type=\"text-editor.default\">\n\t\t\t\t<div class=\"elementor-widget-container\">\n\t\t\t\t\t\t\t\t\t<p><b>Ubicaci\u00f3n <\/b><a href=\"https:\/\/goo.gl\/maps\/3rEkfczFEF1prN4J6\" target=\"_blank\" rel=\"noopener\">Manat\u00ed<\/a><\/p><p><b>Llegar all\u00ed: <\/b>Desde San Juan, conduzca 45 minutos hacia el oeste hasta el municipio de Manat\u00ed.\u00a0<span style=\"text-align: center; color: var( --e-global-color-text ); font-size: 1rem;\">El aparcamiento es un poco complicado, hay una ordenanza municipal que proh\u00edbe aparcar en los lugares m\u00e1s cercanos. Aparcamos en una calle lateral a pocos pasos del comienzo del sendero. Creo que hay un par de lugares diferentes para seguir el camino, uno es <a href=\"https:\/\/maps.app.goo.gl\/aUYDpRhXCtQ2KP2K6\" target=\"_blank\" rel=\"noopener\">aqu\u00ed<\/a>. Encontrar el manantial no es tan f\u00e1cil como pens\u00e9 que ser\u00eda. Pasamos y caminamos unos 15 minutos m\u00e1s. Gire a la izquierda en la primera bifurcaci\u00f3n y camine durante unos 15 minutos, estar\u00e1 a su derecha. Busque un claro entre los \u00e1rboles al lado de la carretera, podr\u00e1 contemplar el manantial desde la carretera. Sol\u00eda \u200b\u200bhaber un cartel que marcaba su ubicaci\u00f3n, pero lo hab\u00edan quitado cuando fuimos.<\/span><\/p><p><b>Informaci\u00f3n General:<\/b>\u00a0\u00c9sta manantial es muy peque\u00f1a. Solo hay espacio para una persona en el \u00e1rea profunda (en la foto), tal vez dos si te quedas muy quieto. El resto del manantial es bastante poco profundo y lleno de grandes rocas. Es un lugar muy hermoso y tranquilo si puedes conseguirlo t\u00fa mismo como lo hicimos nosotros durante unos diez minutos antes de que llegara un grupo de turistas.<\/p><p><b>Aviso:<\/b>\u00a0Sugerir\u00eda ir en un d\u00eda laborable para tener m\u00e1s posibilidades de conseguirlo durante cualquier cantidad de tiempo.<\/p>\t\t\t\t\t\t\t\t<\/div>\n\t\t\t\t<\/div>\n\t\t\t\t<div class=\"elementor-element elementor-element-3ea0c5e elementor-widget elementor-widget-toggle\" data-id=\"3ea0c5e\" data-element_type=\"widget\" data-e-type=\"widget\" data-widget_type=\"toggle.default\">\n\t\t\t\t<div class=\"elementor-widget-container\">\n\t\t\t\t\t\t\t<div class=\"elementor-toggle\">\n\t\t\t\t\t\t\t<div class=\"elementor-toggle-item\">\n\t\t\t\t\t<div id=\"elementor-tab-title-6561\" class=\"elementor-tab-title\" data-tab=\"1\" role=\"button\" aria-controls=\"elementor-tab-content-6561\" aria-expanded=\"false\">\n\t\t\t\t\t\t\t\t\t\t\t\t<span class=\"elementor-toggle-icon elementor-toggle-icon-left\" aria-hidden=\"true\">\n\t\t\t\t\t\t\t\t\t\t\t\t\t\t\t<span class=\"elementor-toggle-icon-closed\"><i class=\"fas fa-caret-right\"><\/i><\/span>\n\t\t\t\t\t\t\t\t<span class=\"elementor-toggle-icon-opened\"><i class=\"elementor-toggle-icon-opened fas fa-caret-up\"><\/i><\/span>\n\t\t\t\t\t\t\t\t\t\t\t\t\t<\/span>\n\t\t\t\t\t\t\t\t\t\t\t\t<a class=\"elementor-toggle-title\" tabindex=\"0\">Pros<\/a>\n\t\t\t\t\t<\/div>\n\n\t\t\t\t\t<div id=\"elementor-tab-content-6561\" class=\"elementor-tab-content elementor-clearfix\" data-tab=\"1\" role=\"region\" aria-labelledby=\"elementor-tab-title-6561\"><ul><li>Lo m\u00e1s natural es la sensaci\u00f3n de primavera, ya que no se desarrolla de ning\u00fan modo. Los otros dos que est\u00e1n en el bosque tienen signos de construcci\u00f3n humana al lado: uno es una gran tuber\u00eda de metal en el agua y el otro es una estructura de juego tosca.<\/li><\/ul><\/div>\n\t\t\t\t<\/div>\n\t\t\t\t\t\t\t<div class=\"elementor-toggle-item\">\n\t\t\t\t\t<div id=\"elementor-tab-title-6562\" class=\"elementor-tab-title\" data-tab=\"2\" role=\"button\" aria-controls=\"elementor-tab-content-6562\" aria-expanded=\"false\">\n\t\t\t\t\t\t\t\t\t\t\t\t<span class=\"elementor-toggle-icon elementor-toggle-icon-left\" aria-hidden=\"true\">\n\t\t\t\t\t\t\t\t\t\t\t\t\t\t\t<span class=\"elementor-toggle-icon-closed\"><i class=\"fas fa-caret-right\"><\/i><\/span>\n\t\t\t\t\t\t\t\t<span class=\"elementor-toggle-icon-opened\"><i class=\"elementor-toggle-icon-opened fas fa-caret-up\"><\/i><\/span>\n\t\t\t\t\t\t\t\t\t\t\t\t\t<\/span>\n\t\t\t\t\t\t\t\t\t\t\t\t<a class=\"elementor-toggle-title\" tabindex=\"0\">Contras<\/a>\n\t\t\t\t\t<\/div>\n\n\t\t\t\t\t<div id=\"elementor-tab-content-6562\" class=\"elementor-tab-content elementor-clearfix\" data-tab=\"2\" role=\"region\" aria-labelledby=\"elementor-tab-title-6562\"><ul><li>Muy poco profunda y peque\u00f1a.<\/li><li>Te lo puedes perder mientras haces senderismo.<\/li><\/ul><\/div>\n\t\t\t\t<\/div>\n\t\t\t\t\t\t\t\t<\/div>\n\t\t\t\t\t\t<\/div>\n\t\t\t\t<\/div>\n\t\t\t\t\t<\/div>\n\t\t<\/div>\n\t\t\t\t\t<\/div>\n\t\t<\/section>\n\t\t\t\t<section class=\"elementor-section elementor-top-section elementor-element elementor-element-86c93b8 elementor-section-boxed elementor-section-height-default elementor-section-height-default\" data-id=\"86c93b8\" data-element_type=\"section\" data-e-type=\"section\" data-settings=\"{&quot;background_background&quot;:&quot;classic&quot;}\">\n\t\t\t\t\t\t<div class=\"elementor-container elementor-column-gap-default\">\n\t\t\t\t\t<div class=\"elementor-column elementor-col-100 elementor-top-column elementor-element elementor-element-705c135\" data-id=\"705c135\" data-element_type=\"column\" data-e-type=\"column\">\n\t\t\t<div class=\"elementor-widget-wrap elementor-element-populated\">\n\t\t\t\t\t\t\t<\/div>\n\t\t<\/div>\n\t\t\t\t\t<\/div>\n\t\t<\/section>\n\t\t\t\t<\/div>","protected":false},"excerpt":{"rendered":"<p>GuAyaney Spring &#xE934;&#xE934;&#xE934;&#xE934;&#xE934; 3\/5 Location: Manat\u00ed Getting there: From San Juan, drive 45 minutes west to the municipality of Manat\u00ed.\u00a0The parking is a little tricky, there is a city ordinance making it illegal to park in all the closest spots. We parked on a side road a short walk from the trailhead. I believe there [&hellip;]<\/p>\n","protected":false},"author":1,"featured_media":0,"parent":0,"menu_order":0,"comment_status":"closed","ping_status":"closed","template":"","meta":{"om_disable_all_campaigns":false,"_uag_custom_page_level_css":"","_monsterinsights_skip_tracking":false,"_monsterinsights_sitenote_active":false,"_monsterinsights_sitenote_note":"","_monsterinsights_sitenote_category":0,"_uf_show_specific_survey":0,"_uf_disable_surveys":false,"site-sidebar-layout":"no-sidebar","site-content-layout":"page-builder","ast-site-content-layout":"default","site-content-style":"default","site-sidebar-style":"default","ast-global-header-display":"","ast-banner-title-visibility":"","ast-main-header-display":"","ast-hfb-above-header-display":"","ast-hfb-below-header-display":"","ast-hfb-mobile-header-display":"","site-post-title":"disabled","ast-breadcrumbs-content":"","ast-featured-img":"disabled","footer-sml-layout":"","theme-transparent-header-meta":"","adv-header-id-meta":"","stick-header-meta":"","header-above-stick-meta":"","header-main-stick-meta":"","header-below-stick-meta":"","astra-migrate-meta-layouts":"set","ast-page-background-enabled":"default","ast-page-background-meta":{"desktop":{"background-color":"","background-image":"","background-repeat":"repeat","background-position":"center center","background-size":"auto","background-attachment":"scroll","background-type":"","background-media":"","overlay-type":"","overlay-color":"","overlay-opacity":"","overlay-gradient":""},"tablet":{"background-color":"","background-image":"","background-repeat":"repeat","background-position":"center center","background-size":"auto","background-attachment":"scroll","background-type":"","background-media":"","overlay-type":"","overlay-color":"","overlay-opacity":"","overlay-gradient":""},"mobile":{"background-color":"","background-image":"","background-repeat":"repeat","background-position":"center center","background-size":"auto","background-attachment":"scroll","background-type":"","background-media":"","overlay-type":"","overlay-color":"","overlay-opacity":"","overlay-gradient":""}},"ast-content-background-meta":{"desktop":{"background-color":"var(--ast-global-color-5)","background-image":"","background-repeat":"repeat","background-position":"center center","background-size":"auto","background-attachment":"scroll","background-type":"","background-media":"","overlay-type":"","overlay-color":"","overlay-opacity":"","overlay-gradient":""},"tablet":{"background-color":"var(--ast-global-color-5)","background-image":"","background-repeat":"repeat","background-position":"center center","background-size":"auto","background-attachment":"scroll","background-type":"","background-media":"","overlay-type":"","overlay-color":"","overlay-opacity":"","overlay-gradient":""},"mobile":{"background-color":"var(--ast-global-color-5)","background-image":"","background-repeat":"repeat","background-position":"center center","background-size":"auto","background-attachment":"scroll","background-type":"","background-media":"","overlay-type":"","overlay-color":"","overlay-opacity":"","overlay-gradient":""}},"footnotes":""},"class_list":["post-8175","page","type-page","status-publish","hentry"],"yoast_head":"<!-- This site is optimized with the Yoast SEO plugin v27.5 - https:\/\/yoast.com\/product\/yoast-seo-wordpress\/ -->\n<title>Guayaney Spring | Manat\u00ed, Puerto Rico<\/title>\n<meta name=\"description\" content=\"A fresh water spring in the forest of Manat\u00ed, Puerto Rico. It may be small, but slipping into the cold, clear water is unforgettable.\" \/>\n<meta name=\"robots\" content=\"index, follow, max-snippet:-1, max-image-preview:large, max-video-preview:-1\" \/>\n<link rel=\"canonical\" href=\"https:\/\/westindiestravel.com\/es\/guayaney-spring\/\" \/>\n<meta property=\"og:locale\" content=\"es_ES\" \/>\n<meta property=\"og:type\" content=\"article\" \/>\n<meta property=\"og:title\" content=\"Guayaney Spring | Manat\u00ed, Puerto Rico\" \/>\n<meta property=\"og:description\" content=\"A fresh water spring in the forest of Manat\u00ed, Puerto Rico. It may be small, but slipping into the cold, clear water is unforgettable.\" \/>\n<meta property=\"og:url\" content=\"https:\/\/westindiestravel.com\/es\/guayaney-spring\/\" \/>\n<meta property=\"og:site_name\" content=\"West Indies Travel\" \/>\n<meta property=\"article:modified_time\" content=\"2024-01-27T03:46:48+00:00\" \/>\n<meta property=\"og:image\" content=\"https:\/\/westindiestravel.com\/wp-content\/uploads\/2023\/05\/mdg1-scaled.jpeg\" \/>\n<meta name=\"twitter:card\" content=\"summary_large_image\" \/>\n<meta name=\"twitter:label1\" content=\"Est. reading time\" \/>\n\t<meta name=\"twitter:data1\" content=\"2 minutos\" \/>\n<script type=\"application\/ld+json\" class=\"yoast-schema-graph\">{\"@context\":\"https:\\\/\\\/schema.org\",\"@graph\":[{\"@type\":\"WebPage\",\"@id\":\"https:\\\/\\\/westindiestravel.com\\\/guayaney-spring\\\/\",\"url\":\"https:\\\/\\\/westindiestravel.com\\\/guayaney-spring\\\/\",\"name\":\"Guayaney Spring | Manat\u00ed, Puerto Rico\",\"isPartOf\":{\"@id\":\"https:\\\/\\\/westindiestravel.com\\\/#website\"},\"primaryImageOfPage\":{\"@id\":\"https:\\\/\\\/westindiestravel.com\\\/guayaney-spring\\\/#primaryimage\"},\"image\":{\"@id\":\"https:\\\/\\\/westindiestravel.com\\\/guayaney-spring\\\/#primaryimage\"},\"thumbnailUrl\":\"https:\\\/\\\/westindiestravel.com\\\/wp-content\\\/uploads\\\/2023\\\/05\\\/mdg1-scaled.jpeg\",\"datePublished\":\"2023-12-03T01:24:09+00:00\",\"dateModified\":\"2024-01-27T03:46:48+00:00\",\"description\":\"A fresh water spring in the forest of Manat\u00ed, Puerto Rico. It may be small, but slipping into the cold, clear water is unforgettable.\",\"breadcrumb\":{\"@id\":\"https:\\\/\\\/westindiestravel.com\\\/guayaney-spring\\\/#breadcrumb\"},\"inLanguage\":\"es\",\"potentialAction\":[{\"@type\":\"ReadAction\",\"target\":[\"https:\\\/\\\/westindiestravel.com\\\/guayaney-spring\\\/\"]}]},{\"@type\":\"ImageObject\",\"inLanguage\":\"es\",\"@id\":\"https:\\\/\\\/westindiestravel.com\\\/guayaney-spring\\\/#primaryimage\",\"url\":\"https:\\\/\\\/westindiestravel.com\\\/wp-content\\\/uploads\\\/2023\\\/05\\\/mdg1-scaled.jpeg\",\"contentUrl\":\"https:\\\/\\\/westindiestravel.com\\\/wp-content\\\/uploads\\\/2023\\\/05\\\/mdg1-scaled.jpeg\"},{\"@type\":\"BreadcrumbList\",\"@id\":\"https:\\\/\\\/westindiestravel.com\\\/guayaney-spring\\\/#breadcrumb\",\"itemListElement\":[{\"@type\":\"ListItem\",\"position\":1,\"name\":\"Home\",\"item\":\"https:\\\/\\\/westindiestravel.com\\\/\"},{\"@type\":\"ListItem\",\"position\":2,\"name\":\"Guayaney Spring\"}]},{\"@type\":\"WebSite\",\"@id\":\"https:\\\/\\\/westindiestravel.com\\\/#website\",\"url\":\"https:\\\/\\\/westindiestravel.com\\\/\",\"name\":\"West Indies Travel\",\"description\":\"Puerto Rico Travel Guide\",\"publisher\":{\"@id\":\"https:\\\/\\\/westindiestravel.com\\\/#organization\"},\"potentialAction\":[{\"@type\":\"SearchAction\",\"target\":{\"@type\":\"EntryPoint\",\"urlTemplate\":\"https:\\\/\\\/westindiestravel.com\\\/?s={search_term_string}\"},\"query-input\":{\"@type\":\"PropertyValueSpecification\",\"valueRequired\":true,\"valueName\":\"search_term_string\"}}],\"inLanguage\":\"es\"},{\"@type\":\"Organization\",\"@id\":\"https:\\\/\\\/westindiestravel.com\\\/#organization\",\"name\":\"West Indies Travel\",\"url\":\"https:\\\/\\\/westindiestravel.com\\\/\",\"logo\":{\"@type\":\"ImageObject\",\"inLanguage\":\"es\",\"@id\":\"https:\\\/\\\/westindiestravel.com\\\/#\\\/schema\\\/logo\\\/image\\\/\",\"url\":\"https:\\\/\\\/westindiestravel.com\\\/wp-content\\\/uploads\\\/2023\\\/06\\\/WIT-logo-2.png\",\"contentUrl\":\"https:\\\/\\\/westindiestravel.com\\\/wp-content\\\/uploads\\\/2023\\\/06\\\/WIT-logo-2.png\",\"width\":1640,\"height\":924,\"caption\":\"West Indies Travel\"},\"image\":{\"@id\":\"https:\\\/\\\/westindiestravel.com\\\/#\\\/schema\\\/logo\\\/image\\\/\"},\"sameAs\":[\"https:\\\/\\\/www.tiktok.com\\\/@westindiestravel\",\"https:\\\/\\\/www.instagram.com\\\/westindiestravel\\\/\",\"https:\\\/\\\/www.youtube.com\\\/channel\\\/UCHGwDgn5f7PyNfbT18Uwasw\",\"https:\\\/\\\/www.pinterest.com\\\/westindiestravelguide\\\/\"]}]}<\/script>\n<!-- \/ Yoast SEO plugin. -->","yoast_head_json":{"title":"Guayaney Spring | Manat\u00ed, Puerto Rico","description":"A fresh water spring in the forest of Manat\u00ed, Puerto Rico. It may be small, but slipping into the cold, clear water is unforgettable.","robots":{"index":"index","follow":"follow","max-snippet":"max-snippet:-1","max-image-preview":"max-image-preview:large","max-video-preview":"max-video-preview:-1"},"canonical":"https:\/\/westindiestravel.com\/es\/guayaney-spring\/","og_locale":"es_ES","og_type":"article","og_title":"Guayaney Spring | Manat\u00ed, Puerto Rico","og_description":"A fresh water spring in the forest of Manat\u00ed, Puerto Rico. It may be small, but slipping into the cold, clear water is unforgettable.","og_url":"https:\/\/westindiestravel.com\/es\/guayaney-spring\/","og_site_name":"West Indies Travel","article_modified_time":"2024-01-27T03:46:48+00:00","og_image":[{"url":"https:\/\/westindiestravel.com\/wp-content\/uploads\/2023\/05\/mdg1-scaled.jpeg","type":"","width":"","height":""}],"twitter_card":"summary_large_image","twitter_misc":{"Est. reading time":"2 minutos"},"schema":{"@context":"https:\/\/schema.org","@graph":[{"@type":"WebPage","@id":"https:\/\/westindiestravel.com\/guayaney-spring\/","url":"https:\/\/westindiestravel.com\/guayaney-spring\/","name":"Guayaney Spring | Manat\u00ed, Puerto Rico","isPartOf":{"@id":"https:\/\/westindiestravel.com\/#website"},"primaryImageOfPage":{"@id":"https:\/\/westindiestravel.com\/guayaney-spring\/#primaryimage"},"image":{"@id":"https:\/\/westindiestravel.com\/guayaney-spring\/#primaryimage"},"thumbnailUrl":"https:\/\/westindiestravel.com\/wp-content\/uploads\/2023\/05\/mdg1-scaled.jpeg","datePublished":"2023-12-03T01:24:09+00:00","dateModified":"2024-01-27T03:46:48+00:00","description":"A fresh water spring in the forest of Manat\u00ed, Puerto Rico. It may be small, but slipping into the cold, clear water is unforgettable.","breadcrumb":{"@id":"https:\/\/westindiestravel.com\/guayaney-spring\/#breadcrumb"},"inLanguage":"es","potentialAction":[{"@type":"ReadAction","target":["https:\/\/westindiestravel.com\/guayaney-spring\/"]}]},{"@type":"ImageObject","inLanguage":"es","@id":"https:\/\/westindiestravel.com\/guayaney-spring\/#primaryimage","url":"https:\/\/westindiestravel.com\/wp-content\/uploads\/2023\/05\/mdg1-scaled.jpeg","contentUrl":"https:\/\/westindiestravel.com\/wp-content\/uploads\/2023\/05\/mdg1-scaled.jpeg"},{"@type":"BreadcrumbList","@id":"https:\/\/westindiestravel.com\/guayaney-spring\/#breadcrumb","itemListElement":[{"@type":"ListItem","position":1,"name":"Home","item":"https:\/\/westindiestravel.com\/"},{"@type":"ListItem","position":2,"name":"Guayaney Spring"}]},{"@type":"WebSite","@id":"https:\/\/westindiestravel.com\/#website","url":"https:\/\/westindiestravel.com\/","name":"West Indies Travel","description":"Gu\u00eda de viaje de Puerto Rico","publisher":{"@id":"https:\/\/westindiestravel.com\/#organization"},"potentialAction":[{"@type":"SearchAction","target":{"@type":"EntryPoint","urlTemplate":"https:\/\/westindiestravel.com\/?s={search_term_string}"},"query-input":{"@type":"PropertyValueSpecification","valueRequired":true,"valueName":"search_term_string"}}],"inLanguage":"es"},{"@type":"Organization","@id":"https:\/\/westindiestravel.com\/#organization","name":"West Indies Travel","url":"https:\/\/westindiestravel.com\/","logo":{"@type":"ImageObject","inLanguage":"es","@id":"https:\/\/westindiestravel.com\/#\/schema\/logo\/image\/","url":"https:\/\/westindiestravel.com\/wp-content\/uploads\/2023\/06\/WIT-logo-2.png","contentUrl":"https:\/\/westindiestravel.com\/wp-content\/uploads\/2023\/06\/WIT-logo-2.png","width":1640,"height":924,"caption":"West Indies Travel"},"image":{"@id":"https:\/\/westindiestravel.com\/#\/schema\/logo\/image\/"},"sameAs":["https:\/\/www.tiktok.com\/@westindiestravel","https:\/\/www.instagram.com\/westindiestravel\/","https:\/\/www.youtube.com\/channel\/UCHGwDgn5f7PyNfbT18Uwasw","https:\/\/www.pinterest.com\/westindiestravelguide\/"]}]}},"uagb_featured_image_src":{"full":false,"thumbnail":false,"medium":false,"medium_large":false,"large":false,"1536x1536":false,"2048x2048":false,"trp-custom-language-flag":false},"uagb_author_info":{"display_name":"Zach","author_link":"https:\/\/westindiestravel.com\/es\/author\/terrestrialtemplegmail-com\/"},"uagb_comment_info":0,"uagb_excerpt":"GuAyaney Spring &#xE934;&#xE934;&#xE934;&#xE934;&#xE934; 3\/5 Location: Manat\u00ed Getting there: From San Juan, drive 45 minutes west to the municipality of Manat\u00ed.\u00a0The parking is a little tricky, there is a city ordinance making it illegal to park in all the closest spots. We parked on a side road a short walk from the trailhead. I believe there&hellip;","jetpack_sharing_enabled":true,"_links":{"self":[{"href":"https:\/\/westindiestravel.com\/es\/wp-json\/wp\/v2\/pages\/8175","targetHints":{"allow":["GET"]}}],"collection":[{"href":"https:\/\/westindiestravel.com\/es\/wp-json\/wp\/v2\/pages"}],"about":[{"href":"https:\/\/westindiestravel.com\/es\/wp-json\/wp\/v2\/types\/page"}],"author":[{"embeddable":true,"href":"https:\/\/westindiestravel.com\/es\/wp-json\/wp\/v2\/users\/1"}],"replies":[{"embeddable":true,"href":"https:\/\/westindiestravel.com\/es\/wp-json\/wp\/v2\/comments?post=8175"}],"version-history":[{"count":4,"href":"https:\/\/westindiestravel.com\/es\/wp-json\/wp\/v2\/pages\/8175\/revisions"}],"predecessor-version":[{"id":8179,"href":"https:\/\/westindiestravel.com\/es\/wp-json\/wp\/v2\/pages\/8175\/revisions\/8179"}],"wp:attachment":[{"href":"https:\/\/westindiestravel.com\/es\/wp-json\/wp\/v2\/media?parent=8175"}],"curies":[{"name":"wp","href":"https:\/\/api.w.org\/{rel}","templated":true}]}}