{"id":8158,"date":"2023-12-02T14:21:08","date_gmt":"2023-12-02T18:21:08","guid":{"rendered":"https:\/\/westindiestravel.com\/?page_id=8158"},"modified":"2024-02-19T15:40:17","modified_gmt":"2024-02-19T19:40:17","slug":"tortugero-spring","status":"publish","type":"page","link":"https:\/\/westindiestravel.com\/es\/tortugero-spring\/","title":{"rendered":"Manantial Tortugero"},"content":{"rendered":"<div data-elementor-type=\"wp-page\" data-elementor-id=\"8158\" class=\"elementor elementor-8158\">\n\t\t\t\t\t\t<section class=\"elementor-section elementor-top-section elementor-element elementor-element-c135bf2 elementor-section-boxed elementor-section-height-default elementor-section-height-default\" data-id=\"c135bf2\" data-element_type=\"section\" data-e-type=\"section\" data-settings=\"{&quot;background_background&quot;:&quot;classic&quot;}\">\n\t\t\t\t\t\t<div class=\"elementor-container elementor-column-gap-default\">\n\t\t\t\t\t<div class=\"elementor-column elementor-col-100 elementor-top-column elementor-element elementor-element-f904724\" data-id=\"f904724\" data-element_type=\"column\" data-e-type=\"column\">\n\t\t\t<div class=\"elementor-widget-wrap elementor-element-populated\">\n\t\t\t\t\t\t<section class=\"elementor-section elementor-inner-section elementor-element elementor-element-8966636 elementor-section-boxed elementor-section-height-default elementor-section-height-default\" data-id=\"8966636\" data-element_type=\"section\" data-e-type=\"section\">\n\t\t\t\t\t\t<div class=\"elementor-container elementor-column-gap-no\">\n\t\t\t\t\t<div class=\"elementor-column elementor-col-100 elementor-inner-column elementor-element elementor-element-0c2a78f\" data-id=\"0c2a78f\" data-element_type=\"column\" data-e-type=\"column\">\n\t\t\t<div class=\"elementor-widget-wrap elementor-element-populated\">\n\t\t\t\t\t\t<div class=\"elementor-element elementor-element-812cba0 elementor-widget elementor-widget-heading\" data-id=\"812cba0\" data-element_type=\"widget\" data-e-type=\"widget\" data-widget_type=\"heading.default\">\n\t\t\t\t<div class=\"elementor-widget-container\">\n\t\t\t\t\t<h1 class=\"elementor-heading-title elementor-size-default\">Manantial Tortugero<\/h1>\t\t\t\t<\/div>\n\t\t\t\t<\/div>\n\t\t\t\t\t<\/div>\n\t\t<\/div>\n\t\t\t\t\t<\/div>\n\t\t<\/section>\n\t\t\t\t\t<\/div>\n\t\t<\/div>\n\t\t\t\t\t<\/div>\n\t\t<\/section>\n\t\t\t\t<section class=\"elementor-section elementor-top-section elementor-element elementor-element-8f9c58c elementor-section-boxed elementor-section-height-default elementor-section-height-default\" data-id=\"8f9c58c\" data-element_type=\"section\" data-e-type=\"section\" data-settings=\"{&quot;background_background&quot;:&quot;classic&quot;}\">\n\t\t\t\t\t\t<div class=\"elementor-container elementor-column-gap-default\">\n\t\t\t\t\t<div class=\"elementor-column elementor-col-100 elementor-top-column elementor-element elementor-element-75546bd\" data-id=\"75546bd\" data-element_type=\"column\" data-e-type=\"column\">\n\t\t\t<div class=\"elementor-widget-wrap elementor-element-populated\">\n\t\t\t\t\t\t<div class=\"elementor-element elementor-element-46d13af elementor-widget elementor-widget-image\" data-id=\"46d13af\" data-element_type=\"widget\" data-e-type=\"widget\" data-widget_type=\"image.default\">\n\t\t\t\t<div class=\"elementor-widget-container\">\n\t\t\t\t\t\t\t\t\t\t\t\t\t\t\t<img fetchpriority=\"high\" decoding=\"async\" width=\"2560\" height=\"2240\" src=\"https:\/\/westindiestravel.com\/wp-content\/uploads\/2023\/05\/MT-scaled.jpeg\" class=\"attachment-full size-full wp-image-987\" alt=\"\" srcset=\"https:\/\/westindiestravel.com\/wp-content\/uploads\/2023\/05\/MT-scaled.jpeg 2560w, https:\/\/westindiestravel.com\/wp-content\/uploads\/2023\/05\/MT-300x263.jpeg 300w, https:\/\/westindiestravel.com\/wp-content\/uploads\/2023\/05\/MT-1024x896.jpeg 1024w, https:\/\/westindiestravel.com\/wp-content\/uploads\/2023\/05\/MT-768x672.jpeg 768w, https:\/\/westindiestravel.com\/wp-content\/uploads\/2023\/05\/MT-1536x1344.jpeg 1536w, https:\/\/westindiestravel.com\/wp-content\/uploads\/2023\/05\/MT-2048x1792.jpeg 2048w\" sizes=\"(max-width: 2560px) 100vw, 2560px\" \/>\t\t\t\t\t\t\t\t\t\t\t\t\t\t\t<\/div>\n\t\t\t\t<\/div>\n\t\t\t\t<div class=\"elementor-element elementor-element-5e4979e elementor--star-style-star_fontawesome elementor-widget elementor-widget-star-rating\" data-id=\"5e4979e\" data-element_type=\"widget\" data-e-type=\"widget\" data-widget_type=\"star-rating.default\">\n\t\t\t\t<div class=\"elementor-widget-container\">\n\t\t\t\t\t\t\t<div class=\"elementor-star-rating__wrapper\">\n\t\t\t\t\t\t<div class=\"elementor-star-rating\" itemtype=\"http:\/\/schema.org\/Rating\" itemscope=\"\" itemprop=\"reviewRating\">\n\t\t\t\t<i class=\"elementor-star-full\" aria-hidden=\"true\">&#xE934;<\/i><i class=\"elementor-star-full\" aria-hidden=\"true\">&#xE934;<\/i><i class=\"elementor-star-full\" aria-hidden=\"true\">&#xE934;<\/i><i class=\"elementor-star-empty\" aria-hidden=\"true\">&#xE934;<\/i><i class=\"elementor-star-empty\" aria-hidden=\"true\">&#xE934;<\/i>\t\t\t\t<span itemprop=\"ratingValue\" class=\"elementor-screen-only\">Rated 3 out of 5<\/span>\n\t\t\t<\/div>\n\t\t<\/div>\n\t\t\t\t\t\t<\/div>\n\t\t\t\t<\/div>\n\t\t\t\t<div class=\"elementor-element elementor-element-0d111b7 elementor-widget elementor-widget-text-editor\" data-id=\"0d111b7\" data-element_type=\"widget\" data-e-type=\"widget\" data-widget_type=\"text-editor.default\">\n\t\t\t\t<div class=\"elementor-widget-container\">\n\t\t\t\t\t\t\t\t\t<p><b>Ubicaci\u00f3n <\/b><a href=\"https:\/\/goo.gl\/maps\/8g7P2RGpEpU9sGjr5\" target=\"_blank\" rel=\"noopener\">Vega Baja<\/a><\/p><p><b>Llegar all\u00ed: <\/b>Desde San Juan, conduzca 40 minutos hacia el oeste hasta el municipio de Vega Baja. Tomar\u00e1s un estrecho camino de tierra que te llevar\u00e1 a un peque\u00f1o estacionamiento de tierra frente al manantial. La carretera es muy estrecha y todo el tiempo estuve preocupado por encontrarme con otro coche que ven\u00eda en direcci\u00f3n opuesta. Al salir vi a unas personas que decidieron estacionarse en la carretera principal y caminar por el camino de terracer\u00eda para llegar all\u00ed.<\/p><p><b>Informaci\u00f3n General:<\/b>\u00a0Lo primero que notar\u00e1 es una estructura de juego realmente fea para ni\u00f1os que alguien trajo y coloc\u00f3 en el manantial para que los ni\u00f1os puedan bajar por un tobog\u00e1n corto al agua. Lamentablemente, es probable que veas mucha basura, incluso en el agua. La zona circular al lado del tobog\u00e1n es la m\u00e1s clara. Fue agradable cuando fui y yo era el \u00fanico all\u00ed, pero todo lo que necesitar\u00edas son algunos ni\u00f1os chapoteando en la \u00fanica \u00e1rea despejada para hacer que este lugar sea un pase.<\/p><p><b>Aviso:<\/b>\u00a0Encontr\u00e9 un caim\u00e1n relativamente peque\u00f1o en el agua.<\/p>\t\t\t\t\t\t\t\t<\/div>\n\t\t\t\t<\/div>\n\t\t\t\t<div class=\"elementor-element elementor-element-3ea0c5e elementor-widget elementor-widget-toggle\" data-id=\"3ea0c5e\" data-element_type=\"widget\" data-e-type=\"widget\" data-widget_type=\"toggle.default\">\n\t\t\t\t<div class=\"elementor-widget-container\">\n\t\t\t\t\t\t\t<div class=\"elementor-toggle\">\n\t\t\t\t\t\t\t<div class=\"elementor-toggle-item\">\n\t\t\t\t\t<div id=\"elementor-tab-title-6561\" class=\"elementor-tab-title\" data-tab=\"1\" role=\"button\" aria-controls=\"elementor-tab-content-6561\" aria-expanded=\"false\">\n\t\t\t\t\t\t\t\t\t\t\t\t<span class=\"elementor-toggle-icon elementor-toggle-icon-left\" aria-hidden=\"true\">\n\t\t\t\t\t\t\t\t\t\t\t\t\t\t\t<span class=\"elementor-toggle-icon-closed\"><i class=\"fas fa-caret-right\"><\/i><\/span>\n\t\t\t\t\t\t\t\t<span class=\"elementor-toggle-icon-opened\"><i class=\"elementor-toggle-icon-opened fas fa-caret-up\"><\/i><\/span>\n\t\t\t\t\t\t\t\t\t\t\t\t\t<\/span>\n\t\t\t\t\t\t\t\t\t\t\t\t<a class=\"elementor-toggle-title\" tabindex=\"0\">Pros<\/a>\n\t\t\t\t\t<\/div>\n\n\t\t\t\t\t<div id=\"elementor-tab-content-6561\" class=\"elementor-tab-content elementor-clearfix\" data-tab=\"1\" role=\"region\" aria-labelledby=\"elementor-tab-title-6561\"><ul><li>Un manantial bastante grande.<\/li><\/ul><\/div>\n\t\t\t\t<\/div>\n\t\t\t\t\t\t\t<div class=\"elementor-toggle-item\">\n\t\t\t\t\t<div id=\"elementor-tab-title-6562\" class=\"elementor-tab-title\" data-tab=\"2\" role=\"button\" aria-controls=\"elementor-tab-content-6562\" aria-expanded=\"false\">\n\t\t\t\t\t\t\t\t\t\t\t\t<span class=\"elementor-toggle-icon elementor-toggle-icon-left\" aria-hidden=\"true\">\n\t\t\t\t\t\t\t\t\t\t\t\t\t\t\t<span class=\"elementor-toggle-icon-closed\"><i class=\"fas fa-caret-right\"><\/i><\/span>\n\t\t\t\t\t\t\t\t<span class=\"elementor-toggle-icon-opened\"><i class=\"elementor-toggle-icon-opened fas fa-caret-up\"><\/i><\/span>\n\t\t\t\t\t\t\t\t\t\t\t\t\t<\/span>\n\t\t\t\t\t\t\t\t\t\t\t\t<a class=\"elementor-toggle-title\" tabindex=\"0\">Contras<\/a>\n\t\t\t\t\t<\/div>\n\n\t\t\t\t\t<div id=\"elementor-tab-content-6562\" class=\"elementor-tab-content elementor-clearfix\" data-tab=\"2\" role=\"region\" aria-labelledby=\"elementor-tab-title-6562\"><ul><li>Basura.<\/li><li>Estructura de juego arrastrada junto al manantial.<\/li><li>Caiman.<\/li><\/ul><\/div>\n\t\t\t\t<\/div>\n\t\t\t\t\t\t\t\t<\/div>\n\t\t\t\t\t\t<\/div>\n\t\t\t\t<\/div>\n\t\t\t\t\t<\/div>\n\t\t<\/div>\n\t\t\t\t\t<\/div>\n\t\t<\/section>\n\t\t\t\t<section class=\"elementor-section elementor-top-section elementor-element elementor-element-86c93b8 elementor-section-boxed elementor-section-height-default elementor-section-height-default\" data-id=\"86c93b8\" data-element_type=\"section\" data-e-type=\"section\" data-settings=\"{&quot;background_background&quot;:&quot;classic&quot;}\">\n\t\t\t\t\t\t<div class=\"elementor-container elementor-column-gap-default\">\n\t\t\t\t\t<div class=\"elementor-column elementor-col-100 elementor-top-column elementor-element elementor-element-705c135\" data-id=\"705c135\" data-element_type=\"column\" data-e-type=\"column\">\n\t\t\t<div class=\"elementor-widget-wrap elementor-element-populated\">\n\t\t\t\t\t\t<div class=\"elementor-element elementor-element-8c98be7 elementor-widget elementor-widget-video\" data-id=\"8c98be7\" data-element_type=\"widget\" data-e-type=\"widget\" data-settings=\"{&quot;youtube_url&quot;:&quot;https:\\\/\\\/youtu.be\\\/Ymn3s_LJFrA&quot;,&quot;video_type&quot;:&quot;youtube&quot;,&quot;controls&quot;:&quot;yes&quot;}\" data-widget_type=\"video.default\">\n\t\t\t\t<div class=\"elementor-widget-container\">\n\t\t\t\t\t\t\t<div class=\"elementor-wrapper elementor-open-inline\">\n\t\t\t<div class=\"elementor-video\"><\/div>\t\t<\/div>\n\t\t\t\t\t\t<\/div>\n\t\t\t\t<\/div>\n\t\t\t\t\t<\/div>\n\t\t<\/div>\n\t\t\t\t\t<\/div>\n\t\t<\/section>\n\t\t\t\t<\/div>","protected":false},"excerpt":{"rendered":"<p>Tortugero Spring &#xE934;&#xE934;&#xE934;&#xE934;&#xE934; 3\/5 Location: Vega Baja Getting there: From San Juan, drive 40 minutes west to the municipality of Vega Baja. You&#8217;ll turn down a narrow dirt road that will take you to a small dirt parking lot in front of the spring. The road is very narrow and I was concerned the whole [&hellip;]<\/p>\n","protected":false},"author":1,"featured_media":0,"parent":0,"menu_order":0,"comment_status":"closed","ping_status":"closed","template":"","meta":{"om_disable_all_campaigns":false,"_uag_custom_page_level_css":"","_monsterinsights_skip_tracking":false,"_monsterinsights_sitenote_active":false,"_monsterinsights_sitenote_note":"","_monsterinsights_sitenote_category":0,"_uf_show_specific_survey":0,"_uf_disable_surveys":false,"site-sidebar-layout":"no-sidebar","site-content-layout":"page-builder","ast-site-content-layout":"default","site-content-style":"default","site-sidebar-style":"default","ast-global-header-display":"","ast-banner-title-visibility":"","ast-main-header-display":"","ast-hfb-above-header-display":"","ast-hfb-below-header-display":"","ast-hfb-mobile-header-display":"","site-post-title":"disabled","ast-breadcrumbs-content":"","ast-featured-img":"disabled","footer-sml-layout":"","theme-transparent-header-meta":"","adv-header-id-meta":"","stick-header-meta":"","header-above-stick-meta":"","header-main-stick-meta":"","header-below-stick-meta":"","astra-migrate-meta-layouts":"set","ast-page-background-enabled":"default","ast-page-background-meta":{"desktop":{"background-color":"","background-image":"","background-repeat":"repeat","background-position":"center center","background-size":"auto","background-attachment":"scroll","background-type":"","background-media":"","overlay-type":"","overlay-color":"","overlay-opacity":"","overlay-gradient":""},"tablet":{"background-color":"","background-image":"","background-repeat":"repeat","background-position":"center center","background-size":"auto","background-attachment":"scroll","background-type":"","background-media":"","overlay-type":"","overlay-color":"","overlay-opacity":"","overlay-gradient":""},"mobile":{"background-color":"","background-image":"","background-repeat":"repeat","background-position":"center center","background-size":"auto","background-attachment":"scroll","background-type":"","background-media":"","overlay-type":"","overlay-color":"","overlay-opacity":"","overlay-gradient":""}},"ast-content-background-meta":{"desktop":{"background-color":"var(--ast-global-color-5)","background-image":"","background-repeat":"repeat","background-position":"center center","background-size":"auto","background-attachment":"scroll","background-type":"","background-media":"","overlay-type":"","overlay-color":"","overlay-opacity":"","overlay-gradient":""},"tablet":{"background-color":"var(--ast-global-color-5)","background-image":"","background-repeat":"repeat","background-position":"center center","background-size":"auto","background-attachment":"scroll","background-type":"","background-media":"","overlay-type":"","overlay-color":"","overlay-opacity":"","overlay-gradient":""},"mobile":{"background-color":"var(--ast-global-color-5)","background-image":"","background-repeat":"repeat","background-position":"center center","background-size":"auto","background-attachment":"scroll","background-type":"","background-media":"","overlay-type":"","overlay-color":"","overlay-opacity":"","overlay-gradient":""}},"footnotes":""},"class_list":["post-8158","page","type-page","status-publish","hentry"],"yoast_head":"<!-- This site is optimized with the Yoast SEO plugin v27.5 - https:\/\/yoast.com\/product\/yoast-seo-wordpress\/ -->\n<title>Tortugero Spring | Vega Baja, Puerto Rico<\/title>\n<meta name=\"description\" content=\"One of the beautiful natural springs on the north coast of Puerto Rico. The water is cold but you get used to it!\" \/>\n<meta name=\"robots\" content=\"index, follow, max-snippet:-1, max-image-preview:large, max-video-preview:-1\" \/>\n<link rel=\"canonical\" href=\"https:\/\/westindiestravel.com\/es\/tortugero-spring\/\" \/>\n<meta property=\"og:locale\" content=\"es_ES\" \/>\n<meta property=\"og:type\" content=\"article\" \/>\n<meta property=\"og:title\" content=\"Tortugero Spring | Vega Baja, Puerto Rico\" \/>\n<meta property=\"og:description\" content=\"One of the beautiful natural springs on the north coast of Puerto Rico. The water is cold but you get used to it!\" \/>\n<meta property=\"og:url\" content=\"https:\/\/westindiestravel.com\/es\/tortugero-spring\/\" \/>\n<meta property=\"og:site_name\" content=\"West Indies Travel\" \/>\n<meta property=\"article:modified_time\" content=\"2024-02-19T19:40:17+00:00\" \/>\n<meta property=\"og:image\" content=\"https:\/\/westindiestravel.com\/wp-content\/uploads\/2023\/05\/MT-scaled.jpeg\" \/>\n<meta name=\"twitter:card\" content=\"summary_large_image\" \/>\n<meta name=\"twitter:label1\" content=\"Est. reading time\" \/>\n\t<meta name=\"twitter:data1\" content=\"2 minutos\" \/>\n<script type=\"application\/ld+json\" class=\"yoast-schema-graph\">{\"@context\":\"https:\\\/\\\/schema.org\",\"@graph\":[{\"@type\":\"WebPage\",\"@id\":\"https:\\\/\\\/westindiestravel.com\\\/tortugero-spring\\\/\",\"url\":\"https:\\\/\\\/westindiestravel.com\\\/tortugero-spring\\\/\",\"name\":\"Tortugero Spring | Vega Baja, Puerto Rico\",\"isPartOf\":{\"@id\":\"https:\\\/\\\/westindiestravel.com\\\/#website\"},\"primaryImageOfPage\":{\"@id\":\"https:\\\/\\\/westindiestravel.com\\\/tortugero-spring\\\/#primaryimage\"},\"image\":{\"@id\":\"https:\\\/\\\/westindiestravel.com\\\/tortugero-spring\\\/#primaryimage\"},\"thumbnailUrl\":\"https:\\\/\\\/westindiestravel.com\\\/wp-content\\\/uploads\\\/2023\\\/05\\\/MT-scaled.jpeg\",\"datePublished\":\"2023-12-02T18:21:08+00:00\",\"dateModified\":\"2024-02-19T19:40:17+00:00\",\"description\":\"One of the beautiful natural springs on the north coast of Puerto Rico. The water is cold but you get used to it!\",\"breadcrumb\":{\"@id\":\"https:\\\/\\\/westindiestravel.com\\\/tortugero-spring\\\/#breadcrumb\"},\"inLanguage\":\"es\",\"potentialAction\":[{\"@type\":\"ReadAction\",\"target\":[\"https:\\\/\\\/westindiestravel.com\\\/tortugero-spring\\\/\"]}]},{\"@type\":\"ImageObject\",\"inLanguage\":\"es\",\"@id\":\"https:\\\/\\\/westindiestravel.com\\\/tortugero-spring\\\/#primaryimage\",\"url\":\"https:\\\/\\\/westindiestravel.com\\\/wp-content\\\/uploads\\\/2023\\\/05\\\/MT-scaled.jpeg\",\"contentUrl\":\"https:\\\/\\\/westindiestravel.com\\\/wp-content\\\/uploads\\\/2023\\\/05\\\/MT-scaled.jpeg\"},{\"@type\":\"BreadcrumbList\",\"@id\":\"https:\\\/\\\/westindiestravel.com\\\/tortugero-spring\\\/#breadcrumb\",\"itemListElement\":[{\"@type\":\"ListItem\",\"position\":1,\"name\":\"Home\",\"item\":\"https:\\\/\\\/westindiestravel.com\\\/\"},{\"@type\":\"ListItem\",\"position\":2,\"name\":\"Tortugero Spring\"}]},{\"@type\":\"WebSite\",\"@id\":\"https:\\\/\\\/westindiestravel.com\\\/#website\",\"url\":\"https:\\\/\\\/westindiestravel.com\\\/\",\"name\":\"West Indies Travel\",\"description\":\"Puerto Rico Travel Guide\",\"publisher\":{\"@id\":\"https:\\\/\\\/westindiestravel.com\\\/#organization\"},\"potentialAction\":[{\"@type\":\"SearchAction\",\"target\":{\"@type\":\"EntryPoint\",\"urlTemplate\":\"https:\\\/\\\/westindiestravel.com\\\/?s={search_term_string}\"},\"query-input\":{\"@type\":\"PropertyValueSpecification\",\"valueRequired\":true,\"valueName\":\"search_term_string\"}}],\"inLanguage\":\"es\"},{\"@type\":\"Organization\",\"@id\":\"https:\\\/\\\/westindiestravel.com\\\/#organization\",\"name\":\"West Indies Travel\",\"url\":\"https:\\\/\\\/westindiestravel.com\\\/\",\"logo\":{\"@type\":\"ImageObject\",\"inLanguage\":\"es\",\"@id\":\"https:\\\/\\\/westindiestravel.com\\\/#\\\/schema\\\/logo\\\/image\\\/\",\"url\":\"https:\\\/\\\/westindiestravel.com\\\/wp-content\\\/uploads\\\/2023\\\/06\\\/WIT-logo-2.png\",\"contentUrl\":\"https:\\\/\\\/westindiestravel.com\\\/wp-content\\\/uploads\\\/2023\\\/06\\\/WIT-logo-2.png\",\"width\":1640,\"height\":924,\"caption\":\"West Indies Travel\"},\"image\":{\"@id\":\"https:\\\/\\\/westindiestravel.com\\\/#\\\/schema\\\/logo\\\/image\\\/\"},\"sameAs\":[\"https:\\\/\\\/www.tiktok.com\\\/@westindiestravel\",\"https:\\\/\\\/www.instagram.com\\\/westindiestravel\\\/\",\"https:\\\/\\\/www.youtube.com\\\/channel\\\/UCHGwDgn5f7PyNfbT18Uwasw\",\"https:\\\/\\\/www.pinterest.com\\\/westindiestravelguide\\\/\"]}]}<\/script>\n<!-- \/ Yoast SEO plugin. -->","yoast_head_json":{"title":"Tortugero Spring | Vega Baja, Puerto Rico","description":"One of the beautiful natural springs on the north coast of Puerto Rico. The water is cold but you get used to it!","robots":{"index":"index","follow":"follow","max-snippet":"max-snippet:-1","max-image-preview":"max-image-preview:large","max-video-preview":"max-video-preview:-1"},"canonical":"https:\/\/westindiestravel.com\/es\/tortugero-spring\/","og_locale":"es_ES","og_type":"article","og_title":"Tortugero Spring | Vega Baja, Puerto Rico","og_description":"One of the beautiful natural springs on the north coast of Puerto Rico. The water is cold but you get used to it!","og_url":"https:\/\/westindiestravel.com\/es\/tortugero-spring\/","og_site_name":"West Indies Travel","article_modified_time":"2024-02-19T19:40:17+00:00","og_image":[{"url":"https:\/\/westindiestravel.com\/wp-content\/uploads\/2023\/05\/MT-scaled.jpeg","type":"","width":"","height":""}],"twitter_card":"summary_large_image","twitter_misc":{"Est. reading time":"2 minutos"},"schema":{"@context":"https:\/\/schema.org","@graph":[{"@type":"WebPage","@id":"https:\/\/westindiestravel.com\/tortugero-spring\/","url":"https:\/\/westindiestravel.com\/tortugero-spring\/","name":"Tortugero Spring | Vega Baja, Puerto Rico","isPartOf":{"@id":"https:\/\/westindiestravel.com\/#website"},"primaryImageOfPage":{"@id":"https:\/\/westindiestravel.com\/tortugero-spring\/#primaryimage"},"image":{"@id":"https:\/\/westindiestravel.com\/tortugero-spring\/#primaryimage"},"thumbnailUrl":"https:\/\/westindiestravel.com\/wp-content\/uploads\/2023\/05\/MT-scaled.jpeg","datePublished":"2023-12-02T18:21:08+00:00","dateModified":"2024-02-19T19:40:17+00:00","description":"One of the beautiful natural springs on the north coast of Puerto Rico. The water is cold but you get used to it!","breadcrumb":{"@id":"https:\/\/westindiestravel.com\/tortugero-spring\/#breadcrumb"},"inLanguage":"es","potentialAction":[{"@type":"ReadAction","target":["https:\/\/westindiestravel.com\/tortugero-spring\/"]}]},{"@type":"ImageObject","inLanguage":"es","@id":"https:\/\/westindiestravel.com\/tortugero-spring\/#primaryimage","url":"https:\/\/westindiestravel.com\/wp-content\/uploads\/2023\/05\/MT-scaled.jpeg","contentUrl":"https:\/\/westindiestravel.com\/wp-content\/uploads\/2023\/05\/MT-scaled.jpeg"},{"@type":"BreadcrumbList","@id":"https:\/\/westindiestravel.com\/tortugero-spring\/#breadcrumb","itemListElement":[{"@type":"ListItem","position":1,"name":"Home","item":"https:\/\/westindiestravel.com\/"},{"@type":"ListItem","position":2,"name":"Tortugero Spring"}]},{"@type":"WebSite","@id":"https:\/\/westindiestravel.com\/#website","url":"https:\/\/westindiestravel.com\/","name":"West Indies Travel","description":"Gu\u00eda de viaje de Puerto Rico","publisher":{"@id":"https:\/\/westindiestravel.com\/#organization"},"potentialAction":[{"@type":"SearchAction","target":{"@type":"EntryPoint","urlTemplate":"https:\/\/westindiestravel.com\/?s={search_term_string}"},"query-input":{"@type":"PropertyValueSpecification","valueRequired":true,"valueName":"search_term_string"}}],"inLanguage":"es"},{"@type":"Organization","@id":"https:\/\/westindiestravel.com\/#organization","name":"West Indies Travel","url":"https:\/\/westindiestravel.com\/","logo":{"@type":"ImageObject","inLanguage":"es","@id":"https:\/\/westindiestravel.com\/#\/schema\/logo\/image\/","url":"https:\/\/westindiestravel.com\/wp-content\/uploads\/2023\/06\/WIT-logo-2.png","contentUrl":"https:\/\/westindiestravel.com\/wp-content\/uploads\/2023\/06\/WIT-logo-2.png","width":1640,"height":924,"caption":"West Indies Travel"},"image":{"@id":"https:\/\/westindiestravel.com\/#\/schema\/logo\/image\/"},"sameAs":["https:\/\/www.tiktok.com\/@westindiestravel","https:\/\/www.instagram.com\/westindiestravel\/","https:\/\/www.youtube.com\/channel\/UCHGwDgn5f7PyNfbT18Uwasw","https:\/\/www.pinterest.com\/westindiestravelguide\/"]}]}},"uagb_featured_image_src":{"full":false,"thumbnail":false,"medium":false,"medium_large":false,"large":false,"1536x1536":false,"2048x2048":false,"trp-custom-language-flag":false},"uagb_author_info":{"display_name":"Zach","author_link":"https:\/\/westindiestravel.com\/es\/author\/terrestrialtemplegmail-com\/"},"uagb_comment_info":0,"uagb_excerpt":"Tortugero Spring &#xE934;&#xE934;&#xE934;&#xE934;&#xE934; 3\/5 Location: Vega Baja Getting there: From San Juan, drive 40 minutes west to the municipality of Vega Baja. You&#8217;ll turn down a narrow dirt road that will take you to a small dirt parking lot in front of the spring. The road is very narrow and I was concerned the whole&hellip;","jetpack_sharing_enabled":true,"_links":{"self":[{"href":"https:\/\/westindiestravel.com\/es\/wp-json\/wp\/v2\/pages\/8158","targetHints":{"allow":["GET"]}}],"collection":[{"href":"https:\/\/westindiestravel.com\/es\/wp-json\/wp\/v2\/pages"}],"about":[{"href":"https:\/\/westindiestravel.com\/es\/wp-json\/wp\/v2\/types\/page"}],"author":[{"embeddable":true,"href":"https:\/\/westindiestravel.com\/es\/wp-json\/wp\/v2\/users\/1"}],"replies":[{"embeddable":true,"href":"https:\/\/westindiestravel.com\/es\/wp-json\/wp\/v2\/comments?post=8158"}],"version-history":[{"count":4,"href":"https:\/\/westindiestravel.com\/es\/wp-json\/wp\/v2\/pages\/8158\/revisions"}],"predecessor-version":[{"id":8162,"href":"https:\/\/westindiestravel.com\/es\/wp-json\/wp\/v2\/pages\/8158\/revisions\/8162"}],"wp:attachment":[{"href":"https:\/\/westindiestravel.com\/es\/wp-json\/wp\/v2\/media?parent=8158"}],"curies":[{"name":"wp","href":"https:\/\/api.w.org\/{rel}","templated":true}]}}