{"id":8064,"date":"2023-11-30T21:46:17","date_gmt":"2023-12-01T01:46:17","guid":{"rendered":"https:\/\/westindiestravel.com\/?page_id=8064"},"modified":"2024-01-26T15:36:24","modified_gmt":"2024-01-26T19:36:24","slug":"cayo-luis-pena-snorkeling","status":"publish","type":"page","link":"https:\/\/westindiestravel.com\/es\/cayo-luis-pena-snorkeling\/","title":{"rendered":"Cayo Luis Pe\u00f1a Snorkeling"},"content":{"rendered":"<div data-elementor-type=\"wp-page\" data-elementor-id=\"8064\" class=\"elementor elementor-8064\">\n\t\t\t\t\t\t<section class=\"elementor-section elementor-top-section elementor-element elementor-element-c135bf2 elementor-section-boxed elementor-section-height-default elementor-section-height-default\" data-id=\"c135bf2\" data-element_type=\"section\" data-e-type=\"section\" data-settings=\"{&quot;background_background&quot;:&quot;classic&quot;}\">\n\t\t\t\t\t\t<div class=\"elementor-container elementor-column-gap-default\">\n\t\t\t\t\t<div class=\"elementor-column elementor-col-100 elementor-top-column elementor-element elementor-element-f904724\" data-id=\"f904724\" data-element_type=\"column\" data-e-type=\"column\">\n\t\t\t<div class=\"elementor-widget-wrap elementor-element-populated\">\n\t\t\t\t\t\t<section class=\"elementor-section elementor-inner-section elementor-element elementor-element-8966636 elementor-section-boxed elementor-section-height-default elementor-section-height-default\" data-id=\"8966636\" data-element_type=\"section\" data-e-type=\"section\">\n\t\t\t\t\t\t<div class=\"elementor-container elementor-column-gap-no\">\n\t\t\t\t\t<div class=\"elementor-column elementor-col-100 elementor-inner-column elementor-element elementor-element-0c2a78f\" data-id=\"0c2a78f\" data-element_type=\"column\" data-e-type=\"column\">\n\t\t\t<div class=\"elementor-widget-wrap elementor-element-populated\">\n\t\t\t\t\t\t<div class=\"elementor-element elementor-element-812cba0 elementor-widget elementor-widget-heading\" data-id=\"812cba0\" data-element_type=\"widget\" data-e-type=\"widget\" data-widget_type=\"heading.default\">\n\t\t\t\t<div class=\"elementor-widget-container\">\n\t\t\t\t\t<h1 class=\"elementor-heading-title elementor-size-default\">Cayo Luis Pe\u00f1a<\/h1>\t\t\t\t<\/div>\n\t\t\t\t<\/div>\n\t\t\t\t\t<\/div>\n\t\t<\/div>\n\t\t\t\t\t<\/div>\n\t\t<\/section>\n\t\t\t\t\t<\/div>\n\t\t<\/div>\n\t\t\t\t\t<\/div>\n\t\t<\/section>\n\t\t\t\t<section class=\"elementor-section elementor-top-section elementor-element elementor-element-8f9c58c elementor-section-boxed elementor-section-height-default elementor-section-height-default\" data-id=\"8f9c58c\" data-element_type=\"section\" data-e-type=\"section\" data-settings=\"{&quot;background_background&quot;:&quot;classic&quot;}\">\n\t\t\t\t\t\t<div class=\"elementor-container elementor-column-gap-default\">\n\t\t\t\t\t<div class=\"elementor-column elementor-col-100 elementor-top-column elementor-element elementor-element-75546bd\" data-id=\"75546bd\" data-element_type=\"column\" data-e-type=\"column\">\n\t\t\t<div class=\"elementor-widget-wrap elementor-element-populated\">\n\t\t\t\t\t\t<div class=\"elementor-element elementor-element-69e5b4b elementor-widget elementor-widget-image\" data-id=\"69e5b4b\" data-element_type=\"widget\" data-e-type=\"widget\" data-widget_type=\"image.default\">\n\t\t\t\t<div class=\"elementor-widget-container\">\n\t\t\t\t\t\t\t\t\t\t\t\t\t\t\t<img fetchpriority=\"high\" decoding=\"async\" width=\"1920\" height=\"1080\" src=\"https:\/\/westindiestravel.com\/wp-content\/uploads\/2023\/06\/clp1.jpeg\" class=\"attachment-full size-full wp-image-3114\" alt=\"\" srcset=\"https:\/\/westindiestravel.com\/wp-content\/uploads\/2023\/06\/clp1.jpeg 1920w, https:\/\/westindiestravel.com\/wp-content\/uploads\/2023\/06\/clp1-300x169.jpeg 300w, https:\/\/westindiestravel.com\/wp-content\/uploads\/2023\/06\/clp1-1024x576.jpeg 1024w, https:\/\/westindiestravel.com\/wp-content\/uploads\/2023\/06\/clp1-768x432.jpeg 768w, https:\/\/westindiestravel.com\/wp-content\/uploads\/2023\/06\/clp1-1536x864.jpeg 1536w, https:\/\/westindiestravel.com\/wp-content\/uploads\/2023\/06\/clp1-18x10.jpeg 18w\" sizes=\"(max-width: 1920px) 100vw, 1920px\" \/>\t\t\t\t\t\t\t\t\t\t\t\t\t\t\t<\/div>\n\t\t\t\t<\/div>\n\t\t\t\t<div class=\"elementor-element elementor-element-5e4979e elementor--star-style-star_fontawesome elementor-widget elementor-widget-star-rating\" data-id=\"5e4979e\" data-element_type=\"widget\" data-e-type=\"widget\" data-widget_type=\"star-rating.default\">\n\t\t\t\t<div class=\"elementor-widget-container\">\n\t\t\t\t\t\t\t<div class=\"elementor-star-rating__wrapper\">\n\t\t\t\t\t\t<div class=\"elementor-star-rating\" itemtype=\"http:\/\/schema.org\/Rating\" itemscope=\"\" itemprop=\"reviewRating\">\n\t\t\t\t<i class=\"elementor-star-full\" aria-hidden=\"true\">&#xE934;<\/i><i class=\"elementor-star-full\" aria-hidden=\"true\">&#xE934;<\/i><i class=\"elementor-star-full\" aria-hidden=\"true\">&#xE934;<\/i><i class=\"elementor-star-empty\" aria-hidden=\"true\">&#xE934;<\/i><i class=\"elementor-star-empty\" aria-hidden=\"true\">&#xE934;<\/i>\t\t\t\t<span itemprop=\"ratingValue\" class=\"elementor-screen-only\">Rated 3 out of 5<\/span>\n\t\t\t<\/div>\n\t\t<\/div>\n\t\t\t\t\t\t<\/div>\n\t\t\t\t<\/div>\n\t\t\t\t<div class=\"elementor-element elementor-element-0d111b7 elementor-widget elementor-widget-text-editor\" data-id=\"0d111b7\" data-element_type=\"widget\" data-e-type=\"widget\" data-widget_type=\"text-editor.default\">\n\t\t\t\t<div class=\"elementor-widget-container\">\n\t\t\t\t\t\t\t\t\t<p><b>Ubicaci\u00f3n<\/b> <a href=\"https:\/\/maps.app.goo.gl\/ypEaCE4Ayo1Hmnwv7\" target=\"_blank\" rel=\"noopener\">Cayo Luis Pe\u00f1a<\/a>, Culebra<\/p><p><b>Llegar all\u00ed: <\/b>Tome el\u00a0<a style=\"background-color: #f0efe7; outline: 0px;\" href=\"https:\/\/goo.gl\/maps\/FWsSdnj8jEAyaW7t9\" target=\"_blank\" rel=\"noopener\">ferry<\/a>\u00a0de Ceiba a Isla Culebra.\u00a0<span style=\"color: var( --e-global-color-text ); font-size: 1rem; text-align: center;\">Desde Culebra, deber\u00e1s contratar un taxi acu\u00e1tico u organizar un tour para llegar a Cayo Luis Pe\u00f1a. Pas\u00e9 por esto <a href=\"https:\/\/www.airbnb.com\/experiences\/870744?adults=2&amp;checkin=2023-04-22&amp;location=Culebra%2C%20Puerto%20Rico&amp;currentTab=experience_tab&amp;federatedSearchId=ffd98fdf-23a4-415c-80cb-fa6452b046c8&amp;searchId=2d7e6f46-3232-4de9-a0e4-87f24e29ec8f&amp;sectionId=e9db52f7-3e4e-4bd2-b4c6-76edfe93decd\" target=\"_blank\" rel=\"noopener\">Airbnb Experience<\/a>\u00a0for $100 per person. It seems to be operated via <a href=\"https:\/\/brightpaddle.com\/\" target=\"_blank\" rel=\"noopener\">Bright Paddle Tours<\/a>.<\/span><span style=\"color: var( --e-global-color-text ); font-size: 1rem; text-align: center;\">\u00a0Tambi\u00e9n puedes navegar en kayak hasta este cayo desde <a href=\"https:\/\/maps.app.goo.gl\/bdwxQqRjxDDRA69V9\" target=\"_blank\" rel=\"noopener\">Playa Tamarindo<\/a>\u00a0si alquilas un kayak en la ciudad. Se trata de un remo de una milla de largo para llegar al cayo. Intente esto \u00fanicamente en condiciones clim\u00e1ticas templadas y de surf.<\/span><\/p><p><b>Cosas para hacer:<\/b>\u00a0<span style=\"color: var( --e-global-color-text ); font-size: 1rem;\">Hay un excelente lugar para practicar snorkel en el lado izquierdo de la playa (mirando al mar desde la orilla). El arrecife se vuelve m\u00e1s profundo a medida que nadas m\u00e1s, pero vale la pena explorarlo incluso si prefieres permanecer en la superficie. Si tienes aletas largas, este es un buen lugar para sacarlas. El arrecife no es el m\u00e1s sano, pero s\u00ed algo m\u00e1s que el de Flamenco Beach. Hab\u00eda muchas medusas lunares y algunos hermosos peces loro.\u00a0<\/span><\/p><p><b>Aviso:<\/b>\u00a0Las condiciones en \u00e9sta playa cambian seg\u00fan la \u00e9poca del a\u00f1o. Cuando fui, no hab\u00eda ninguna ola, pero puede haber olas bastante grandes en la orilla.<\/p>\t\t\t\t\t\t\t\t<\/div>\n\t\t\t\t<\/div>\n\t\t\t\t<div class=\"elementor-element elementor-element-3ea0c5e elementor-widget elementor-widget-toggle\" data-id=\"3ea0c5e\" data-element_type=\"widget\" data-e-type=\"widget\" data-widget_type=\"toggle.default\">\n\t\t\t\t<div class=\"elementor-widget-container\">\n\t\t\t\t\t\t\t<div class=\"elementor-toggle\">\n\t\t\t\t\t\t\t<div class=\"elementor-toggle-item\">\n\t\t\t\t\t<div id=\"elementor-tab-title-6561\" class=\"elementor-tab-title\" data-tab=\"1\" role=\"button\" aria-controls=\"elementor-tab-content-6561\" aria-expanded=\"false\">\n\t\t\t\t\t\t\t\t\t\t\t\t<span class=\"elementor-toggle-icon elementor-toggle-icon-left\" aria-hidden=\"true\">\n\t\t\t\t\t\t\t\t\t\t\t\t\t\t\t<span class=\"elementor-toggle-icon-closed\"><i class=\"fas fa-caret-right\"><\/i><\/span>\n\t\t\t\t\t\t\t\t<span class=\"elementor-toggle-icon-opened\"><i class=\"elementor-toggle-icon-opened fas fa-caret-up\"><\/i><\/span>\n\t\t\t\t\t\t\t\t\t\t\t\t\t<\/span>\n\t\t\t\t\t\t\t\t\t\t\t\t<a class=\"elementor-toggle-title\" tabindex=\"0\">Pros<\/a>\n\t\t\t\t\t<\/div>\n\n\t\t\t\t\t<div id=\"elementor-tab-content-6561\" class=\"elementor-tab-content elementor-clearfix\" data-tab=\"1\" role=\"region\" aria-labelledby=\"elementor-tab-title-6561\"><ul><li>Gran snorkeling aunque sobre un arrecife profundo.<\/li>\n<\/ul><\/div>\n\t\t\t\t<\/div>\n\t\t\t\t\t\t\t<div class=\"elementor-toggle-item\">\n\t\t\t\t\t<div id=\"elementor-tab-title-6562\" class=\"elementor-tab-title\" data-tab=\"2\" role=\"button\" aria-controls=\"elementor-tab-content-6562\" aria-expanded=\"false\">\n\t\t\t\t\t\t\t\t\t\t\t\t<span class=\"elementor-toggle-icon elementor-toggle-icon-left\" aria-hidden=\"true\">\n\t\t\t\t\t\t\t\t\t\t\t\t\t\t\t<span class=\"elementor-toggle-icon-closed\"><i class=\"fas fa-caret-right\"><\/i><\/span>\n\t\t\t\t\t\t\t\t<span class=\"elementor-toggle-icon-opened\"><i class=\"elementor-toggle-icon-opened fas fa-caret-up\"><\/i><\/span>\n\t\t\t\t\t\t\t\t\t\t\t\t\t<\/span>\n\t\t\t\t\t\t\t\t\t\t\t\t<a class=\"elementor-toggle-title\" tabindex=\"0\">Contras<\/a>\n\t\t\t\t\t<\/div>\n\n\t\t\t\t\t<div id=\"elementor-tab-content-6562\" class=\"elementor-tab-content elementor-clearfix\" data-tab=\"2\" role=\"region\" aria-labelledby=\"elementor-tab-title-6562\"><ul>\n<li><span style=\"font-style: inherit; font-weight: inherit; color: var( --e-global-color-text );\">Para llegar all\u00ed, el estacionamiento en la terminal del ferry cuesta $15.00 por d\u00eda, el ferry cuesta $4.00 y el taxi acu\u00e1tico cuesta $65.00 \u2013 $100.00.<\/span><\/li>\n<li>Un arrecife m\u00e1s profundo de lo que muchos preferir\u00edan.<\/li><li>Aunque aparentemente est\u00e1 mejor desde el hurac\u00e1n Mar\u00eda, el arrecife no parece particularmente saludable.<\/li>\n<\/ul><\/div>\n\t\t\t\t<\/div>\n\t\t\t\t\t\t\t\t<\/div>\n\t\t\t\t\t\t<\/div>\n\t\t\t\t<\/div>\n\t\t\t\t\t<\/div>\n\t\t<\/div>\n\t\t\t\t\t<\/div>\n\t\t<\/section>\n\t\t\t\t<\/div>","protected":false},"excerpt":{"rendered":"<p>Cayo Luis Pe\u00f1a &#xE934;&#xE934;&#xE934;&#xE934;&#xE934; 3\/5 Location: Luis Pe\u00f1a Key, Culebra Getting there: Take the\u00a0ferry\u00a0from Ceiba to Culebra Island.\u00a0From Culebra, you&#8217;ll need to hire a water taxi or organize a tour to get to Luis Pe\u00f1a Key. I went via this Airbnb Experience\u00a0for $100 per person. It seems to be operated via Bright Paddle Tours.\u00a0You can [&hellip;]<\/p>\n","protected":false},"author":1,"featured_media":0,"parent":0,"menu_order":0,"comment_status":"closed","ping_status":"closed","template":"","meta":{"om_disable_all_campaigns":false,"_uag_custom_page_level_css":"","_monsterinsights_skip_tracking":false,"_monsterinsights_sitenote_active":false,"_monsterinsights_sitenote_note":"","_monsterinsights_sitenote_category":0,"_uf_show_specific_survey":0,"_uf_disable_surveys":false,"site-sidebar-layout":"no-sidebar","site-content-layout":"page-builder","ast-site-content-layout":"default","site-content-style":"default","site-sidebar-style":"default","ast-global-header-display":"","ast-banner-title-visibility":"","ast-main-header-display":"","ast-hfb-above-header-display":"","ast-hfb-below-header-display":"","ast-hfb-mobile-header-display":"","site-post-title":"disabled","ast-breadcrumbs-content":"","ast-featured-img":"disabled","footer-sml-layout":"","theme-transparent-header-meta":"","adv-header-id-meta":"","stick-header-meta":"","header-above-stick-meta":"","header-main-stick-meta":"","header-below-stick-meta":"","astra-migrate-meta-layouts":"set","ast-page-background-enabled":"default","ast-page-background-meta":{"desktop":{"background-color":"","background-image":"","background-repeat":"repeat","background-position":"center center","background-size":"auto","background-attachment":"scroll","background-type":"","background-media":"","overlay-type":"","overlay-color":"","overlay-opacity":"","overlay-gradient":""},"tablet":{"background-color":"","background-image":"","background-repeat":"repeat","background-position":"center center","background-size":"auto","background-attachment":"scroll","background-type":"","background-media":"","overlay-type":"","overlay-color":"","overlay-opacity":"","overlay-gradient":""},"mobile":{"background-color":"","background-image":"","background-repeat":"repeat","background-position":"center center","background-size":"auto","background-attachment":"scroll","background-type":"","background-media":"","overlay-type":"","overlay-color":"","overlay-opacity":"","overlay-gradient":""}},"ast-content-background-meta":{"desktop":{"background-color":"var(--ast-global-color-5)","background-image":"","background-repeat":"repeat","background-position":"center center","background-size":"auto","background-attachment":"scroll","background-type":"","background-media":"","overlay-type":"","overlay-color":"","overlay-opacity":"","overlay-gradient":""},"tablet":{"background-color":"var(--ast-global-color-5)","background-image":"","background-repeat":"repeat","background-position":"center center","background-size":"auto","background-attachment":"scroll","background-type":"","background-media":"","overlay-type":"","overlay-color":"","overlay-opacity":"","overlay-gradient":""},"mobile":{"background-color":"var(--ast-global-color-5)","background-image":"","background-repeat":"repeat","background-position":"center center","background-size":"auto","background-attachment":"scroll","background-type":"","background-media":"","overlay-type":"","overlay-color":"","overlay-opacity":"","overlay-gradient":""}},"footnotes":""},"class_list":["post-8064","page","type-page","status-publish","hentry"],"yoast_head":"<!-- This site is optimized with the Yoast SEO plugin v27.4 - https:\/\/yoast.com\/product\/yoast-seo-wordpress\/ -->\n<title>Cayo Luis Pe\u00f1a Snorkeling | Puerto Rico<\/title>\n<meta name=\"description\" content=\"A small, beautiful coral island (key) off the coast of Puerto Rico is a great spot for snorkeling or relaxing on the beach.\" \/>\n<meta name=\"robots\" content=\"index, follow, max-snippet:-1, max-image-preview:large, max-video-preview:-1\" \/>\n<link rel=\"canonical\" href=\"https:\/\/westindiestravel.com\/es\/cayo-luis-pena-snorkeling\/\" \/>\n<meta property=\"og:locale\" content=\"es_ES\" \/>\n<meta property=\"og:type\" content=\"article\" \/>\n<meta property=\"og:title\" content=\"Cayo Luis Pe\u00f1a Snorkeling | Puerto Rico\" \/>\n<meta property=\"og:description\" content=\"A small, beautiful coral island (key) off the coast of Puerto Rico is a great spot for snorkeling or relaxing on the beach.\" \/>\n<meta property=\"og:url\" content=\"https:\/\/westindiestravel.com\/es\/cayo-luis-pena-snorkeling\/\" \/>\n<meta property=\"og:site_name\" content=\"West Indies Travel\" \/>\n<meta property=\"article:modified_time\" content=\"2024-01-26T19:36:24+00:00\" \/>\n<meta property=\"og:image\" content=\"https:\/\/westindiestravel.com\/wp-content\/uploads\/2023\/06\/clp1.jpeg\" \/>\n<meta name=\"twitter:card\" content=\"summary_large_image\" \/>\n<meta name=\"twitter:label1\" content=\"Est. reading time\" \/>\n\t<meta name=\"twitter:data1\" content=\"2 minutos\" \/>\n<script type=\"application\/ld+json\" class=\"yoast-schema-graph\">{\"@context\":\"https:\\\/\\\/schema.org\",\"@graph\":[{\"@type\":\"WebPage\",\"@id\":\"https:\\\/\\\/westindiestravel.com\\\/cayo-luis-pena-snorkeling\\\/\",\"url\":\"https:\\\/\\\/westindiestravel.com\\\/cayo-luis-pena-snorkeling\\\/\",\"name\":\"Cayo Luis Pe\u00f1a Snorkeling | Puerto Rico\",\"isPartOf\":{\"@id\":\"https:\\\/\\\/westindiestravel.com\\\/#website\"},\"primaryImageOfPage\":{\"@id\":\"https:\\\/\\\/westindiestravel.com\\\/cayo-luis-pena-snorkeling\\\/#primaryimage\"},\"image\":{\"@id\":\"https:\\\/\\\/westindiestravel.com\\\/cayo-luis-pena-snorkeling\\\/#primaryimage\"},\"thumbnailUrl\":\"https:\\\/\\\/westindiestravel.com\\\/wp-content\\\/uploads\\\/2023\\\/06\\\/clp1.jpeg\",\"datePublished\":\"2023-12-01T01:46:17+00:00\",\"dateModified\":\"2024-01-26T19:36:24+00:00\",\"description\":\"A small, beautiful coral island (key) off the coast of Puerto Rico is a great spot for snorkeling or relaxing on the beach.\",\"breadcrumb\":{\"@id\":\"https:\\\/\\\/westindiestravel.com\\\/cayo-luis-pena-snorkeling\\\/#breadcrumb\"},\"inLanguage\":\"es\",\"potentialAction\":[{\"@type\":\"ReadAction\",\"target\":[\"https:\\\/\\\/westindiestravel.com\\\/cayo-luis-pena-snorkeling\\\/\"]}]},{\"@type\":\"ImageObject\",\"inLanguage\":\"es\",\"@id\":\"https:\\\/\\\/westindiestravel.com\\\/cayo-luis-pena-snorkeling\\\/#primaryimage\",\"url\":\"https:\\\/\\\/westindiestravel.com\\\/wp-content\\\/uploads\\\/2023\\\/06\\\/clp1.jpeg\",\"contentUrl\":\"https:\\\/\\\/westindiestravel.com\\\/wp-content\\\/uploads\\\/2023\\\/06\\\/clp1.jpeg\"},{\"@type\":\"BreadcrumbList\",\"@id\":\"https:\\\/\\\/westindiestravel.com\\\/cayo-luis-pena-snorkeling\\\/#breadcrumb\",\"itemListElement\":[{\"@type\":\"ListItem\",\"position\":1,\"name\":\"Home\",\"item\":\"https:\\\/\\\/westindiestravel.com\\\/\"},{\"@type\":\"ListItem\",\"position\":2,\"name\":\"Cayo Luis Pe\u00f1a Snorkeling\"}]},{\"@type\":\"WebSite\",\"@id\":\"https:\\\/\\\/westindiestravel.com\\\/#website\",\"url\":\"https:\\\/\\\/westindiestravel.com\\\/\",\"name\":\"West Indies Travel\",\"description\":\"Puerto Rico Travel Guide\",\"publisher\":{\"@id\":\"https:\\\/\\\/westindiestravel.com\\\/#organization\"},\"potentialAction\":[{\"@type\":\"SearchAction\",\"target\":{\"@type\":\"EntryPoint\",\"urlTemplate\":\"https:\\\/\\\/westindiestravel.com\\\/?s={search_term_string}\"},\"query-input\":{\"@type\":\"PropertyValueSpecification\",\"valueRequired\":true,\"valueName\":\"search_term_string\"}}],\"inLanguage\":\"es\"},{\"@type\":\"Organization\",\"@id\":\"https:\\\/\\\/westindiestravel.com\\\/#organization\",\"name\":\"West Indies Travel\",\"url\":\"https:\\\/\\\/westindiestravel.com\\\/\",\"logo\":{\"@type\":\"ImageObject\",\"inLanguage\":\"es\",\"@id\":\"https:\\\/\\\/westindiestravel.com\\\/#\\\/schema\\\/logo\\\/image\\\/\",\"url\":\"https:\\\/\\\/westindiestravel.com\\\/wp-content\\\/uploads\\\/2023\\\/06\\\/WIT-logo-2.png\",\"contentUrl\":\"https:\\\/\\\/westindiestravel.com\\\/wp-content\\\/uploads\\\/2023\\\/06\\\/WIT-logo-2.png\",\"width\":1640,\"height\":924,\"caption\":\"West Indies Travel\"},\"image\":{\"@id\":\"https:\\\/\\\/westindiestravel.com\\\/#\\\/schema\\\/logo\\\/image\\\/\"},\"sameAs\":[\"https:\\\/\\\/www.tiktok.com\\\/@westindiestravel\",\"https:\\\/\\\/www.instagram.com\\\/westindiestravel\\\/\",\"https:\\\/\\\/www.youtube.com\\\/channel\\\/UCHGwDgn5f7PyNfbT18Uwasw\",\"https:\\\/\\\/www.pinterest.com\\\/westindiestravelguide\\\/\"]}]}<\/script>\n<!-- \/ Yoast SEO plugin. -->","yoast_head_json":{"title":"Cayo Luis Pe\u00f1a Snorkeling | Puerto Rico","description":"A small, beautiful coral island (key) off the coast of Puerto Rico is a great spot for snorkeling or relaxing on the beach.","robots":{"index":"index","follow":"follow","max-snippet":"max-snippet:-1","max-image-preview":"max-image-preview:large","max-video-preview":"max-video-preview:-1"},"canonical":"https:\/\/westindiestravel.com\/es\/cayo-luis-pena-snorkeling\/","og_locale":"es_ES","og_type":"article","og_title":"Cayo Luis Pe\u00f1a Snorkeling | Puerto Rico","og_description":"A small, beautiful coral island (key) off the coast of Puerto Rico is a great spot for snorkeling or relaxing on the beach.","og_url":"https:\/\/westindiestravel.com\/es\/cayo-luis-pena-snorkeling\/","og_site_name":"West Indies Travel","article_modified_time":"2024-01-26T19:36:24+00:00","og_image":[{"url":"https:\/\/westindiestravel.com\/wp-content\/uploads\/2023\/06\/clp1.jpeg","type":"","width":"","height":""}],"twitter_card":"summary_large_image","twitter_misc":{"Est. reading time":"2 minutos"},"schema":{"@context":"https:\/\/schema.org","@graph":[{"@type":"WebPage","@id":"https:\/\/westindiestravel.com\/cayo-luis-pena-snorkeling\/","url":"https:\/\/westindiestravel.com\/cayo-luis-pena-snorkeling\/","name":"Cayo Luis Pe\u00f1a Snorkeling | Puerto Rico","isPartOf":{"@id":"https:\/\/westindiestravel.com\/#website"},"primaryImageOfPage":{"@id":"https:\/\/westindiestravel.com\/cayo-luis-pena-snorkeling\/#primaryimage"},"image":{"@id":"https:\/\/westindiestravel.com\/cayo-luis-pena-snorkeling\/#primaryimage"},"thumbnailUrl":"https:\/\/westindiestravel.com\/wp-content\/uploads\/2023\/06\/clp1.jpeg","datePublished":"2023-12-01T01:46:17+00:00","dateModified":"2024-01-26T19:36:24+00:00","description":"A small, beautiful coral island (key) off the coast of Puerto Rico is a great spot for snorkeling or relaxing on the beach.","breadcrumb":{"@id":"https:\/\/westindiestravel.com\/cayo-luis-pena-snorkeling\/#breadcrumb"},"inLanguage":"es","potentialAction":[{"@type":"ReadAction","target":["https:\/\/westindiestravel.com\/cayo-luis-pena-snorkeling\/"]}]},{"@type":"ImageObject","inLanguage":"es","@id":"https:\/\/westindiestravel.com\/cayo-luis-pena-snorkeling\/#primaryimage","url":"https:\/\/westindiestravel.com\/wp-content\/uploads\/2023\/06\/clp1.jpeg","contentUrl":"https:\/\/westindiestravel.com\/wp-content\/uploads\/2023\/06\/clp1.jpeg"},{"@type":"BreadcrumbList","@id":"https:\/\/westindiestravel.com\/cayo-luis-pena-snorkeling\/#breadcrumb","itemListElement":[{"@type":"ListItem","position":1,"name":"Home","item":"https:\/\/westindiestravel.com\/"},{"@type":"ListItem","position":2,"name":"Cayo Luis Pe\u00f1a Snorkeling"}]},{"@type":"WebSite","@id":"https:\/\/westindiestravel.com\/#website","url":"https:\/\/westindiestravel.com\/","name":"West Indies Travel","description":"Gu\u00eda de viaje de Puerto Rico","publisher":{"@id":"https:\/\/westindiestravel.com\/#organization"},"potentialAction":[{"@type":"SearchAction","target":{"@type":"EntryPoint","urlTemplate":"https:\/\/westindiestravel.com\/?s={search_term_string}"},"query-input":{"@type":"PropertyValueSpecification","valueRequired":true,"valueName":"search_term_string"}}],"inLanguage":"es"},{"@type":"Organization","@id":"https:\/\/westindiestravel.com\/#organization","name":"West Indies Travel","url":"https:\/\/westindiestravel.com\/","logo":{"@type":"ImageObject","inLanguage":"es","@id":"https:\/\/westindiestravel.com\/#\/schema\/logo\/image\/","url":"https:\/\/westindiestravel.com\/wp-content\/uploads\/2023\/06\/WIT-logo-2.png","contentUrl":"https:\/\/westindiestravel.com\/wp-content\/uploads\/2023\/06\/WIT-logo-2.png","width":1640,"height":924,"caption":"West Indies Travel"},"image":{"@id":"https:\/\/westindiestravel.com\/#\/schema\/logo\/image\/"},"sameAs":["https:\/\/www.tiktok.com\/@westindiestravel","https:\/\/www.instagram.com\/westindiestravel\/","https:\/\/www.youtube.com\/channel\/UCHGwDgn5f7PyNfbT18Uwasw","https:\/\/www.pinterest.com\/westindiestravelguide\/"]}]}},"uagb_featured_image_src":{"full":false,"thumbnail":false,"medium":false,"medium_large":false,"large":false,"1536x1536":false,"2048x2048":false,"trp-custom-language-flag":false},"uagb_author_info":{"display_name":"Zach","author_link":"https:\/\/westindiestravel.com\/es\/author\/terrestrialtemplegmail-com\/"},"uagb_comment_info":0,"uagb_excerpt":"Cayo Luis Pe\u00f1a &#xE934;&#xE934;&#xE934;&#xE934;&#xE934; 3\/5 Location: Luis Pe\u00f1a Key, Culebra Getting there: Take the\u00a0ferry\u00a0from Ceiba to Culebra Island.\u00a0From Culebra, you&#8217;ll need to hire a water taxi or organize a tour to get to Luis Pe\u00f1a Key. I went via this Airbnb Experience\u00a0for $100 per person. It seems to be operated via Bright Paddle Tours.\u00a0You can&hellip;","jetpack_sharing_enabled":true,"_links":{"self":[{"href":"https:\/\/westindiestravel.com\/es\/wp-json\/wp\/v2\/pages\/8064","targetHints":{"allow":["GET"]}}],"collection":[{"href":"https:\/\/westindiestravel.com\/es\/wp-json\/wp\/v2\/pages"}],"about":[{"href":"https:\/\/westindiestravel.com\/es\/wp-json\/wp\/v2\/types\/page"}],"author":[{"embeddable":true,"href":"https:\/\/westindiestravel.com\/es\/wp-json\/wp\/v2\/users\/1"}],"replies":[{"embeddable":true,"href":"https:\/\/westindiestravel.com\/es\/wp-json\/wp\/v2\/comments?post=8064"}],"version-history":[{"count":4,"href":"https:\/\/westindiestravel.com\/es\/wp-json\/wp\/v2\/pages\/8064\/revisions"}],"predecessor-version":[{"id":8069,"href":"https:\/\/westindiestravel.com\/es\/wp-json\/wp\/v2\/pages\/8064\/revisions\/8069"}],"wp:attachment":[{"href":"https:\/\/westindiestravel.com\/es\/wp-json\/wp\/v2\/media?parent=8064"}],"curies":[{"name":"wp","href":"https:\/\/api.w.org\/{rel}","templated":true}]}}