{"id":7922,"date":"2023-11-28T20:01:39","date_gmt":"2023-11-29T00:01:39","guid":{"rendered":"https:\/\/westindiestravel.com\/?page_id=7922"},"modified":"2024-01-26T16:03:10","modified_gmt":"2024-01-26T20:03:10","slug":"charco-el-hippie","status":"publish","type":"page","link":"https:\/\/westindiestravel.com\/es\/charco-el-hippie\/","title":{"rendered":"Charco El Hippie"},"content":{"rendered":"<div data-elementor-type=\"wp-page\" data-elementor-id=\"7922\" class=\"elementor elementor-7922\">\n\t\t\t\t\t\t<section class=\"elementor-section elementor-top-section elementor-element elementor-element-c135bf2 elementor-section-boxed elementor-section-height-default elementor-section-height-default\" data-id=\"c135bf2\" data-element_type=\"section\" data-e-type=\"section\" data-settings=\"{&quot;background_background&quot;:&quot;classic&quot;}\">\n\t\t\t\t\t\t<div class=\"elementor-container elementor-column-gap-default\">\n\t\t\t\t\t<div class=\"elementor-column elementor-col-100 elementor-top-column elementor-element elementor-element-f904724\" data-id=\"f904724\" data-element_type=\"column\" data-e-type=\"column\">\n\t\t\t<div class=\"elementor-widget-wrap elementor-element-populated\">\n\t\t\t\t\t\t<section class=\"elementor-section elementor-inner-section elementor-element elementor-element-8966636 elementor-section-boxed elementor-section-height-default elementor-section-height-default\" data-id=\"8966636\" data-element_type=\"section\" data-e-type=\"section\">\n\t\t\t\t\t\t<div class=\"elementor-container elementor-column-gap-no\">\n\t\t\t\t\t<div class=\"elementor-column elementor-col-100 elementor-inner-column elementor-element elementor-element-0c2a78f\" data-id=\"0c2a78f\" data-element_type=\"column\" data-e-type=\"column\">\n\t\t\t<div class=\"elementor-widget-wrap elementor-element-populated\">\n\t\t\t\t\t\t<div class=\"elementor-element elementor-element-812cba0 elementor-widget elementor-widget-heading\" data-id=\"812cba0\" data-element_type=\"widget\" data-e-type=\"widget\" data-widget_type=\"heading.default\">\n\t\t\t\t<div class=\"elementor-widget-container\">\n\t\t\t\t\t<h1 class=\"elementor-heading-title elementor-size-default\">Charco El Hippie<\/h1>\t\t\t\t<\/div>\n\t\t\t\t<\/div>\n\t\t\t\t\t<\/div>\n\t\t<\/div>\n\t\t\t\t\t<\/div>\n\t\t<\/section>\n\t\t\t\t\t<\/div>\n\t\t<\/div>\n\t\t\t\t\t<\/div>\n\t\t<\/section>\n\t\t\t\t<section class=\"elementor-section elementor-top-section elementor-element elementor-element-8f9c58c elementor-section-boxed elementor-section-height-default elementor-section-height-default\" data-id=\"8f9c58c\" data-element_type=\"section\" data-e-type=\"section\" data-settings=\"{&quot;background_background&quot;:&quot;classic&quot;}\">\n\t\t\t\t\t\t<div class=\"elementor-container elementor-column-gap-default\">\n\t\t\t\t\t<div class=\"elementor-column elementor-col-100 elementor-top-column elementor-element elementor-element-75546bd\" data-id=\"75546bd\" data-element_type=\"column\" data-e-type=\"column\">\n\t\t\t<div class=\"elementor-widget-wrap elementor-element-populated\">\n\t\t\t\t\t\t<div class=\"elementor-element elementor-element-165d0a1 elementor-widget elementor-widget-image\" data-id=\"165d0a1\" data-element_type=\"widget\" data-e-type=\"widget\" data-widget_type=\"image.default\">\n\t\t\t\t<div class=\"elementor-widget-container\">\n\t\t\t\t\t\t\t\t\t\t\t\t\t\t\t<img fetchpriority=\"high\" decoding=\"async\" width=\"3456\" height=\"1946\" src=\"https:\/\/westindiestravel.com\/wp-content\/uploads\/2023\/05\/Screenshot-2023-05-22-at-6.37.15-PM.png\" class=\"attachment-full size-full wp-image-1416\" alt=\"\" srcset=\"https:\/\/westindiestravel.com\/wp-content\/uploads\/2023\/05\/Screenshot-2023-05-22-at-6.37.15-PM.png 3456w, https:\/\/westindiestravel.com\/wp-content\/uploads\/2023\/05\/Screenshot-2023-05-22-at-6.37.15-PM-300x169.png 300w, https:\/\/westindiestravel.com\/wp-content\/uploads\/2023\/05\/Screenshot-2023-05-22-at-6.37.15-PM-1024x577.png 1024w, https:\/\/westindiestravel.com\/wp-content\/uploads\/2023\/05\/Screenshot-2023-05-22-at-6.37.15-PM-768x432.png 768w, https:\/\/westindiestravel.com\/wp-content\/uploads\/2023\/05\/Screenshot-2023-05-22-at-6.37.15-PM-1536x865.png 1536w, https:\/\/westindiestravel.com\/wp-content\/uploads\/2023\/05\/Screenshot-2023-05-22-at-6.37.15-PM-2048x1153.png 2048w\" sizes=\"(max-width: 3456px) 100vw, 3456px\" \/>\t\t\t\t\t\t\t\t\t\t\t\t\t\t\t<\/div>\n\t\t\t\t<\/div>\n\t\t\t\t<div class=\"elementor-element elementor-element-5e4979e elementor--star-style-star_fontawesome elementor-widget elementor-widget-star-rating\" data-id=\"5e4979e\" data-element_type=\"widget\" data-e-type=\"widget\" data-widget_type=\"star-rating.default\">\n\t\t\t\t<div class=\"elementor-widget-container\">\n\t\t\t\t\t\t\t<div class=\"elementor-star-rating__wrapper\">\n\t\t\t\t\t\t<div class=\"elementor-star-rating\" itemtype=\"http:\/\/schema.org\/Rating\" itemscope=\"\" itemprop=\"reviewRating\">\n\t\t\t\t<i class=\"elementor-star-full\" aria-hidden=\"true\">&#xE934;<\/i><i class=\"elementor-star-full\" aria-hidden=\"true\">&#xE934;<\/i><i class=\"elementor-star-full\" aria-hidden=\"true\">&#xE934;<\/i><i class=\"elementor-star-5\" aria-hidden=\"true\">&#xE934;<\/i><i class=\"elementor-star-empty\" aria-hidden=\"true\">&#xE934;<\/i>\t\t\t\t<span itemprop=\"ratingValue\" class=\"elementor-screen-only\">Rated 3.5 out of 5<\/span>\n\t\t\t<\/div>\n\t\t<\/div>\n\t\t\t\t\t\t<\/div>\n\t\t\t\t<\/div>\n\t\t\t\t<div class=\"elementor-element elementor-element-0d111b7 elementor-widget elementor-widget-text-editor\" data-id=\"0d111b7\" data-element_type=\"widget\" data-e-type=\"widget\" data-widget_type=\"text-editor.default\">\n\t\t\t\t<div class=\"elementor-widget-container\">\n\t\t\t\t\t\t\t\t\t<p style=\"font-size: 17px; font-style: normal; font-weight: 400;\"><span style=\"font-weight: bold;\">Ubicaci\u00f3n<\/span> <a href=\"https:\/\/goo.gl\/maps\/eWfi679srcJcwy9fA\" target=\"_blank\" rel=\"noopener\">Naguabo<\/a><\/p><p style=\"font-size: 17px; font-style: normal; font-weight: 400;\"><span style=\"text-align: center; color: var( --e-global-color-text ); font-weight: bold;\">Llegar all\u00ed:\u00a0<\/span><span style=\"text-align: center; color: var( --e-global-color-text );\">Desde San Juan, conduzca 1 hora hacia el lado sur de El Yunque. Conducir\u00e1s por una peque\u00f1a carretera que atraviesa un barrio rural hasta terminar en una casa de alguien. Tendr\u00e1s que estacionar en un estacionamiento extremadamente peque\u00f1o en su propiedad por $5,00 por auto. Camine de 3 a 5 minutos subiendo una colina gradual para llegar al charco. Podr\u00e1s verlo mirando hacia abajo desde la carretera. Tendr\u00e1s que trepar por un sendero corto para llegar al agua.<\/span><\/p><p style=\"font-size: 17px; font-style: normal; font-weight: 400;\"><span style=\"font-weight: bold;\">Cosas para hacer:<\/span>\u00a0M\u00e9tete en el agua: hay un \u00e1rea poco profunda donde puedes ingresar al agua, algunas rocas poco profundas para sentarte y \u00e1reas m\u00e1s profundas para nadar. Una vez que te acerques a la peque\u00f1a cascada, sentir\u00e1s una corriente lo suficientemente fuerte como para dificultar el acceso a las aguas bravas. Salto del acantilado: hay un buen lugar para escalar la roca al otro lado del charco. Pasar\u00e1s un columpio en el camino hacia arriba. Salta recto o hacia la izquierda, hay una roca poco profunda en el lado derecho.<\/p><p style=\"font-size: 17px; font-style: normal; font-weight: 400;\"><span style=\"font-style: inherit; color: var( --e-global-color-text ); font-weight: bold;\">Aviso:<\/span><span style=\"font-style: inherit; font-weight: inherit; color: var( --e-global-color-text );\">\u00a0Antes de saltar de la roca al otro lado del charco, m\u00e9tete al agua y verifica la profundidad para saber d\u00f3nde est\u00e1 y no es seguro saltar. La primera vez que fui hab\u00eda una fila de gente esperando para saltar y salt\u00e9 varias veces. La siguiente vez salt\u00e9 una vez y un chico local me dijo que era un turista y salt\u00f3 y se rompi\u00f3 la pierna esa misma semana. Nad\u00e9 y, efectivamente, hab\u00eda una roca poco profunda a la derecha de donde saltas. El nivel del agua puede fluctuar.<\/span><\/p>\t\t\t\t\t\t\t\t<\/div>\n\t\t\t\t<\/div>\n\t\t\t\t<div class=\"elementor-element elementor-element-3ea0c5e elementor-widget elementor-widget-toggle\" data-id=\"3ea0c5e\" data-element_type=\"widget\" data-e-type=\"widget\" data-widget_type=\"toggle.default\">\n\t\t\t\t<div class=\"elementor-widget-container\">\n\t\t\t\t\t\t\t<div class=\"elementor-toggle\">\n\t\t\t\t\t\t\t<div class=\"elementor-toggle-item\">\n\t\t\t\t\t<div id=\"elementor-tab-title-6561\" class=\"elementor-tab-title\" data-tab=\"1\" role=\"button\" aria-controls=\"elementor-tab-content-6561\" aria-expanded=\"false\">\n\t\t\t\t\t\t\t\t\t\t\t\t<span class=\"elementor-toggle-icon elementor-toggle-icon-left\" aria-hidden=\"true\">\n\t\t\t\t\t\t\t\t\t\t\t\t\t\t\t<span class=\"elementor-toggle-icon-closed\"><i class=\"fas fa-caret-right\"><\/i><\/span>\n\t\t\t\t\t\t\t\t<span class=\"elementor-toggle-icon-opened\"><i class=\"elementor-toggle-icon-opened fas fa-caret-up\"><\/i><\/span>\n\t\t\t\t\t\t\t\t\t\t\t\t\t<\/span>\n\t\t\t\t\t\t\t\t\t\t\t\t<a class=\"elementor-toggle-title\" tabindex=\"0\">Pros<\/a>\n\t\t\t\t\t<\/div>\n\n\t\t\t\t\t<div id=\"elementor-tab-content-6561\" class=\"elementor-tab-content elementor-clearfix\" data-tab=\"1\" role=\"region\" aria-labelledby=\"elementor-tab-title-6561\"><ul>\n<li>Lugar de salto del acantilado.<\/li><li>Columpio.<\/li><li>Lugares a la sombra para colocar sillas.<\/li>\n<\/ul><\/div>\n\t\t\t\t<\/div>\n\t\t\t\t\t\t\t<div class=\"elementor-toggle-item\">\n\t\t\t\t\t<div id=\"elementor-tab-title-6562\" class=\"elementor-tab-title\" data-tab=\"2\" role=\"button\" aria-controls=\"elementor-tab-content-6562\" aria-expanded=\"false\">\n\t\t\t\t\t\t\t\t\t\t\t\t<span class=\"elementor-toggle-icon elementor-toggle-icon-left\" aria-hidden=\"true\">\n\t\t\t\t\t\t\t\t\t\t\t\t\t\t\t<span class=\"elementor-toggle-icon-closed\"><i class=\"fas fa-caret-right\"><\/i><\/span>\n\t\t\t\t\t\t\t\t<span class=\"elementor-toggle-icon-opened\"><i class=\"elementor-toggle-icon-opened fas fa-caret-up\"><\/i><\/span>\n\t\t\t\t\t\t\t\t\t\t\t\t\t<\/span>\n\t\t\t\t\t\t\t\t\t\t\t\t<a class=\"elementor-toggle-title\" tabindex=\"0\">Contras<\/a>\n\t\t\t\t\t<\/div>\n\n\t\t\t\t\t<div id=\"elementor-tab-content-6562\" class=\"elementor-tab-content elementor-clearfix\" data-tab=\"2\" role=\"region\" aria-labelledby=\"elementor-tab-title-6562\"><ul>\n<li>Aparcamiento estrecho y de pago.<\/li><li>Casi siempre ocupado.<\/li>\n<\/ul><\/div>\n\t\t\t\t<\/div>\n\t\t\t\t\t\t\t\t<\/div>\n\t\t\t\t\t\t<\/div>\n\t\t\t\t<\/div>\n\t\t\t\t\t<\/div>\n\t\t<\/div>\n\t\t\t\t\t<\/div>\n\t\t<\/section>\n\t\t\t\t<\/div>","protected":false},"excerpt":{"rendered":"<p>Charco El Hippie &#xE934;&#xE934;&#xE934;&#xE934;&#xE934; 3.5\/5 Location: Naguabo Getting there:\u00a0From San Juan, drive 1 hour to the south side of El Yunque. You&#8217;ll drive down a small road through a country neighborhood until it ends at someone&#8217;s house. You&#8217;ll have to park in an extremely small lot on their property for $5.00 per car. Walk 3 [&hellip;]<\/p>\n","protected":false},"author":1,"featured_media":0,"parent":0,"menu_order":0,"comment_status":"closed","ping_status":"closed","template":"","meta":{"om_disable_all_campaigns":false,"_uag_custom_page_level_css":"","_monsterinsights_skip_tracking":false,"_monsterinsights_sitenote_active":false,"_monsterinsights_sitenote_note":"","_monsterinsights_sitenote_category":0,"_uf_show_specific_survey":0,"_uf_disable_surveys":false,"site-sidebar-layout":"no-sidebar","site-content-layout":"page-builder","ast-site-content-layout":"default","site-content-style":"default","site-sidebar-style":"default","ast-global-header-display":"","ast-banner-title-visibility":"","ast-main-header-display":"","ast-hfb-above-header-display":"","ast-hfb-below-header-display":"","ast-hfb-mobile-header-display":"","site-post-title":"disabled","ast-breadcrumbs-content":"","ast-featured-img":"disabled","footer-sml-layout":"","theme-transparent-header-meta":"","adv-header-id-meta":"","stick-header-meta":"","header-above-stick-meta":"","header-main-stick-meta":"","header-below-stick-meta":"","astra-migrate-meta-layouts":"set","ast-page-background-enabled":"default","ast-page-background-meta":{"desktop":{"background-color":"","background-image":"","background-repeat":"repeat","background-position":"center center","background-size":"auto","background-attachment":"scroll","background-type":"","background-media":"","overlay-type":"","overlay-color":"","overlay-opacity":"","overlay-gradient":""},"tablet":{"background-color":"","background-image":"","background-repeat":"repeat","background-position":"center center","background-size":"auto","background-attachment":"scroll","background-type":"","background-media":"","overlay-type":"","overlay-color":"","overlay-opacity":"","overlay-gradient":""},"mobile":{"background-color":"","background-image":"","background-repeat":"repeat","background-position":"center center","background-size":"auto","background-attachment":"scroll","background-type":"","background-media":"","overlay-type":"","overlay-color":"","overlay-opacity":"","overlay-gradient":""}},"ast-content-background-meta":{"desktop":{"background-color":"var(--ast-global-color-5)","background-image":"","background-repeat":"repeat","background-position":"center center","background-size":"auto","background-attachment":"scroll","background-type":"","background-media":"","overlay-type":"","overlay-color":"","overlay-opacity":"","overlay-gradient":""},"tablet":{"background-color":"var(--ast-global-color-5)","background-image":"","background-repeat":"repeat","background-position":"center center","background-size":"auto","background-attachment":"scroll","background-type":"","background-media":"","overlay-type":"","overlay-color":"","overlay-opacity":"","overlay-gradient":""},"mobile":{"background-color":"var(--ast-global-color-5)","background-image":"","background-repeat":"repeat","background-position":"center center","background-size":"auto","background-attachment":"scroll","background-type":"","background-media":"","overlay-type":"","overlay-color":"","overlay-opacity":"","overlay-gradient":""}},"footnotes":""},"class_list":["post-7922","page","type-page","status-publish","hentry"],"yoast_head":"<!-- This site is optimized with the Yoast SEO plugin v27.4 - https:\/\/yoast.com\/product\/yoast-seo-wordpress\/ -->\n<title>Charco El Hippie | Puerto Rico<\/title>\n<meta name=\"description\" content=\"A popular spot on the outskirts of El Yunque National Forest. A small waterfall sits next to some rocks that are perfect to jump off.\" \/>\n<meta name=\"robots\" content=\"index, follow, max-snippet:-1, max-image-preview:large, max-video-preview:-1\" \/>\n<link rel=\"canonical\" href=\"https:\/\/westindiestravel.com\/es\/charco-el-hippie\/\" \/>\n<meta property=\"og:locale\" content=\"es_ES\" \/>\n<meta property=\"og:type\" content=\"article\" \/>\n<meta property=\"og:title\" content=\"Charco El Hippie | Puerto Rico\" \/>\n<meta property=\"og:description\" content=\"A popular spot on the outskirts of El Yunque National Forest. A small waterfall sits next to some rocks that are perfect to jump off.\" \/>\n<meta property=\"og:url\" content=\"https:\/\/westindiestravel.com\/es\/charco-el-hippie\/\" \/>\n<meta property=\"og:site_name\" content=\"West Indies Travel\" \/>\n<meta property=\"article:modified_time\" content=\"2024-01-26T20:03:10+00:00\" \/>\n<meta property=\"og:image\" content=\"https:\/\/westindiestravel.com\/wp-content\/uploads\/2023\/05\/Screenshot-2023-05-22-at-6.37.15-PM.png\" \/>\n<meta name=\"twitter:card\" content=\"summary_large_image\" \/>\n<meta name=\"twitter:label1\" content=\"Est. reading time\" \/>\n\t<meta name=\"twitter:data1\" content=\"2 minutos\" \/>\n<script type=\"application\/ld+json\" class=\"yoast-schema-graph\">{\"@context\":\"https:\\\/\\\/schema.org\",\"@graph\":[{\"@type\":\"WebPage\",\"@id\":\"https:\\\/\\\/westindiestravel.com\\\/charco-el-hippie\\\/\",\"url\":\"https:\\\/\\\/westindiestravel.com\\\/charco-el-hippie\\\/\",\"name\":\"Charco El Hippie | Puerto Rico\",\"isPartOf\":{\"@id\":\"https:\\\/\\\/westindiestravel.com\\\/#website\"},\"primaryImageOfPage\":{\"@id\":\"https:\\\/\\\/westindiestravel.com\\\/charco-el-hippie\\\/#primaryimage\"},\"image\":{\"@id\":\"https:\\\/\\\/westindiestravel.com\\\/charco-el-hippie\\\/#primaryimage\"},\"thumbnailUrl\":\"https:\\\/\\\/westindiestravel.com\\\/wp-content\\\/uploads\\\/2023\\\/05\\\/Screenshot-2023-05-22-at-6.37.15-PM.png\",\"datePublished\":\"2023-11-29T00:01:39+00:00\",\"dateModified\":\"2024-01-26T20:03:10+00:00\",\"description\":\"A popular spot on the outskirts of El Yunque National Forest. A small waterfall sits next to some rocks that are perfect to jump off.\",\"breadcrumb\":{\"@id\":\"https:\\\/\\\/westindiestravel.com\\\/charco-el-hippie\\\/#breadcrumb\"},\"inLanguage\":\"es\",\"potentialAction\":[{\"@type\":\"ReadAction\",\"target\":[\"https:\\\/\\\/westindiestravel.com\\\/charco-el-hippie\\\/\"]}]},{\"@type\":\"ImageObject\",\"inLanguage\":\"es\",\"@id\":\"https:\\\/\\\/westindiestravel.com\\\/charco-el-hippie\\\/#primaryimage\",\"url\":\"https:\\\/\\\/westindiestravel.com\\\/wp-content\\\/uploads\\\/2023\\\/05\\\/Screenshot-2023-05-22-at-6.37.15-PM.png\",\"contentUrl\":\"https:\\\/\\\/westindiestravel.com\\\/wp-content\\\/uploads\\\/2023\\\/05\\\/Screenshot-2023-05-22-at-6.37.15-PM.png\"},{\"@type\":\"BreadcrumbList\",\"@id\":\"https:\\\/\\\/westindiestravel.com\\\/charco-el-hippie\\\/#breadcrumb\",\"itemListElement\":[{\"@type\":\"ListItem\",\"position\":1,\"name\":\"Home\",\"item\":\"https:\\\/\\\/westindiestravel.com\\\/\"},{\"@type\":\"ListItem\",\"position\":2,\"name\":\"Charco El Hippie\"}]},{\"@type\":\"WebSite\",\"@id\":\"https:\\\/\\\/westindiestravel.com\\\/#website\",\"url\":\"https:\\\/\\\/westindiestravel.com\\\/\",\"name\":\"West Indies Travel\",\"description\":\"Puerto Rico Travel Guide\",\"publisher\":{\"@id\":\"https:\\\/\\\/westindiestravel.com\\\/#organization\"},\"potentialAction\":[{\"@type\":\"SearchAction\",\"target\":{\"@type\":\"EntryPoint\",\"urlTemplate\":\"https:\\\/\\\/westindiestravel.com\\\/?s={search_term_string}\"},\"query-input\":{\"@type\":\"PropertyValueSpecification\",\"valueRequired\":true,\"valueName\":\"search_term_string\"}}],\"inLanguage\":\"es\"},{\"@type\":\"Organization\",\"@id\":\"https:\\\/\\\/westindiestravel.com\\\/#organization\",\"name\":\"West Indies Travel\",\"url\":\"https:\\\/\\\/westindiestravel.com\\\/\",\"logo\":{\"@type\":\"ImageObject\",\"inLanguage\":\"es\",\"@id\":\"https:\\\/\\\/westindiestravel.com\\\/#\\\/schema\\\/logo\\\/image\\\/\",\"url\":\"https:\\\/\\\/westindiestravel.com\\\/wp-content\\\/uploads\\\/2023\\\/06\\\/WIT-logo-2.png\",\"contentUrl\":\"https:\\\/\\\/westindiestravel.com\\\/wp-content\\\/uploads\\\/2023\\\/06\\\/WIT-logo-2.png\",\"width\":1640,\"height\":924,\"caption\":\"West Indies Travel\"},\"image\":{\"@id\":\"https:\\\/\\\/westindiestravel.com\\\/#\\\/schema\\\/logo\\\/image\\\/\"},\"sameAs\":[\"https:\\\/\\\/www.tiktok.com\\\/@westindiestravel\",\"https:\\\/\\\/www.instagram.com\\\/westindiestravel\\\/\",\"https:\\\/\\\/www.youtube.com\\\/channel\\\/UCHGwDgn5f7PyNfbT18Uwasw\",\"https:\\\/\\\/www.pinterest.com\\\/westindiestravelguide\\\/\"]}]}<\/script>\n<!-- \/ Yoast SEO plugin. -->","yoast_head_json":{"title":"Charco El Hippie | Puerto Rico","description":"A popular spot on the outskirts of El Yunque National Forest. A small waterfall sits next to some rocks that are perfect to jump off.","robots":{"index":"index","follow":"follow","max-snippet":"max-snippet:-1","max-image-preview":"max-image-preview:large","max-video-preview":"max-video-preview:-1"},"canonical":"https:\/\/westindiestravel.com\/es\/charco-el-hippie\/","og_locale":"es_ES","og_type":"article","og_title":"Charco El Hippie | Puerto Rico","og_description":"A popular spot on the outskirts of El Yunque National Forest. A small waterfall sits next to some rocks that are perfect to jump off.","og_url":"https:\/\/westindiestravel.com\/es\/charco-el-hippie\/","og_site_name":"West Indies Travel","article_modified_time":"2024-01-26T20:03:10+00:00","og_image":[{"url":"https:\/\/westindiestravel.com\/wp-content\/uploads\/2023\/05\/Screenshot-2023-05-22-at-6.37.15-PM.png","type":"","width":"","height":""}],"twitter_card":"summary_large_image","twitter_misc":{"Est. reading time":"2 minutos"},"schema":{"@context":"https:\/\/schema.org","@graph":[{"@type":"WebPage","@id":"https:\/\/westindiestravel.com\/charco-el-hippie\/","url":"https:\/\/westindiestravel.com\/charco-el-hippie\/","name":"Charco El Hippie | Puerto Rico","isPartOf":{"@id":"https:\/\/westindiestravel.com\/#website"},"primaryImageOfPage":{"@id":"https:\/\/westindiestravel.com\/charco-el-hippie\/#primaryimage"},"image":{"@id":"https:\/\/westindiestravel.com\/charco-el-hippie\/#primaryimage"},"thumbnailUrl":"https:\/\/westindiestravel.com\/wp-content\/uploads\/2023\/05\/Screenshot-2023-05-22-at-6.37.15-PM.png","datePublished":"2023-11-29T00:01:39+00:00","dateModified":"2024-01-26T20:03:10+00:00","description":"A popular spot on the outskirts of El Yunque National Forest. A small waterfall sits next to some rocks that are perfect to jump off.","breadcrumb":{"@id":"https:\/\/westindiestravel.com\/charco-el-hippie\/#breadcrumb"},"inLanguage":"es","potentialAction":[{"@type":"ReadAction","target":["https:\/\/westindiestravel.com\/charco-el-hippie\/"]}]},{"@type":"ImageObject","inLanguage":"es","@id":"https:\/\/westindiestravel.com\/charco-el-hippie\/#primaryimage","url":"https:\/\/westindiestravel.com\/wp-content\/uploads\/2023\/05\/Screenshot-2023-05-22-at-6.37.15-PM.png","contentUrl":"https:\/\/westindiestravel.com\/wp-content\/uploads\/2023\/05\/Screenshot-2023-05-22-at-6.37.15-PM.png"},{"@type":"BreadcrumbList","@id":"https:\/\/westindiestravel.com\/charco-el-hippie\/#breadcrumb","itemListElement":[{"@type":"ListItem","position":1,"name":"Home","item":"https:\/\/westindiestravel.com\/"},{"@type":"ListItem","position":2,"name":"Charco El Hippie"}]},{"@type":"WebSite","@id":"https:\/\/westindiestravel.com\/#website","url":"https:\/\/westindiestravel.com\/","name":"West Indies Travel","description":"Gu\u00eda de viaje de Puerto Rico","publisher":{"@id":"https:\/\/westindiestravel.com\/#organization"},"potentialAction":[{"@type":"SearchAction","target":{"@type":"EntryPoint","urlTemplate":"https:\/\/westindiestravel.com\/?s={search_term_string}"},"query-input":{"@type":"PropertyValueSpecification","valueRequired":true,"valueName":"search_term_string"}}],"inLanguage":"es"},{"@type":"Organization","@id":"https:\/\/westindiestravel.com\/#organization","name":"West Indies Travel","url":"https:\/\/westindiestravel.com\/","logo":{"@type":"ImageObject","inLanguage":"es","@id":"https:\/\/westindiestravel.com\/#\/schema\/logo\/image\/","url":"https:\/\/westindiestravel.com\/wp-content\/uploads\/2023\/06\/WIT-logo-2.png","contentUrl":"https:\/\/westindiestravel.com\/wp-content\/uploads\/2023\/06\/WIT-logo-2.png","width":1640,"height":924,"caption":"West Indies Travel"},"image":{"@id":"https:\/\/westindiestravel.com\/#\/schema\/logo\/image\/"},"sameAs":["https:\/\/www.tiktok.com\/@westindiestravel","https:\/\/www.instagram.com\/westindiestravel\/","https:\/\/www.youtube.com\/channel\/UCHGwDgn5f7PyNfbT18Uwasw","https:\/\/www.pinterest.com\/westindiestravelguide\/"]}]}},"uagb_featured_image_src":{"full":false,"thumbnail":false,"medium":false,"medium_large":false,"large":false,"1536x1536":false,"2048x2048":false,"trp-custom-language-flag":false},"uagb_author_info":{"display_name":"Zach","author_link":"https:\/\/westindiestravel.com\/es\/author\/terrestrialtemplegmail-com\/"},"uagb_comment_info":0,"uagb_excerpt":"Charco El Hippie &#xE934;&#xE934;&#xE934;&#xE934;&#xE934; 3.5\/5 Location: Naguabo Getting there:\u00a0From San Juan, drive 1 hour to the south side of El Yunque. You&#8217;ll drive down a small road through a country neighborhood until it ends at someone&#8217;s house. You&#8217;ll have to park in an extremely small lot on their property for $5.00 per car. Walk 3&hellip;","jetpack_sharing_enabled":true,"_links":{"self":[{"href":"https:\/\/westindiestravel.com\/es\/wp-json\/wp\/v2\/pages\/7922","targetHints":{"allow":["GET"]}}],"collection":[{"href":"https:\/\/westindiestravel.com\/es\/wp-json\/wp\/v2\/pages"}],"about":[{"href":"https:\/\/westindiestravel.com\/es\/wp-json\/wp\/v2\/types\/page"}],"author":[{"embeddable":true,"href":"https:\/\/westindiestravel.com\/es\/wp-json\/wp\/v2\/users\/1"}],"replies":[{"embeddable":true,"href":"https:\/\/westindiestravel.com\/es\/wp-json\/wp\/v2\/comments?post=7922"}],"version-history":[{"count":4,"href":"https:\/\/westindiestravel.com\/es\/wp-json\/wp\/v2\/pages\/7922\/revisions"}],"predecessor-version":[{"id":7926,"href":"https:\/\/westindiestravel.com\/es\/wp-json\/wp\/v2\/pages\/7922\/revisions\/7926"}],"wp:attachment":[{"href":"https:\/\/westindiestravel.com\/es\/wp-json\/wp\/v2\/media?parent=7922"}],"curies":[{"name":"wp","href":"https:\/\/api.w.org\/{rel}","templated":true}]}}