{"id":7864,"date":"2023-11-28T00:52:50","date_gmt":"2023-11-28T04:52:50","guid":{"rendered":"https:\/\/westindiestravel.com\/?page_id=7864"},"modified":"2024-02-19T15:20:00","modified_gmt":"2024-02-19T19:20:00","slug":"sand-caves","status":"publish","type":"page","link":"https:\/\/westindiestravel.com\/es\/sand-caves\/","title":{"rendered":"Cuevas Arenales"},"content":{"rendered":"<div data-elementor-type=\"wp-page\" data-elementor-id=\"7864\" class=\"elementor elementor-7864\">\n\t\t\t\t\t\t<section class=\"elementor-section elementor-top-section elementor-element elementor-element-c135bf2 elementor-section-boxed elementor-section-height-default elementor-section-height-default\" data-id=\"c135bf2\" data-element_type=\"section\" data-e-type=\"section\" data-settings=\"{&quot;background_background&quot;:&quot;classic&quot;}\">\n\t\t\t\t\t\t<div class=\"elementor-container elementor-column-gap-default\">\n\t\t\t\t\t<div class=\"elementor-column elementor-col-100 elementor-top-column elementor-element elementor-element-f904724\" data-id=\"f904724\" data-element_type=\"column\" data-e-type=\"column\">\n\t\t\t<div class=\"elementor-widget-wrap elementor-element-populated\">\n\t\t\t\t\t\t<section class=\"elementor-section elementor-inner-section elementor-element elementor-element-8966636 elementor-section-boxed elementor-section-height-default elementor-section-height-default\" data-id=\"8966636\" data-element_type=\"section\" data-e-type=\"section\">\n\t\t\t\t\t\t<div class=\"elementor-container elementor-column-gap-no\">\n\t\t\t\t\t<div class=\"elementor-column elementor-col-100 elementor-inner-column elementor-element elementor-element-0c2a78f\" data-id=\"0c2a78f\" data-element_type=\"column\" data-e-type=\"column\">\n\t\t\t<div class=\"elementor-widget-wrap elementor-element-populated\">\n\t\t\t\t\t\t<div class=\"elementor-element elementor-element-812cba0 elementor-widget elementor-widget-heading\" data-id=\"812cba0\" data-element_type=\"widget\" data-e-type=\"widget\" data-widget_type=\"heading.default\">\n\t\t\t\t<div class=\"elementor-widget-container\">\n\t\t\t\t\t<h1 class=\"elementor-heading-title elementor-size-default\">Cuevas Arenales<\/h1>\t\t\t\t<\/div>\n\t\t\t\t<\/div>\n\t\t\t\t\t<\/div>\n\t\t<\/div>\n\t\t\t\t\t<\/div>\n\t\t<\/section>\n\t\t\t\t\t<\/div>\n\t\t<\/div>\n\t\t\t\t\t<\/div>\n\t\t<\/section>\n\t\t\t\t<section class=\"elementor-section elementor-top-section elementor-element elementor-element-8f9c58c elementor-section-boxed elementor-section-height-default elementor-section-height-default\" data-id=\"8f9c58c\" data-element_type=\"section\" data-e-type=\"section\" data-settings=\"{&quot;background_background&quot;:&quot;classic&quot;}\">\n\t\t\t\t\t\t<div class=\"elementor-container elementor-column-gap-default\">\n\t\t\t\t\t<div class=\"elementor-column elementor-col-100 elementor-top-column elementor-element elementor-element-75546bd\" data-id=\"75546bd\" data-element_type=\"column\" data-e-type=\"column\">\n\t\t\t<div class=\"elementor-widget-wrap elementor-element-populated\">\n\t\t\t\t\t\t<div class=\"elementor-element elementor-element-0def753 elementor-widget elementor-widget-image\" data-id=\"0def753\" data-element_type=\"widget\" data-e-type=\"widget\" data-widget_type=\"image.default\">\n\t\t\t\t<div class=\"elementor-widget-container\">\n\t\t\t\t\t\t\t\t\t\t\t\t\t\t\t<img fetchpriority=\"high\" decoding=\"async\" width=\"2560\" height=\"1440\" src=\"https:\/\/westindiestravel.com\/wp-content\/uploads\/2023\/05\/cuevas-arenales-scaled.jpeg\" class=\"attachment-full size-full wp-image-1415\" alt=\"\" srcset=\"https:\/\/westindiestravel.com\/wp-content\/uploads\/2023\/05\/cuevas-arenales-scaled.jpeg 2560w, https:\/\/westindiestravel.com\/wp-content\/uploads\/2023\/05\/cuevas-arenales-300x169.jpeg 300w, https:\/\/westindiestravel.com\/wp-content\/uploads\/2023\/05\/cuevas-arenales-1024x576.jpeg 1024w, https:\/\/westindiestravel.com\/wp-content\/uploads\/2023\/05\/cuevas-arenales-768x432.jpeg 768w, https:\/\/westindiestravel.com\/wp-content\/uploads\/2023\/05\/cuevas-arenales-1536x864.jpeg 1536w, https:\/\/westindiestravel.com\/wp-content\/uploads\/2023\/05\/cuevas-arenales-2048x1152.jpeg 2048w\" sizes=\"(max-width: 2560px) 100vw, 2560px\" \/>\t\t\t\t\t\t\t\t\t\t\t\t\t\t\t<\/div>\n\t\t\t\t<\/div>\n\t\t\t\t<div class=\"elementor-element elementor-element-5e4979e elementor--star-style-star_fontawesome elementor-widget elementor-widget-star-rating\" data-id=\"5e4979e\" data-element_type=\"widget\" data-e-type=\"widget\" data-widget_type=\"star-rating.default\">\n\t\t\t\t<div class=\"elementor-widget-container\">\n\t\t\t\t\t\t\t<div class=\"elementor-star-rating__wrapper\">\n\t\t\t\t\t\t<div class=\"elementor-star-rating\" itemtype=\"http:\/\/schema.org\/Rating\" itemscope=\"\" itemprop=\"reviewRating\">\n\t\t\t\t<i class=\"elementor-star-full\" aria-hidden=\"true\">&#xE934;<\/i><i class=\"elementor-star-full\" aria-hidden=\"true\">&#xE934;<\/i><i class=\"elementor-star-full\" aria-hidden=\"true\">&#xE934;<\/i><i class=\"elementor-star-full\" aria-hidden=\"true\">&#xE934;<\/i><i class=\"elementor-star-empty\" aria-hidden=\"true\">&#xE934;<\/i>\t\t\t\t<span itemprop=\"ratingValue\" class=\"elementor-screen-only\">Rated 4 out of 5<\/span>\n\t\t\t<\/div>\n\t\t<\/div>\n\t\t\t\t\t\t<\/div>\n\t\t\t\t<\/div>\n\t\t\t\t<div class=\"elementor-element elementor-element-0d111b7 elementor-widget elementor-widget-text-editor\" data-id=\"0d111b7\" data-element_type=\"widget\" data-e-type=\"widget\" data-widget_type=\"text-editor.default\">\n\t\t\t\t<div class=\"elementor-widget-container\">\n\t\t\t\t\t\t\t\t\t<p style=\"font-size: 17px; font-style: normal; font-weight: 400;\"><span style=\"font-weight: bold;\">Ubicaci\u00f3n<\/span> <a href=\"https:\/\/goo.gl\/maps\/pF1CiR4KsxSmVcxF8\" target=\"_blank\" rel=\"noopener\">Vega Baja<\/a>\/Morovis<\/p><p style=\"font-size: 17px; font-style: normal; font-weight: 400;\"><span style=\"text-align: center; color: var( --e-global-color-text ); font-weight: bold;\">Llegar all\u00ed:\u00a0<\/span><span style=\"text-align: center; color: var( --e-global-color-text );\">Desde San Juan, conduzca 45 minutos al suroeste hasta el l\u00edmite de los municipios de Vega Baja y Morovis.\u00a0<\/span><span style=\"text-align: center; color: var( --e-global-color-text ); font-size: 1rem;\">Estacione <a href=\"https:\/\/maps.app.goo.gl\/pjHmLJ8yFeCZ5Y7r5\" target=\"_blank\" rel=\"noopener\">aqu\u00ed<\/a>, en una bonita propiedad para parejas (Junior y Diana). Cuesta $5.00 por auto.<\/span><span style=\"text-align: center; color: var( --e-global-color-text ); font-size: 1rem;\">Estacione en la carretera m\u00e1s cercana al comienzo del sendero bajo su propia responsabilidad, ya que el robo aparentemente es un problema aqu\u00ed.\u00a0<\/span><span style=\"color: var( --e-global-color-text ); font-size: 1rem; text-align: center;\">Bajamos por una calle empinada que se nivela y termina desembocando en el r\u00edo. Hay lugares para estacionar aqu\u00ed, pero el camino es extremadamente empinado y he escuchado que los autos com\u00fanmente no pueden regresar y necesitan ser remolcados. A menos que tengas un veh\u00edculo todoterreno serio que pueda afrontar una carretera muy empinada, no lo intentes. Camine a trav\u00e9s del arroyo hasta que sea lo suficientemente profundo como para necesitar nadar; en breve lo llevar\u00e1 a una cueva de techo alto.<\/span><\/p><p style=\"font-size: 17px; font-style: normal; font-weight: 400;\"><span style=\"font-weight: bold;\">Cosas para hacer:<\/span>\u00a0Explorar: nada hacia la cueva, hay una roca lo suficientemente grande como para que se sienten algunas personas. Contin\u00fae hasta el final donde el arroyo fluye hacia la caverna. Puedes salir y caminar a lo largo y a trav\u00e9s del arroyo. No hay mucho que ver, pero hay algunos lugares diferentes para relajarse en el agua, as\u00ed como un gran dep\u00f3sito de arcilla en el que puedes excavar para frotarte la piel. Salto de acantilado: hay varios lugares para saltar al agua. Hay una manera de subir hasta lo m\u00e1s alto de la \u201ccueva\u201d y saltar. Tambi\u00e9n puedes subir a la secci\u00f3n superior de la cueva en algunos lugares diferentes y saltar al medio de la cueva, cerca de donde est\u00e1 la roca en el fondo donde puedes sentarte. Como siempre, \u00a1prueba de profundidad antes de saltar! Nadar: si traes gafas, podr\u00e1s ver algunos peces de colores de colores y otros peces interesantes cerca de la cueva. Tambi\u00e9n vi un enorme camar\u00f3n de agua dulce del tama\u00f1o de una langosta en la cueva. Aparentemente hay algunas cuevas y t\u00faneles submarinos por los que puedes nadar.<\/p><p style=\"font-size: 17px; font-style: normal; font-weight: 400;\"><span style=\"font-style: inherit; color: var( --e-global-color-text ); font-weight: bold;\">Aviso:<\/span><span style=\"font-style: inherit; font-weight: inherit; color: var( --e-global-color-text );\">\u00a0Siempre verifique la profundidad antes de saltar al agua, el agua fluct\u00faa. Tienes que probar uno de los limbers de Diana (la casa donde estacionas). Son incre\u00edbles y solo cuestan $1.00.<\/span><\/p>\t\t\t\t\t\t\t\t<\/div>\n\t\t\t\t<\/div>\n\t\t\t\t<div class=\"elementor-element elementor-element-3ea0c5e elementor-widget elementor-widget-toggle\" data-id=\"3ea0c5e\" data-element_type=\"widget\" data-e-type=\"widget\" data-widget_type=\"toggle.default\">\n\t\t\t\t<div class=\"elementor-widget-container\">\n\t\t\t\t\t\t\t<div class=\"elementor-toggle\">\n\t\t\t\t\t\t\t<div class=\"elementor-toggle-item\">\n\t\t\t\t\t<div id=\"elementor-tab-title-6561\" class=\"elementor-tab-title\" data-tab=\"1\" role=\"button\" aria-controls=\"elementor-tab-content-6561\" aria-expanded=\"false\">\n\t\t\t\t\t\t\t\t\t\t\t\t<span class=\"elementor-toggle-icon elementor-toggle-icon-left\" aria-hidden=\"true\">\n\t\t\t\t\t\t\t\t\t\t\t\t\t\t\t<span class=\"elementor-toggle-icon-closed\"><i class=\"fas fa-caret-right\"><\/i><\/span>\n\t\t\t\t\t\t\t\t<span class=\"elementor-toggle-icon-opened\"><i class=\"elementor-toggle-icon-opened fas fa-caret-up\"><\/i><\/span>\n\t\t\t\t\t\t\t\t\t\t\t\t\t<\/span>\n\t\t\t\t\t\t\t\t\t\t\t\t<a class=\"elementor-toggle-title\" tabindex=\"0\">Pros<\/a>\n\t\t\t\t\t<\/div>\n\n\t\t\t\t\t<div id=\"elementor-tab-content-6561\" class=\"elementor-tab-content elementor-clearfix\" data-tab=\"1\" role=\"region\" aria-labelledby=\"elementor-tab-title-6561\"><ul><li>Ubicaci\u00f3n pintoresca y \u00fanica.<\/li><li>Limbers.<\/li><li>Lugares para nadar y saltar desde acantilados.<\/li><\/ul><\/div>\n\t\t\t\t<\/div>\n\t\t\t\t\t\t\t<div class=\"elementor-toggle-item\">\n\t\t\t\t\t<div id=\"elementor-tab-title-6562\" class=\"elementor-tab-title\" data-tab=\"2\" role=\"button\" aria-controls=\"elementor-tab-content-6562\" aria-expanded=\"false\">\n\t\t\t\t\t\t\t\t\t\t\t\t<span class=\"elementor-toggle-icon elementor-toggle-icon-left\" aria-hidden=\"true\">\n\t\t\t\t\t\t\t\t\t\t\t\t\t\t\t<span class=\"elementor-toggle-icon-closed\"><i class=\"fas fa-caret-right\"><\/i><\/span>\n\t\t\t\t\t\t\t\t<span class=\"elementor-toggle-icon-opened\"><i class=\"elementor-toggle-icon-opened fas fa-caret-up\"><\/i><\/span>\n\t\t\t\t\t\t\t\t\t\t\t\t\t<\/span>\n\t\t\t\t\t\t\t\t\t\t\t\t<a class=\"elementor-toggle-title\" tabindex=\"0\">Contras<\/a>\n\t\t\t\t\t<\/div>\n\n\t\t\t\t\t<div id=\"elementor-tab-content-6562\" class=\"elementor-tab-content elementor-clearfix\" data-tab=\"2\" role=\"region\" aria-labelledby=\"elementor-tab-title-6562\"><ul><li>El aparcamiento gratuito no es seguro.<\/li><li>El paseo es muy empinado.<\/li><\/ul><\/div>\n\t\t\t\t<\/div>\n\t\t\t\t\t\t\t\t<\/div>\n\t\t\t\t\t\t<\/div>\n\t\t\t\t<\/div>\n\t\t\t\t\t<\/div>\n\t\t<\/div>\n\t\t\t\t\t<\/div>\n\t\t<\/section>\n\t\t\t\t<section class=\"elementor-section elementor-top-section elementor-element elementor-element-4a15df7 elementor-section-boxed elementor-section-height-default elementor-section-height-default\" data-id=\"4a15df7\" data-element_type=\"section\" data-e-type=\"section\" data-settings=\"{&quot;background_background&quot;:&quot;classic&quot;}\">\n\t\t\t\t\t\t<div class=\"elementor-container elementor-column-gap-default\">\n\t\t\t\t\t<div class=\"elementor-column elementor-col-100 elementor-top-column elementor-element elementor-element-362455d\" data-id=\"362455d\" data-element_type=\"column\" data-e-type=\"column\">\n\t\t\t<div class=\"elementor-widget-wrap elementor-element-populated\">\n\t\t\t\t\t\t<div class=\"elementor-element elementor-element-61430de elementor-widget elementor-widget-video\" data-id=\"61430de\" data-element_type=\"widget\" data-e-type=\"widget\" data-settings=\"{&quot;youtube_url&quot;:&quot;https:\\\/\\\/youtu.be\\\/nJ9JtKbF8go&quot;,&quot;video_type&quot;:&quot;youtube&quot;,&quot;controls&quot;:&quot;yes&quot;}\" data-widget_type=\"video.default\">\n\t\t\t\t<div class=\"elementor-widget-container\">\n\t\t\t\t\t\t\t<div class=\"elementor-wrapper elementor-open-inline\">\n\t\t\t<div class=\"elementor-video\"><\/div>\t\t<\/div>\n\t\t\t\t\t\t<\/div>\n\t\t\t\t<\/div>\n\t\t\t\t\t<\/div>\n\t\t<\/div>\n\t\t\t\t\t<\/div>\n\t\t<\/section>\n\t\t\t\t<\/div>","protected":false},"excerpt":{"rendered":"<p>Sand Caves &#xE934;&#xE934;&#xE934;&#xE934;&#xE934; 4\/5 Location: Vega Baja\/Morovis Getting there:\u00a0From San Juan, drive 45 minutes southwest to the border of the municipalities of Vega Baja and Morovis.\u00a0Park here, on a nice couples&#8217; property (Junior and Diana). It costs $5.00 per car. Park on the road closer to the trailhead at your own risk as theft is [&hellip;]<\/p>\n","protected":false},"author":1,"featured_media":0,"parent":0,"menu_order":0,"comment_status":"closed","ping_status":"closed","template":"","meta":{"om_disable_all_campaigns":false,"_uag_custom_page_level_css":"","_monsterinsights_skip_tracking":false,"_monsterinsights_sitenote_active":false,"_monsterinsights_sitenote_note":"","_monsterinsights_sitenote_category":0,"_uf_show_specific_survey":0,"_uf_disable_surveys":false,"site-sidebar-layout":"no-sidebar","site-content-layout":"page-builder","ast-site-content-layout":"default","site-content-style":"default","site-sidebar-style":"default","ast-global-header-display":"","ast-banner-title-visibility":"","ast-main-header-display":"","ast-hfb-above-header-display":"","ast-hfb-below-header-display":"","ast-hfb-mobile-header-display":"","site-post-title":"disabled","ast-breadcrumbs-content":"","ast-featured-img":"disabled","footer-sml-layout":"","theme-transparent-header-meta":"","adv-header-id-meta":"","stick-header-meta":"","header-above-stick-meta":"","header-main-stick-meta":"","header-below-stick-meta":"","astra-migrate-meta-layouts":"set","ast-page-background-enabled":"default","ast-page-background-meta":{"desktop":{"background-color":"","background-image":"","background-repeat":"repeat","background-position":"center center","background-size":"auto","background-attachment":"scroll","background-type":"","background-media":"","overlay-type":"","overlay-color":"","overlay-opacity":"","overlay-gradient":""},"tablet":{"background-color":"","background-image":"","background-repeat":"repeat","background-position":"center center","background-size":"auto","background-attachment":"scroll","background-type":"","background-media":"","overlay-type":"","overlay-color":"","overlay-opacity":"","overlay-gradient":""},"mobile":{"background-color":"","background-image":"","background-repeat":"repeat","background-position":"center center","background-size":"auto","background-attachment":"scroll","background-type":"","background-media":"","overlay-type":"","overlay-color":"","overlay-opacity":"","overlay-gradient":""}},"ast-content-background-meta":{"desktop":{"background-color":"var(--ast-global-color-5)","background-image":"","background-repeat":"repeat","background-position":"center center","background-size":"auto","background-attachment":"scroll","background-type":"","background-media":"","overlay-type":"","overlay-color":"","overlay-opacity":"","overlay-gradient":""},"tablet":{"background-color":"var(--ast-global-color-5)","background-image":"","background-repeat":"repeat","background-position":"center center","background-size":"auto","background-attachment":"scroll","background-type":"","background-media":"","overlay-type":"","overlay-color":"","overlay-opacity":"","overlay-gradient":""},"mobile":{"background-color":"var(--ast-global-color-5)","background-image":"","background-repeat":"repeat","background-position":"center center","background-size":"auto","background-attachment":"scroll","background-type":"","background-media":"","overlay-type":"","overlay-color":"","overlay-opacity":"","overlay-gradient":""}},"footnotes":""},"class_list":["post-7864","page","type-page","status-publish","hentry"],"yoast_head":"<!-- This site is optimized with the Yoast SEO plugin v27.4 - https:\/\/yoast.com\/product\/yoast-seo-wordpress\/ -->\n<title>Sand Caves | (Charco Azul) | Vega Baja, Puerto Rico<\/title>\n<meta name=\"description\" content=\"The Cuevas Arenales, or Charco Azul, is one of the most stunning swimming holes in all of Puerto Rico.\" \/>\n<meta name=\"robots\" content=\"index, follow, max-snippet:-1, max-image-preview:large, max-video-preview:-1\" \/>\n<link rel=\"canonical\" href=\"https:\/\/westindiestravel.com\/es\/sand-caves\/\" \/>\n<meta property=\"og:locale\" content=\"es_ES\" \/>\n<meta property=\"og:type\" content=\"article\" \/>\n<meta property=\"og:title\" content=\"Sand Caves | (Charco Azul) | Vega Baja, Puerto Rico\" \/>\n<meta property=\"og:description\" content=\"The Cuevas Arenales, or Charco Azul, is one of the most stunning swimming holes in all of Puerto Rico.\" \/>\n<meta property=\"og:url\" content=\"https:\/\/westindiestravel.com\/es\/sand-caves\/\" \/>\n<meta property=\"og:site_name\" content=\"West Indies Travel\" \/>\n<meta property=\"article:modified_time\" content=\"2024-02-19T19:20:00+00:00\" \/>\n<meta property=\"og:image\" content=\"https:\/\/westindiestravel.com\/wp-content\/uploads\/2023\/05\/cuevas-arenales-scaled.jpeg\" \/>\n<meta name=\"twitter:card\" content=\"summary_large_image\" \/>\n<meta name=\"twitter:label1\" content=\"Est. reading time\" \/>\n\t<meta name=\"twitter:data1\" content=\"2 minutos\" \/>\n<script type=\"application\/ld+json\" class=\"yoast-schema-graph\">{\"@context\":\"https:\\\/\\\/schema.org\",\"@graph\":[{\"@type\":\"WebPage\",\"@id\":\"https:\\\/\\\/westindiestravel.com\\\/sand-caves\\\/\",\"url\":\"https:\\\/\\\/westindiestravel.com\\\/sand-caves\\\/\",\"name\":\"Sand Caves | (Charco Azul) | Vega Baja, Puerto Rico\",\"isPartOf\":{\"@id\":\"https:\\\/\\\/westindiestravel.com\\\/#website\"},\"primaryImageOfPage\":{\"@id\":\"https:\\\/\\\/westindiestravel.com\\\/sand-caves\\\/#primaryimage\"},\"image\":{\"@id\":\"https:\\\/\\\/westindiestravel.com\\\/sand-caves\\\/#primaryimage\"},\"thumbnailUrl\":\"https:\\\/\\\/westindiestravel.com\\\/wp-content\\\/uploads\\\/2023\\\/05\\\/cuevas-arenales-scaled.jpeg\",\"datePublished\":\"2023-11-28T04:52:50+00:00\",\"dateModified\":\"2024-02-19T19:20:00+00:00\",\"description\":\"The Cuevas Arenales, or Charco Azul, is one of the most stunning swimming holes in all of Puerto Rico.\",\"breadcrumb\":{\"@id\":\"https:\\\/\\\/westindiestravel.com\\\/sand-caves\\\/#breadcrumb\"},\"inLanguage\":\"es\",\"potentialAction\":[{\"@type\":\"ReadAction\",\"target\":[\"https:\\\/\\\/westindiestravel.com\\\/sand-caves\\\/\"]}]},{\"@type\":\"ImageObject\",\"inLanguage\":\"es\",\"@id\":\"https:\\\/\\\/westindiestravel.com\\\/sand-caves\\\/#primaryimage\",\"url\":\"https:\\\/\\\/westindiestravel.com\\\/wp-content\\\/uploads\\\/2023\\\/05\\\/cuevas-arenales-scaled.jpeg\",\"contentUrl\":\"https:\\\/\\\/westindiestravel.com\\\/wp-content\\\/uploads\\\/2023\\\/05\\\/cuevas-arenales-scaled.jpeg\"},{\"@type\":\"BreadcrumbList\",\"@id\":\"https:\\\/\\\/westindiestravel.com\\\/sand-caves\\\/#breadcrumb\",\"itemListElement\":[{\"@type\":\"ListItem\",\"position\":1,\"name\":\"Home\",\"item\":\"https:\\\/\\\/westindiestravel.com\\\/\"},{\"@type\":\"ListItem\",\"position\":2,\"name\":\"Sand Caves\"}]},{\"@type\":\"WebSite\",\"@id\":\"https:\\\/\\\/westindiestravel.com\\\/#website\",\"url\":\"https:\\\/\\\/westindiestravel.com\\\/\",\"name\":\"West Indies Travel\",\"description\":\"Puerto Rico Travel Guide\",\"publisher\":{\"@id\":\"https:\\\/\\\/westindiestravel.com\\\/#organization\"},\"potentialAction\":[{\"@type\":\"SearchAction\",\"target\":{\"@type\":\"EntryPoint\",\"urlTemplate\":\"https:\\\/\\\/westindiestravel.com\\\/?s={search_term_string}\"},\"query-input\":{\"@type\":\"PropertyValueSpecification\",\"valueRequired\":true,\"valueName\":\"search_term_string\"}}],\"inLanguage\":\"es\"},{\"@type\":\"Organization\",\"@id\":\"https:\\\/\\\/westindiestravel.com\\\/#organization\",\"name\":\"West Indies Travel\",\"url\":\"https:\\\/\\\/westindiestravel.com\\\/\",\"logo\":{\"@type\":\"ImageObject\",\"inLanguage\":\"es\",\"@id\":\"https:\\\/\\\/westindiestravel.com\\\/#\\\/schema\\\/logo\\\/image\\\/\",\"url\":\"https:\\\/\\\/westindiestravel.com\\\/wp-content\\\/uploads\\\/2023\\\/06\\\/WIT-logo-2.png\",\"contentUrl\":\"https:\\\/\\\/westindiestravel.com\\\/wp-content\\\/uploads\\\/2023\\\/06\\\/WIT-logo-2.png\",\"width\":1640,\"height\":924,\"caption\":\"West Indies Travel\"},\"image\":{\"@id\":\"https:\\\/\\\/westindiestravel.com\\\/#\\\/schema\\\/logo\\\/image\\\/\"},\"sameAs\":[\"https:\\\/\\\/www.tiktok.com\\\/@westindiestravel\",\"https:\\\/\\\/www.instagram.com\\\/westindiestravel\\\/\",\"https:\\\/\\\/www.youtube.com\\\/channel\\\/UCHGwDgn5f7PyNfbT18Uwasw\",\"https:\\\/\\\/www.pinterest.com\\\/westindiestravelguide\\\/\"]}]}<\/script>\n<!-- \/ Yoast SEO plugin. -->","yoast_head_json":{"title":"Sand Caves | (Charco Azul) | Vega Baja, Puerto Rico","description":"The Cuevas Arenales, or Charco Azul, is one of the most stunning swimming holes in all of Puerto Rico.","robots":{"index":"index","follow":"follow","max-snippet":"max-snippet:-1","max-image-preview":"max-image-preview:large","max-video-preview":"max-video-preview:-1"},"canonical":"https:\/\/westindiestravel.com\/es\/sand-caves\/","og_locale":"es_ES","og_type":"article","og_title":"Sand Caves | (Charco Azul) | Vega Baja, Puerto Rico","og_description":"The Cuevas Arenales, or Charco Azul, is one of the most stunning swimming holes in all of Puerto Rico.","og_url":"https:\/\/westindiestravel.com\/es\/sand-caves\/","og_site_name":"West Indies Travel","article_modified_time":"2024-02-19T19:20:00+00:00","og_image":[{"url":"https:\/\/westindiestravel.com\/wp-content\/uploads\/2023\/05\/cuevas-arenales-scaled.jpeg","type":"","width":"","height":""}],"twitter_card":"summary_large_image","twitter_misc":{"Est. reading time":"2 minutos"},"schema":{"@context":"https:\/\/schema.org","@graph":[{"@type":"WebPage","@id":"https:\/\/westindiestravel.com\/sand-caves\/","url":"https:\/\/westindiestravel.com\/sand-caves\/","name":"Sand Caves | (Charco Azul) | Vega Baja, Puerto Rico","isPartOf":{"@id":"https:\/\/westindiestravel.com\/#website"},"primaryImageOfPage":{"@id":"https:\/\/westindiestravel.com\/sand-caves\/#primaryimage"},"image":{"@id":"https:\/\/westindiestravel.com\/sand-caves\/#primaryimage"},"thumbnailUrl":"https:\/\/westindiestravel.com\/wp-content\/uploads\/2023\/05\/cuevas-arenales-scaled.jpeg","datePublished":"2023-11-28T04:52:50+00:00","dateModified":"2024-02-19T19:20:00+00:00","description":"The Cuevas Arenales, or Charco Azul, is one of the most stunning swimming holes in all of Puerto Rico.","breadcrumb":{"@id":"https:\/\/westindiestravel.com\/sand-caves\/#breadcrumb"},"inLanguage":"es","potentialAction":[{"@type":"ReadAction","target":["https:\/\/westindiestravel.com\/sand-caves\/"]}]},{"@type":"ImageObject","inLanguage":"es","@id":"https:\/\/westindiestravel.com\/sand-caves\/#primaryimage","url":"https:\/\/westindiestravel.com\/wp-content\/uploads\/2023\/05\/cuevas-arenales-scaled.jpeg","contentUrl":"https:\/\/westindiestravel.com\/wp-content\/uploads\/2023\/05\/cuevas-arenales-scaled.jpeg"},{"@type":"BreadcrumbList","@id":"https:\/\/westindiestravel.com\/sand-caves\/#breadcrumb","itemListElement":[{"@type":"ListItem","position":1,"name":"Home","item":"https:\/\/westindiestravel.com\/"},{"@type":"ListItem","position":2,"name":"Sand Caves"}]},{"@type":"WebSite","@id":"https:\/\/westindiestravel.com\/#website","url":"https:\/\/westindiestravel.com\/","name":"West Indies Travel","description":"Gu\u00eda de viaje de Puerto Rico","publisher":{"@id":"https:\/\/westindiestravel.com\/#organization"},"potentialAction":[{"@type":"SearchAction","target":{"@type":"EntryPoint","urlTemplate":"https:\/\/westindiestravel.com\/?s={search_term_string}"},"query-input":{"@type":"PropertyValueSpecification","valueRequired":true,"valueName":"search_term_string"}}],"inLanguage":"es"},{"@type":"Organization","@id":"https:\/\/westindiestravel.com\/#organization","name":"West Indies Travel","url":"https:\/\/westindiestravel.com\/","logo":{"@type":"ImageObject","inLanguage":"es","@id":"https:\/\/westindiestravel.com\/#\/schema\/logo\/image\/","url":"https:\/\/westindiestravel.com\/wp-content\/uploads\/2023\/06\/WIT-logo-2.png","contentUrl":"https:\/\/westindiestravel.com\/wp-content\/uploads\/2023\/06\/WIT-logo-2.png","width":1640,"height":924,"caption":"West Indies Travel"},"image":{"@id":"https:\/\/westindiestravel.com\/#\/schema\/logo\/image\/"},"sameAs":["https:\/\/www.tiktok.com\/@westindiestravel","https:\/\/www.instagram.com\/westindiestravel\/","https:\/\/www.youtube.com\/channel\/UCHGwDgn5f7PyNfbT18Uwasw","https:\/\/www.pinterest.com\/westindiestravelguide\/"]}]}},"uagb_featured_image_src":{"full":false,"thumbnail":false,"medium":false,"medium_large":false,"large":false,"1536x1536":false,"2048x2048":false,"trp-custom-language-flag":false},"uagb_author_info":{"display_name":"Zach","author_link":"https:\/\/westindiestravel.com\/es\/author\/terrestrialtemplegmail-com\/"},"uagb_comment_info":0,"uagb_excerpt":"Sand Caves &#xE934;&#xE934;&#xE934;&#xE934;&#xE934; 4\/5 Location: Vega Baja\/Morovis Getting there:\u00a0From San Juan, drive 45 minutes southwest to the border of the municipalities of Vega Baja and Morovis.\u00a0Park here, on a nice couples&#8217; property (Junior and Diana). It costs $5.00 per car. Park on the road closer to the trailhead at your own risk as theft is&hellip;","jetpack_sharing_enabled":true,"_links":{"self":[{"href":"https:\/\/westindiestravel.com\/es\/wp-json\/wp\/v2\/pages\/7864","targetHints":{"allow":["GET"]}}],"collection":[{"href":"https:\/\/westindiestravel.com\/es\/wp-json\/wp\/v2\/pages"}],"about":[{"href":"https:\/\/westindiestravel.com\/es\/wp-json\/wp\/v2\/types\/page"}],"author":[{"embeddable":true,"href":"https:\/\/westindiestravel.com\/es\/wp-json\/wp\/v2\/users\/1"}],"replies":[{"embeddable":true,"href":"https:\/\/westindiestravel.com\/es\/wp-json\/wp\/v2\/comments?post=7864"}],"version-history":[{"count":13,"href":"https:\/\/westindiestravel.com\/es\/wp-json\/wp\/v2\/pages\/7864\/revisions"}],"predecessor-version":[{"id":7891,"href":"https:\/\/westindiestravel.com\/es\/wp-json\/wp\/v2\/pages\/7864\/revisions\/7891"}],"wp:attachment":[{"href":"https:\/\/westindiestravel.com\/es\/wp-json\/wp\/v2\/media?parent=7864"}],"curies":[{"name":"wp","href":"https:\/\/api.w.org\/{rel}","templated":true}]}}