{"id":7500,"date":"2023-11-16T13:58:18","date_gmt":"2023-11-16T17:58:18","guid":{"rendered":"https:\/\/westindiestravel.com\/?page_id=7500"},"modified":"2025-04-01T14:41:24","modified_gmt":"2025-04-01T18:41:24","slug":"punta-salinas","status":"publish","type":"page","link":"https:\/\/westindiestravel.com\/es\/punta-salinas\/","title":{"rendered":"Punta Salinas"},"content":{"rendered":"<div data-elementor-type=\"wp-page\" data-elementor-id=\"7500\" class=\"elementor elementor-7500\">\n\t\t\t\t\t\t<section class=\"elementor-section elementor-top-section elementor-element elementor-element-c135bf2 elementor-section-boxed elementor-section-height-default elementor-section-height-default\" data-id=\"c135bf2\" data-element_type=\"section\" data-e-type=\"section\" data-settings=\"{&quot;background_background&quot;:&quot;classic&quot;}\">\n\t\t\t\t\t\t<div class=\"elementor-container elementor-column-gap-default\">\n\t\t\t\t\t<div class=\"elementor-column elementor-col-100 elementor-top-column elementor-element elementor-element-f904724\" data-id=\"f904724\" data-element_type=\"column\" data-e-type=\"column\">\n\t\t\t<div class=\"elementor-widget-wrap elementor-element-populated\">\n\t\t\t\t\t\t<section class=\"elementor-section elementor-inner-section elementor-element elementor-element-8966636 elementor-section-boxed elementor-section-height-default elementor-section-height-default\" data-id=\"8966636\" data-element_type=\"section\" data-e-type=\"section\">\n\t\t\t\t\t\t<div class=\"elementor-container elementor-column-gap-no\">\n\t\t\t\t\t<div class=\"elementor-column elementor-col-100 elementor-inner-column elementor-element elementor-element-0c2a78f\" data-id=\"0c2a78f\" data-element_type=\"column\" data-e-type=\"column\">\n\t\t\t<div class=\"elementor-widget-wrap elementor-element-populated\">\n\t\t\t\t\t\t<div class=\"elementor-element elementor-element-812cba0 elementor-widget elementor-widget-heading\" data-id=\"812cba0\" data-element_type=\"widget\" data-e-type=\"widget\" data-widget_type=\"heading.default\">\n\t\t\t\t<div class=\"elementor-widget-container\">\n\t\t\t\t\t<h1 class=\"elementor-heading-title elementor-size-default\">Balneario <br>Punta Salinas<\/h1>\t\t\t\t<\/div>\n\t\t\t\t<\/div>\n\t\t\t\t\t<\/div>\n\t\t<\/div>\n\t\t\t\t\t<\/div>\n\t\t<\/section>\n\t\t\t\t\t<\/div>\n\t\t<\/div>\n\t\t\t\t\t<\/div>\n\t\t<\/section>\n\t\t\t\t<section class=\"elementor-section elementor-top-section elementor-element elementor-element-8f9c58c elementor-section-boxed elementor-section-height-default elementor-section-height-default\" data-id=\"8f9c58c\" data-element_type=\"section\" data-e-type=\"section\" data-settings=\"{&quot;background_background&quot;:&quot;classic&quot;}\">\n\t\t\t\t\t\t<div class=\"elementor-container elementor-column-gap-default\">\n\t\t\t\t\t<div class=\"elementor-column elementor-col-100 elementor-top-column elementor-element elementor-element-75546bd\" data-id=\"75546bd\" data-element_type=\"column\" data-e-type=\"column\">\n\t\t\t<div class=\"elementor-widget-wrap elementor-element-populated\">\n\t\t\t\t\t\t<div class=\"elementor-element elementor-element-4bb199f elementor-widget elementor-widget-image\" data-id=\"4bb199f\" data-element_type=\"widget\" data-e-type=\"widget\" data-widget_type=\"image.default\">\n\t\t\t\t<div class=\"elementor-widget-container\">\n\t\t\t\t\t\t\t\t\t\t\t\t\t\t\t<img fetchpriority=\"high\" decoding=\"async\" width=\"2560\" height=\"1920\" src=\"https:\/\/westindiestravel.com\/wp-content\/uploads\/2023\/06\/DJI_0975-scaled.jpg\" class=\"attachment-full size-full wp-image-3677\" alt=\"Balneario Punta Salinas, Toa Baja\" srcset=\"https:\/\/westindiestravel.com\/wp-content\/uploads\/2023\/06\/DJI_0975-scaled.jpg 2560w, https:\/\/westindiestravel.com\/wp-content\/uploads\/2023\/06\/DJI_0975-300x225.jpg 300w, https:\/\/westindiestravel.com\/wp-content\/uploads\/2023\/06\/DJI_0975-1024x768.jpg 1024w, https:\/\/westindiestravel.com\/wp-content\/uploads\/2023\/06\/DJI_0975-768x576.jpg 768w, https:\/\/westindiestravel.com\/wp-content\/uploads\/2023\/06\/DJI_0975-1536x1152.jpg 1536w, https:\/\/westindiestravel.com\/wp-content\/uploads\/2023\/06\/DJI_0975-2048x1536.jpg 2048w, https:\/\/westindiestravel.com\/wp-content\/uploads\/2023\/06\/DJI_0975-16x12.jpg 16w\" sizes=\"(max-width: 2560px) 100vw, 2560px\" \/>\t\t\t\t\t\t\t\t\t\t\t\t\t\t\t<\/div>\n\t\t\t\t<\/div>\n\t\t\t\t<div class=\"elementor-element elementor-element-5e4979e elementor--star-style-star_fontawesome elementor-widget elementor-widget-star-rating\" data-id=\"5e4979e\" data-element_type=\"widget\" data-e-type=\"widget\" data-widget_type=\"star-rating.default\">\n\t\t\t\t<div class=\"elementor-widget-container\">\n\t\t\t\t\t\t\t<div class=\"elementor-star-rating__wrapper\">\n\t\t\t\t\t\t<div class=\"elementor-star-rating\" itemtype=\"http:\/\/schema.org\/Rating\" itemscope=\"\" itemprop=\"reviewRating\">\n\t\t\t\t<i class=\"elementor-star-full\" aria-hidden=\"true\">&#xE934;<\/i><i class=\"elementor-star-full\" aria-hidden=\"true\">&#xE934;<\/i><i class=\"elementor-star-5\" aria-hidden=\"true\">&#xE934;<\/i><i class=\"elementor-star-empty\" aria-hidden=\"true\">&#xE934;<\/i><i class=\"elementor-star-empty\" aria-hidden=\"true\">&#xE934;<\/i>\t\t\t\t<span itemprop=\"ratingValue\" class=\"elementor-screen-only\" data-no-translation=\"\" data-trp-gettext=\"\">Rated 2.5 out of 5<\/span>\n\t\t\t<\/div>\n\t\t<\/div>\n\t\t\t\t\t\t<\/div>\n\t\t\t\t<\/div>\n\t\t\t\t<div class=\"elementor-element elementor-element-0d111b7 elementor-widget elementor-widget-text-editor\" data-id=\"0d111b7\" data-element_type=\"widget\" data-e-type=\"widget\" data-widget_type=\"text-editor.default\">\n\t\t\t\t<div class=\"elementor-widget-container\">\n\t\t\t\t\t\t\t\t\t<p><b>Ubicaci\u00f3n <\/b><a href=\"https:\/\/goo.gl\/maps\/JS9LUNKrdvW6WJnSA\" target=\"_blank\" rel=\"noopener\">Toa Baja<\/a><\/p><p><b>Llegar all\u00ed: <\/b>Conduzca 25 minutos desde San Juan hasta una pen\u00ednsula de forma inusual en la cercana Toa Baja. Det\u00e9ngase y estacione en cualquier lugar que desee a lo largo de esta larga franja de arena p\u00e1lida.<\/p><p><b>Cosas para hacer:<\/b>\u00a0<span style=\"color: var( --e-global-color-text ); font-size: 1rem;\">Rel\u00e1jese en aguas poco profundas: el agua es tranquila y poco profunda y, aunque no es particularmente clara, sigue siendo un excelente lugar para relajarse en el mar. Camine por la playa: esta playa es muy larga y, debido a su forma suavemente curvada, puede ver la mayor parte desde cualquier lugar de la playa.<\/span><\/p><p><b>Aviso:<\/b>\u00a0Hay duchas si las buscas. Busque una pared alta de cemento pintado de unos pocos pies de largo. Algunas \u00e1reas pueden estar m\u00e1s claras que otras, puede que valga la pena explorar un par de \u00e1reas diferentes antes de instalarse en la sombra.<\/p>\t\t\t\t\t\t\t\t<\/div>\n\t\t\t\t<\/div>\n\t\t\t\t<div class=\"elementor-element elementor-element-3ea0c5e elementor-widget elementor-widget-toggle\" data-id=\"3ea0c5e\" data-element_type=\"widget\" data-e-type=\"widget\" data-widget_type=\"toggle.default\">\n\t\t\t\t<div class=\"elementor-widget-container\">\n\t\t\t\t\t\t\t<div class=\"elementor-toggle\">\n\t\t\t\t\t\t\t<div class=\"elementor-toggle-item\">\n\t\t\t\t\t<div id=\"elementor-tab-title-6561\" class=\"elementor-tab-title\" data-tab=\"1\" role=\"button\" aria-controls=\"elementor-tab-content-6561\" aria-expanded=\"false\">\n\t\t\t\t\t\t\t\t\t\t\t\t<span class=\"elementor-toggle-icon elementor-toggle-icon-left\" aria-hidden=\"true\">\n\t\t\t\t\t\t\t\t\t\t\t\t\t\t\t<span class=\"elementor-toggle-icon-closed\"><i class=\"fas fa-caret-right\"><\/i><\/span>\n\t\t\t\t\t\t\t\t<span class=\"elementor-toggle-icon-opened\"><i class=\"elementor-toggle-icon-opened fas fa-caret-up\"><\/i><\/span>\n\t\t\t\t\t\t\t\t\t\t\t\t\t<\/span>\n\t\t\t\t\t\t\t\t\t\t\t\t<a class=\"elementor-toggle-title\" tabindex=\"0\">Pros<\/a>\n\t\t\t\t\t<\/div>\n\n\t\t\t\t\t<div id=\"elementor-tab-content-6561\" class=\"elementor-tab-content elementor-clearfix\" data-tab=\"1\" role=\"region\" aria-labelledby=\"elementor-tab-title-6561\"><ul>\n<li>Aguas tranquilas y poco profundas.<\/li>\n<li>Duchas.<\/li>\n<li>Muy cerca de San Juan.<\/li>\n<li>Genial para familias.<\/li><li>Mucha sombra natural.<\/li>\n<\/ul><\/div>\n\t\t\t\t<\/div>\n\t\t\t\t\t\t\t<div class=\"elementor-toggle-item\">\n\t\t\t\t\t<div id=\"elementor-tab-title-6562\" class=\"elementor-tab-title\" data-tab=\"2\" role=\"button\" aria-controls=\"elementor-tab-content-6562\" aria-expanded=\"false\">\n\t\t\t\t\t\t\t\t\t\t\t\t<span class=\"elementor-toggle-icon elementor-toggle-icon-left\" aria-hidden=\"true\">\n\t\t\t\t\t\t\t\t\t\t\t\t\t\t\t<span class=\"elementor-toggle-icon-closed\"><i class=\"fas fa-caret-right\"><\/i><\/span>\n\t\t\t\t\t\t\t\t<span class=\"elementor-toggle-icon-opened\"><i class=\"elementor-toggle-icon-opened fas fa-caret-up\"><\/i><\/span>\n\t\t\t\t\t\t\t\t\t\t\t\t\t<\/span>\n\t\t\t\t\t\t\t\t\t\t\t\t<a class=\"elementor-toggle-title\" tabindex=\"0\">Contras<\/a>\n\t\t\t\t\t<\/div>\n\n\t\t\t\t\t<div id=\"elementor-tab-content-6562\" class=\"elementor-tab-content elementor-clearfix\" data-tab=\"2\" role=\"region\" aria-labelledby=\"elementor-tab-title-6562\"><ul><li>No es seguro caminar descalzo sobre el \u00e1rea de arena\/tierra donde estaciona su carro.<\/li><li>El agua es m\u00e1s turbia que la mayor\u00eda de las otras playas de la isla.<\/li><\/ul><\/div>\n\t\t\t\t<\/div>\n\t\t\t\t\t\t\t\t<\/div>\n\t\t\t\t\t\t<\/div>\n\t\t\t\t<\/div>\n\t\t\t\t\t<\/div>\n\t\t<\/div>\n\t\t\t\t\t<\/div>\n\t\t<\/section>\n\t\t\t\t<section class=\"elementor-section elementor-top-section elementor-element elementor-element-c314dae elementor-section-boxed elementor-section-height-default elementor-section-height-default\" data-id=\"c314dae\" data-element_type=\"section\" data-e-type=\"section\">\n\t\t\t\t\t\t<div class=\"elementor-container elementor-column-gap-default\">\n\t\t\t\t\t<div class=\"elementor-column elementor-col-100 elementor-top-column elementor-element elementor-element-488f67e\" data-id=\"488f67e\" data-element_type=\"column\" data-e-type=\"column\">\n\t\t\t<div class=\"elementor-widget-wrap elementor-element-populated\">\n\t\t\t\t\t\t<div class=\"elementor-element elementor-element-5a40030 elementor-widget elementor-widget-image\" data-id=\"5a40030\" data-element_type=\"widget\" data-e-type=\"widget\" data-widget_type=\"image.default\">\n\t\t\t\t<div class=\"elementor-widget-container\">\n\t\t\t\t\t\t\t\t\t\t\t\t\t\t\t<img decoding=\"async\" width=\"1024\" height=\"768\" src=\"https:\/\/westindiestravel.com\/wp-content\/uploads\/2025\/04\/745863C0-6F3E-4D3D-9217-600191A6F6AF_1_102_o-1024x768.jpeg\" class=\"attachment-large size-large wp-image-12469\" alt=\"\" srcset=\"https:\/\/westindiestravel.com\/wp-content\/uploads\/2025\/04\/745863C0-6F3E-4D3D-9217-600191A6F6AF_1_102_o-1024x768.jpeg 1024w, https:\/\/westindiestravel.com\/wp-content\/uploads\/2025\/04\/745863C0-6F3E-4D3D-9217-600191A6F6AF_1_102_o-300x225.jpeg 300w, https:\/\/westindiestravel.com\/wp-content\/uploads\/2025\/04\/745863C0-6F3E-4D3D-9217-600191A6F6AF_1_102_o-768x576.jpeg 768w, https:\/\/westindiestravel.com\/wp-content\/uploads\/2025\/04\/745863C0-6F3E-4D3D-9217-600191A6F6AF_1_102_o-1536x1152.jpeg 1536w, https:\/\/westindiestravel.com\/wp-content\/uploads\/2025\/04\/745863C0-6F3E-4D3D-9217-600191A6F6AF_1_102_o-16x12.jpeg 16w, https:\/\/westindiestravel.com\/wp-content\/uploads\/2025\/04\/745863C0-6F3E-4D3D-9217-600191A6F6AF_1_102_o.jpeg 2048w\" sizes=\"(max-width: 1024px) 100vw, 1024px\" \/>\t\t\t\t\t\t\t\t\t\t\t\t\t\t\t<\/div>\n\t\t\t\t<\/div>\n\t\t\t\t\t<\/div>\n\t\t<\/div>\n\t\t\t\t\t<\/div>\n\t\t<\/section>\n\t\t\t\t<section class=\"elementor-section elementor-top-section elementor-element elementor-element-dbfbe26 elementor-section-boxed elementor-section-height-default elementor-section-height-default\" data-id=\"dbfbe26\" data-element_type=\"section\" data-e-type=\"section\">\n\t\t\t\t\t\t<div class=\"elementor-container elementor-column-gap-default\">\n\t\t\t\t\t<div class=\"elementor-column elementor-col-100 elementor-top-column elementor-element elementor-element-fa40e6e\" data-id=\"fa40e6e\" data-element_type=\"column\" data-e-type=\"column\">\n\t\t\t<div class=\"elementor-widget-wrap elementor-element-populated\">\n\t\t\t\t\t\t<div class=\"elementor-element elementor-element-a242650 elementor-widget elementor-widget-video\" data-id=\"a242650\" data-element_type=\"widget\" data-e-type=\"widget\" data-settings=\"{&quot;youtube_url&quot;:&quot;https:\\\/\\\/www.youtube.com\\\/watch?v=jnE-swi6qE8&quot;,&quot;video_type&quot;:&quot;youtube&quot;,&quot;controls&quot;:&quot;yes&quot;}\" data-widget_type=\"video.default\">\n\t\t\t\t<div class=\"elementor-widget-container\">\n\t\t\t\t\t\t\t<div class=\"elementor-wrapper elementor-open-inline\">\n\t\t\t<div class=\"elementor-video\"><\/div>\t\t<\/div>\n\t\t\t\t\t\t<\/div>\n\t\t\t\t<\/div>\n\t\t\t\t\t<\/div>\n\t\t<\/div>\n\t\t\t\t\t<\/div>\n\t\t<\/section>\n\t\t\t\t<\/div>","protected":false},"excerpt":{"rendered":"<p>Balneario Punta Salinas &#xE934;&#xE934;&#xE934;&#xE934;&#xE934; 2.5\/5 Location: Toa Baja Getting there: Drive 25 minutes from San Juan to an unusually-shaped peninsula in the nearby Toa Baja. Pull over and park anywhere you like along this long stretch of pale sand. Things to do:\u00a0Relax in the shallows &#8211; The water is calm and shallow, and while not [&hellip;]<\/p>\n","protected":false},"author":1,"featured_media":0,"parent":0,"menu_order":0,"comment_status":"closed","ping_status":"closed","template":"","meta":{"om_disable_all_campaigns":false,"_uag_custom_page_level_css":"","_monsterinsights_skip_tracking":false,"_monsterinsights_sitenote_active":false,"_monsterinsights_sitenote_note":"","_monsterinsights_sitenote_category":0,"_uf_show_specific_survey":0,"_uf_disable_surveys":false,"site-sidebar-layout":"no-sidebar","site-content-layout":"page-builder","ast-site-content-layout":"default","site-content-style":"default","site-sidebar-style":"default","ast-global-header-display":"","ast-banner-title-visibility":"","ast-main-header-display":"","ast-hfb-above-header-display":"","ast-hfb-below-header-display":"","ast-hfb-mobile-header-display":"","site-post-title":"disabled","ast-breadcrumbs-content":"","ast-featured-img":"disabled","footer-sml-layout":"","theme-transparent-header-meta":"","adv-header-id-meta":"","stick-header-meta":"","header-above-stick-meta":"","header-main-stick-meta":"","header-below-stick-meta":"","astra-migrate-meta-layouts":"set","ast-page-background-enabled":"default","ast-page-background-meta":{"desktop":{"background-color":"","background-image":"","background-repeat":"repeat","background-position":"center center","background-size":"auto","background-attachment":"scroll","background-type":"","background-media":"","overlay-type":"","overlay-color":"","overlay-opacity":"","overlay-gradient":""},"tablet":{"background-color":"","background-image":"","background-repeat":"repeat","background-position":"center center","background-size":"auto","background-attachment":"scroll","background-type":"","background-media":"","overlay-type":"","overlay-color":"","overlay-opacity":"","overlay-gradient":""},"mobile":{"background-color":"","background-image":"","background-repeat":"repeat","background-position":"center center","background-size":"auto","background-attachment":"scroll","background-type":"","background-media":"","overlay-type":"","overlay-color":"","overlay-opacity":"","overlay-gradient":""}},"ast-content-background-meta":{"desktop":{"background-color":"var(--ast-global-color-5)","background-image":"","background-repeat":"repeat","background-position":"center center","background-size":"auto","background-attachment":"scroll","background-type":"","background-media":"","overlay-type":"","overlay-color":"","overlay-opacity":"","overlay-gradient":""},"tablet":{"background-color":"var(--ast-global-color-5)","background-image":"","background-repeat":"repeat","background-position":"center center","background-size":"auto","background-attachment":"scroll","background-type":"","background-media":"","overlay-type":"","overlay-color":"","overlay-opacity":"","overlay-gradient":""},"mobile":{"background-color":"var(--ast-global-color-5)","background-image":"","background-repeat":"repeat","background-position":"center center","background-size":"auto","background-attachment":"scroll","background-type":"","background-media":"","overlay-type":"","overlay-color":"","overlay-opacity":"","overlay-gradient":""}},"footnotes":""},"class_list":["post-7500","page","type-page","status-publish","hentry"],"yoast_head":"<!-- This site is optimized with the Yoast SEO plugin v27.4 - https:\/\/yoast.com\/product\/yoast-seo-wordpress\/ -->\n<title>Punta Salinas | Toa Baja, Puerto Rico<\/title>\n<meta name=\"description\" content=\"One of Puerto Rico&#039;s many beautiful beaches. The warm salt water of the Caribbean Sea meets sun-baked sand.\" \/>\n<meta name=\"robots\" content=\"index, follow, max-snippet:-1, max-image-preview:large, max-video-preview:-1\" \/>\n<link rel=\"canonical\" href=\"https:\/\/westindiestravel.com\/es\/punta-salinas\/\" \/>\n<meta property=\"og:locale\" content=\"es_ES\" \/>\n<meta property=\"og:type\" content=\"article\" \/>\n<meta property=\"og:title\" content=\"Punta Salinas | Toa Baja, Puerto Rico\" \/>\n<meta property=\"og:description\" content=\"One of Puerto Rico&#039;s many beautiful beaches. The warm salt water of the Caribbean Sea meets sun-baked sand.\" \/>\n<meta property=\"og:url\" content=\"https:\/\/westindiestravel.com\/es\/punta-salinas\/\" \/>\n<meta property=\"og:site_name\" content=\"West Indies Travel\" \/>\n<meta property=\"article:modified_time\" content=\"2025-04-01T18:41:24+00:00\" \/>\n<meta property=\"og:image\" content=\"https:\/\/westindiestravel.com\/wp-content\/uploads\/2023\/06\/DJI_0975-scaled.jpg\" \/>\n\t<meta property=\"og:image:width\" content=\"2560\" \/>\n\t<meta property=\"og:image:height\" content=\"1920\" \/>\n\t<meta property=\"og:image:type\" content=\"image\/jpeg\" \/>\n<meta name=\"twitter:card\" content=\"summary_large_image\" \/>\n<meta name=\"twitter:label1\" content=\"Est. reading time\" \/>\n\t<meta name=\"twitter:data1\" content=\"2 minutos\" \/>\n<script type=\"application\/ld+json\" class=\"yoast-schema-graph\">{\"@context\":\"https:\\\/\\\/schema.org\",\"@graph\":[{\"@type\":\"WebPage\",\"@id\":\"https:\\\/\\\/westindiestravel.com\\\/punta-salinas\\\/\",\"url\":\"https:\\\/\\\/westindiestravel.com\\\/punta-salinas\\\/\",\"name\":\"Punta Salinas | Toa Baja, Puerto Rico\",\"isPartOf\":{\"@id\":\"https:\\\/\\\/westindiestravel.com\\\/#website\"},\"primaryImageOfPage\":{\"@id\":\"https:\\\/\\\/westindiestravel.com\\\/punta-salinas\\\/#primaryimage\"},\"image\":{\"@id\":\"https:\\\/\\\/westindiestravel.com\\\/punta-salinas\\\/#primaryimage\"},\"thumbnailUrl\":\"https:\\\/\\\/westindiestravel.com\\\/wp-content\\\/uploads\\\/2023\\\/06\\\/DJI_0975-scaled.jpg\",\"datePublished\":\"2023-11-16T17:58:18+00:00\",\"dateModified\":\"2025-04-01T18:41:24+00:00\",\"description\":\"One of Puerto Rico's many beautiful beaches. The warm salt water of the Caribbean Sea meets sun-baked sand.\",\"breadcrumb\":{\"@id\":\"https:\\\/\\\/westindiestravel.com\\\/punta-salinas\\\/#breadcrumb\"},\"inLanguage\":\"es\",\"potentialAction\":[{\"@type\":\"ReadAction\",\"target\":[\"https:\\\/\\\/westindiestravel.com\\\/punta-salinas\\\/\"]}]},{\"@type\":\"ImageObject\",\"inLanguage\":\"es\",\"@id\":\"https:\\\/\\\/westindiestravel.com\\\/punta-salinas\\\/#primaryimage\",\"url\":\"https:\\\/\\\/westindiestravel.com\\\/wp-content\\\/uploads\\\/2023\\\/06\\\/DJI_0975-scaled.jpg\",\"contentUrl\":\"https:\\\/\\\/westindiestravel.com\\\/wp-content\\\/uploads\\\/2023\\\/06\\\/DJI_0975-scaled.jpg\"},{\"@type\":\"BreadcrumbList\",\"@id\":\"https:\\\/\\\/westindiestravel.com\\\/punta-salinas\\\/#breadcrumb\",\"itemListElement\":[{\"@type\":\"ListItem\",\"position\":1,\"name\":\"Home\",\"item\":\"https:\\\/\\\/westindiestravel.com\\\/\"},{\"@type\":\"ListItem\",\"position\":2,\"name\":\"Punta Salinas\"}]},{\"@type\":\"WebSite\",\"@id\":\"https:\\\/\\\/westindiestravel.com\\\/#website\",\"url\":\"https:\\\/\\\/westindiestravel.com\\\/\",\"name\":\"West Indies Travel\",\"description\":\"Puerto Rico Travel Guide\",\"publisher\":{\"@id\":\"https:\\\/\\\/westindiestravel.com\\\/#organization\"},\"potentialAction\":[{\"@type\":\"SearchAction\",\"target\":{\"@type\":\"EntryPoint\",\"urlTemplate\":\"https:\\\/\\\/westindiestravel.com\\\/?s={search_term_string}\"},\"query-input\":{\"@type\":\"PropertyValueSpecification\",\"valueRequired\":true,\"valueName\":\"search_term_string\"}}],\"inLanguage\":\"es\"},{\"@type\":\"Organization\",\"@id\":\"https:\\\/\\\/westindiestravel.com\\\/#organization\",\"name\":\"West Indies Travel\",\"url\":\"https:\\\/\\\/westindiestravel.com\\\/\",\"logo\":{\"@type\":\"ImageObject\",\"inLanguage\":\"es\",\"@id\":\"https:\\\/\\\/westindiestravel.com\\\/#\\\/schema\\\/logo\\\/image\\\/\",\"url\":\"https:\\\/\\\/westindiestravel.com\\\/wp-content\\\/uploads\\\/2023\\\/06\\\/WIT-logo-2.png\",\"contentUrl\":\"https:\\\/\\\/westindiestravel.com\\\/wp-content\\\/uploads\\\/2023\\\/06\\\/WIT-logo-2.png\",\"width\":1640,\"height\":924,\"caption\":\"West Indies Travel\"},\"image\":{\"@id\":\"https:\\\/\\\/westindiestravel.com\\\/#\\\/schema\\\/logo\\\/image\\\/\"},\"sameAs\":[\"https:\\\/\\\/www.tiktok.com\\\/@westindiestravel\",\"https:\\\/\\\/www.instagram.com\\\/westindiestravel\\\/\",\"https:\\\/\\\/www.youtube.com\\\/channel\\\/UCHGwDgn5f7PyNfbT18Uwasw\",\"https:\\\/\\\/www.pinterest.com\\\/westindiestravelguide\\\/\"]}]}<\/script>\n<!-- \/ Yoast SEO plugin. -->","yoast_head_json":{"title":"Punta Salinas | Toa Baja, Puerto Rico","description":"One of Puerto Rico's many beautiful beaches. The warm salt water of the Caribbean Sea meets sun-baked sand.","robots":{"index":"index","follow":"follow","max-snippet":"max-snippet:-1","max-image-preview":"max-image-preview:large","max-video-preview":"max-video-preview:-1"},"canonical":"https:\/\/westindiestravel.com\/es\/punta-salinas\/","og_locale":"es_ES","og_type":"article","og_title":"Punta Salinas | Toa Baja, Puerto Rico","og_description":"One of Puerto Rico's many beautiful beaches. The warm salt water of the Caribbean Sea meets sun-baked sand.","og_url":"https:\/\/westindiestravel.com\/es\/punta-salinas\/","og_site_name":"West Indies Travel","article_modified_time":"2025-04-01T18:41:24+00:00","og_image":[{"width":2560,"height":1920,"url":"https:\/\/westindiestravel.com\/wp-content\/uploads\/2023\/06\/DJI_0975-scaled.jpg","type":"image\/jpeg"}],"twitter_card":"summary_large_image","twitter_misc":{"Est. reading time":"2 minutos"},"schema":{"@context":"https:\/\/schema.org","@graph":[{"@type":"WebPage","@id":"https:\/\/westindiestravel.com\/punta-salinas\/","url":"https:\/\/westindiestravel.com\/punta-salinas\/","name":"Punta Salinas | Toa Baja, Puerto Rico","isPartOf":{"@id":"https:\/\/westindiestravel.com\/#website"},"primaryImageOfPage":{"@id":"https:\/\/westindiestravel.com\/punta-salinas\/#primaryimage"},"image":{"@id":"https:\/\/westindiestravel.com\/punta-salinas\/#primaryimage"},"thumbnailUrl":"https:\/\/westindiestravel.com\/wp-content\/uploads\/2023\/06\/DJI_0975-scaled.jpg","datePublished":"2023-11-16T17:58:18+00:00","dateModified":"2025-04-01T18:41:24+00:00","description":"One of Puerto Rico's many beautiful beaches. The warm salt water of the Caribbean Sea meets sun-baked sand.","breadcrumb":{"@id":"https:\/\/westindiestravel.com\/punta-salinas\/#breadcrumb"},"inLanguage":"es","potentialAction":[{"@type":"ReadAction","target":["https:\/\/westindiestravel.com\/punta-salinas\/"]}]},{"@type":"ImageObject","inLanguage":"es","@id":"https:\/\/westindiestravel.com\/punta-salinas\/#primaryimage","url":"https:\/\/westindiestravel.com\/wp-content\/uploads\/2023\/06\/DJI_0975-scaled.jpg","contentUrl":"https:\/\/westindiestravel.com\/wp-content\/uploads\/2023\/06\/DJI_0975-scaled.jpg"},{"@type":"BreadcrumbList","@id":"https:\/\/westindiestravel.com\/punta-salinas\/#breadcrumb","itemListElement":[{"@type":"ListItem","position":1,"name":"Home","item":"https:\/\/westindiestravel.com\/"},{"@type":"ListItem","position":2,"name":"Punta Salinas"}]},{"@type":"WebSite","@id":"https:\/\/westindiestravel.com\/#website","url":"https:\/\/westindiestravel.com\/","name":"West Indies Travel","description":"Gu\u00eda de viaje de Puerto Rico","publisher":{"@id":"https:\/\/westindiestravel.com\/#organization"},"potentialAction":[{"@type":"SearchAction","target":{"@type":"EntryPoint","urlTemplate":"https:\/\/westindiestravel.com\/?s={search_term_string}"},"query-input":{"@type":"PropertyValueSpecification","valueRequired":true,"valueName":"search_term_string"}}],"inLanguage":"es"},{"@type":"Organization","@id":"https:\/\/westindiestravel.com\/#organization","name":"West Indies Travel","url":"https:\/\/westindiestravel.com\/","logo":{"@type":"ImageObject","inLanguage":"es","@id":"https:\/\/westindiestravel.com\/#\/schema\/logo\/image\/","url":"https:\/\/westindiestravel.com\/wp-content\/uploads\/2023\/06\/WIT-logo-2.png","contentUrl":"https:\/\/westindiestravel.com\/wp-content\/uploads\/2023\/06\/WIT-logo-2.png","width":1640,"height":924,"caption":"West Indies Travel"},"image":{"@id":"https:\/\/westindiestravel.com\/#\/schema\/logo\/image\/"},"sameAs":["https:\/\/www.tiktok.com\/@westindiestravel","https:\/\/www.instagram.com\/westindiestravel\/","https:\/\/www.youtube.com\/channel\/UCHGwDgn5f7PyNfbT18Uwasw","https:\/\/www.pinterest.com\/westindiestravelguide\/"]}]}},"uagb_featured_image_src":{"full":false,"thumbnail":false,"medium":false,"medium_large":false,"large":false,"1536x1536":false,"2048x2048":false,"trp-custom-language-flag":false},"uagb_author_info":{"display_name":"Zach","author_link":"https:\/\/westindiestravel.com\/es\/author\/terrestrialtemplegmail-com\/"},"uagb_comment_info":0,"uagb_excerpt":"Balneario Punta Salinas &#xE934;&#xE934;&#xE934;&#xE934;&#xE934; 2.5\/5 Location: Toa Baja Getting there: Drive 25 minutes from San Juan to an unusually-shaped peninsula in the nearby Toa Baja. Pull over and park anywhere you like along this long stretch of pale sand. Things to do:\u00a0Relax in the shallows &#8211; The water is calm and shallow, and while not&hellip;","jetpack_sharing_enabled":true,"_links":{"self":[{"href":"https:\/\/westindiestravel.com\/es\/wp-json\/wp\/v2\/pages\/7500","targetHints":{"allow":["GET"]}}],"collection":[{"href":"https:\/\/westindiestravel.com\/es\/wp-json\/wp\/v2\/pages"}],"about":[{"href":"https:\/\/westindiestravel.com\/es\/wp-json\/wp\/v2\/types\/page"}],"author":[{"embeddable":true,"href":"https:\/\/westindiestravel.com\/es\/wp-json\/wp\/v2\/users\/1"}],"replies":[{"embeddable":true,"href":"https:\/\/westindiestravel.com\/es\/wp-json\/wp\/v2\/comments?post=7500"}],"version-history":[{"count":10,"href":"https:\/\/westindiestravel.com\/es\/wp-json\/wp\/v2\/pages\/7500\/revisions"}],"predecessor-version":[{"id":12475,"href":"https:\/\/westindiestravel.com\/es\/wp-json\/wp\/v2\/pages\/7500\/revisions\/12475"}],"wp:attachment":[{"href":"https:\/\/westindiestravel.com\/es\/wp-json\/wp\/v2\/media?parent=7500"}],"curies":[{"name":"wp","href":"https:\/\/api.w.org\/{rel}","templated":true}]}}