{"id":7140,"date":"2023-11-06T23:56:20","date_gmt":"2023-11-07T03:56:20","guid":{"rendered":"https:\/\/westindiestravel.com\/?page_id=7140"},"modified":"2024-02-05T20:20:06","modified_gmt":"2024-02-06T00:20:06","slug":"luis-pena-beach","status":"publish","type":"page","link":"https:\/\/westindiestravel.com\/es\/luis-pena-beach\/","title":{"rendered":"Playa Luis Pe\u00f1a"},"content":{"rendered":"<div data-elementor-type=\"wp-page\" data-elementor-id=\"7140\" class=\"elementor elementor-7140\">\n\t\t\t\t\t\t<section class=\"elementor-section elementor-top-section elementor-element elementor-element-c135bf2 elementor-section-boxed elementor-section-height-default elementor-section-height-default\" data-id=\"c135bf2\" data-element_type=\"section\" data-e-type=\"section\" data-settings=\"{&quot;background_background&quot;:&quot;classic&quot;}\">\n\t\t\t\t\t\t<div class=\"elementor-container elementor-column-gap-default\">\n\t\t\t\t\t<div class=\"elementor-column elementor-col-100 elementor-top-column elementor-element elementor-element-f904724\" data-id=\"f904724\" data-element_type=\"column\" data-e-type=\"column\">\n\t\t\t<div class=\"elementor-widget-wrap elementor-element-populated\">\n\t\t\t\t\t\t<section class=\"elementor-section elementor-inner-section elementor-element elementor-element-8966636 elementor-section-boxed elementor-section-height-default elementor-section-height-default\" data-id=\"8966636\" data-element_type=\"section\" data-e-type=\"section\">\n\t\t\t\t\t\t<div class=\"elementor-container elementor-column-gap-no\">\n\t\t\t\t\t<div class=\"elementor-column elementor-col-100 elementor-inner-column elementor-element elementor-element-0c2a78f\" data-id=\"0c2a78f\" data-element_type=\"column\" data-e-type=\"column\">\n\t\t\t<div class=\"elementor-widget-wrap elementor-element-populated\">\n\t\t\t\t\t\t<div class=\"elementor-element elementor-element-812cba0 elementor-widget elementor-widget-heading\" data-id=\"812cba0\" data-element_type=\"widget\" data-e-type=\"widget\" data-widget_type=\"heading.default\">\n\t\t\t\t<div class=\"elementor-widget-container\">\n\t\t\t\t\t<h1 class=\"elementor-heading-title elementor-size-default\">Playa Luis Pe\u00f1a<\/h1>\t\t\t\t<\/div>\n\t\t\t\t<\/div>\n\t\t\t\t\t<\/div>\n\t\t<\/div>\n\t\t\t\t\t<\/div>\n\t\t<\/section>\n\t\t\t\t\t<\/div>\n\t\t<\/div>\n\t\t\t\t\t<\/div>\n\t\t<\/section>\n\t\t\t\t<section class=\"elementor-section elementor-top-section elementor-element elementor-element-8f9c58c elementor-section-boxed elementor-section-height-default elementor-section-height-default\" data-id=\"8f9c58c\" data-element_type=\"section\" data-e-type=\"section\" data-settings=\"{&quot;background_background&quot;:&quot;classic&quot;}\">\n\t\t\t\t\t\t<div class=\"elementor-container elementor-column-gap-default\">\n\t\t\t\t\t<div class=\"elementor-column elementor-col-100 elementor-top-column elementor-element elementor-element-75546bd\" data-id=\"75546bd\" data-element_type=\"column\" data-e-type=\"column\">\n\t\t\t<div class=\"elementor-widget-wrap elementor-element-populated\">\n\t\t\t\t\t\t<div class=\"elementor-element elementor-element-b35058c elementor-widget elementor-widget-image\" data-id=\"b35058c\" data-element_type=\"widget\" data-e-type=\"widget\" data-widget_type=\"image.default\">\n\t\t\t\t<div class=\"elementor-widget-container\">\n\t\t\t\t\t\t\t\t\t\t\t\t\t\t\t<img fetchpriority=\"high\" decoding=\"async\" width=\"2560\" height=\"1690\" src=\"https:\/\/westindiestravel.com\/wp-content\/uploads\/2024\/01\/Cayo-Luis-Pena-2-1-scaled.jpeg\" class=\"attachment-full size-full wp-image-8440\" alt=\"Luis Pe\u00f1a Beach, Cayo Luis Pe\u00f1a\" srcset=\"https:\/\/westindiestravel.com\/wp-content\/uploads\/2024\/01\/Cayo-Luis-Pena-2-1-scaled.jpeg 2560w, https:\/\/westindiestravel.com\/wp-content\/uploads\/2024\/01\/Cayo-Luis-Pena-2-1-300x198.jpeg 300w, https:\/\/westindiestravel.com\/wp-content\/uploads\/2024\/01\/Cayo-Luis-Pena-2-1-1024x676.jpeg 1024w, https:\/\/westindiestravel.com\/wp-content\/uploads\/2024\/01\/Cayo-Luis-Pena-2-1-768x507.jpeg 768w, https:\/\/westindiestravel.com\/wp-content\/uploads\/2024\/01\/Cayo-Luis-Pena-2-1-1536x1014.jpeg 1536w, https:\/\/westindiestravel.com\/wp-content\/uploads\/2024\/01\/Cayo-Luis-Pena-2-1-2048x1352.jpeg 2048w, https:\/\/westindiestravel.com\/wp-content\/uploads\/2024\/01\/Cayo-Luis-Pena-2-1-18x12.jpeg 18w\" sizes=\"(max-width: 2560px) 100vw, 2560px\" \/>\t\t\t\t\t\t\t\t\t\t\t\t\t\t\t<\/div>\n\t\t\t\t<\/div>\n\t\t\t\t<div class=\"elementor-element elementor-element-5e4979e elementor--star-style-star_fontawesome elementor-widget elementor-widget-star-rating\" data-id=\"5e4979e\" data-element_type=\"widget\" data-e-type=\"widget\" data-widget_type=\"star-rating.default\">\n\t\t\t\t<div class=\"elementor-widget-container\">\n\t\t\t\t\t\t\t<div class=\"elementor-star-rating__wrapper\">\n\t\t\t\t\t\t<div class=\"elementor-star-rating\" itemtype=\"http:\/\/schema.org\/Rating\" itemscope=\"\" itemprop=\"reviewRating\">\n\t\t\t\t<i class=\"elementor-star-full\" aria-hidden=\"true\">&#xE934;<\/i><i class=\"elementor-star-full\" aria-hidden=\"true\">&#xE934;<\/i><i class=\"elementor-star-full\" aria-hidden=\"true\">&#xE934;<\/i><i class=\"elementor-star-full\" aria-hidden=\"true\">&#xE934;<\/i><i class=\"elementor-star-5\" aria-hidden=\"true\">&#xE934;<\/i>\t\t\t\t<span itemprop=\"ratingValue\" class=\"elementor-screen-only\">Rated 4.5 out of 5<\/span>\n\t\t\t<\/div>\n\t\t<\/div>\n\t\t\t\t\t\t<\/div>\n\t\t\t\t<\/div>\n\t\t\t\t<div class=\"elementor-element elementor-element-0d111b7 elementor-widget elementor-widget-text-editor\" data-id=\"0d111b7\" data-element_type=\"widget\" data-e-type=\"widget\" data-widget_type=\"text-editor.default\">\n\t\t\t\t<div class=\"elementor-widget-container\">\n\t\t\t\t\t\t\t\t\t<p><b>Ubicaci\u00f3n<\/b> Luis Pe\u00f1a Key, Culebra<\/p><p><b>Llegar all\u00ed: <\/b>Tome el\u00a0<a style=\"background-color: #f0efe7; outline: 0px;\" href=\"https:\/\/goo.gl\/maps\/FWsSdnj8jEAyaW7t9\" target=\"_blank\" rel=\"noopener\">ferry<\/a>\u00a0de Ceiba a Isla Culebra.\u00a0<span style=\"color: var( --e-global-color-text ); font-size: 1rem; text-align: center;\">Desde Culebra, deber\u00e1s contratar un taxi acu\u00e1tico u organizar un tour para llegar a Cayo Luis Pe\u00f1a. Pas\u00e9 por esto <a href=\"https:\/\/www.airbnb.com\/experiences\/870744?adults=2&amp;checkin=2023-04-22&amp;location=Culebra%2C%20Puerto%20Rico&amp;currentTab=experience_tab&amp;federatedSearchId=ffd98fdf-23a4-415c-80cb-fa6452b046c8&amp;searchId=2d7e6f46-3232-4de9-a0e4-87f24e29ec8f&amp;sectionId=e9db52f7-3e4e-4bd2-b4c6-76edfe93decd\" target=\"_blank\" rel=\"noopener\">Airbnb Experience<\/a>. Parece ser operado a trav\u00e9s de <a href=\"https:\/\/brightpaddle.com\/\" target=\"_blank\" rel=\"noopener\">Bright Paddle Tours<\/a>.<\/span><span style=\"color: var( --e-global-color-text ); font-size: 1rem; text-align: center;\">\u00a0Tambi\u00e9n puedes navegar en kayak hasta este cayo desde <a href=\"https:\/\/maps.app.goo.gl\/bdwxQqRjxDDRA69V9\" target=\"_blank\" rel=\"noopener\">Playa Tamarindo<\/a>\u00a0si alquilas un kayak en la ciudad. Se trata de un remo de una milla de largo para llegar al cayo. Intente esto \u00fanicamente en condiciones clim\u00e1ticas templadas y de surf.<\/span><\/p><p><b>Cosas para hacer:<\/b>\u00a0<span style=\"color: var( --e-global-color-text ); font-size: 1rem;\">Rel\u00e1jese en aguas poco profundas: si las condiciones son buenas, el agua es tranquila y clara. Probablemente habr\u00e1 otros barcos anclados en la peque\u00f1a playa. Snorkel: hay un excelente lugar para practicar snorkel en el lado izquierdo de la playa (mirando al mar desde la orilla). El arrecife es profundo, pero vale la pena explorarlo incluso si prefieres permanecer en la superficie.<\/span><\/p><p><b>Aviso:<\/b>\u00a0Las condiciones en \u00e9sta playa cambian seg\u00fan la \u00e9poca del a\u00f1o. Cuando fui, no hab\u00eda ninguna ola, pero puede haber olas bastante grandes en la orilla.<\/p>\t\t\t\t\t\t\t\t<\/div>\n\t\t\t\t<\/div>\n\t\t\t\t<div class=\"elementor-element elementor-element-3ea0c5e elementor-widget elementor-widget-toggle\" data-id=\"3ea0c5e\" data-element_type=\"widget\" data-e-type=\"widget\" data-widget_type=\"toggle.default\">\n\t\t\t\t<div class=\"elementor-widget-container\">\n\t\t\t\t\t\t\t<div class=\"elementor-toggle\">\n\t\t\t\t\t\t\t<div class=\"elementor-toggle-item\">\n\t\t\t\t\t<div id=\"elementor-tab-title-6561\" class=\"elementor-tab-title\" data-tab=\"1\" role=\"button\" aria-controls=\"elementor-tab-content-6561\" aria-expanded=\"false\">\n\t\t\t\t\t\t\t\t\t\t\t\t<span class=\"elementor-toggle-icon elementor-toggle-icon-left\" aria-hidden=\"true\">\n\t\t\t\t\t\t\t\t\t\t\t\t\t\t\t<span class=\"elementor-toggle-icon-closed\"><i class=\"fas fa-caret-right\"><\/i><\/span>\n\t\t\t\t\t\t\t\t<span class=\"elementor-toggle-icon-opened\"><i class=\"elementor-toggle-icon-opened fas fa-caret-up\"><\/i><\/span>\n\t\t\t\t\t\t\t\t\t\t\t\t\t<\/span>\n\t\t\t\t\t\t\t\t\t\t\t\t<a class=\"elementor-toggle-title\" tabindex=\"0\">Pros<\/a>\n\t\t\t\t\t<\/div>\n\n\t\t\t\t\t<div id=\"elementor-tab-content-6561\" class=\"elementor-tab-content elementor-clearfix\" data-tab=\"1\" role=\"region\" aria-labelledby=\"elementor-tab-title-6561\"><ul><li>Una de las playas m\u00e1s pintorescas de Puerto Rico.<\/li><li>Agua tranquila perfecta para relajarse en aguas poco profundas, si se dan las condiciones adecuadas.<\/li><li>Gran snorkeling aunque sobre un arrecife profundo.<\/li><\/ul><\/div>\n\t\t\t\t<\/div>\n\t\t\t\t\t\t\t<div class=\"elementor-toggle-item\">\n\t\t\t\t\t<div id=\"elementor-tab-title-6562\" class=\"elementor-tab-title\" data-tab=\"2\" role=\"button\" aria-controls=\"elementor-tab-content-6562\" aria-expanded=\"false\">\n\t\t\t\t\t\t\t\t\t\t\t\t<span class=\"elementor-toggle-icon elementor-toggle-icon-left\" aria-hidden=\"true\">\n\t\t\t\t\t\t\t\t\t\t\t\t\t\t\t<span class=\"elementor-toggle-icon-closed\"><i class=\"fas fa-caret-right\"><\/i><\/span>\n\t\t\t\t\t\t\t\t<span class=\"elementor-toggle-icon-opened\"><i class=\"elementor-toggle-icon-opened fas fa-caret-up\"><\/i><\/span>\n\t\t\t\t\t\t\t\t\t\t\t\t\t<\/span>\n\t\t\t\t\t\t\t\t\t\t\t\t<a class=\"elementor-toggle-title\" tabindex=\"0\">Contras<\/a>\n\t\t\t\t\t<\/div>\n\n\t\t\t\t\t<div id=\"elementor-tab-content-6562\" class=\"elementor-tab-content elementor-clearfix\" data-tab=\"2\" role=\"region\" aria-labelledby=\"elementor-tab-title-6562\"><ul>\n<li><span style=\"font-style: inherit; font-weight: inherit; color: var( --e-global-color-text );\">Para llegar all\u00ed, el estacionamiento en la terminal del ferry cuesta $15.00 por d\u00eda, el ferry cuesta $4.00 y el taxi acu\u00e1tico cuesta $65.00 \u2013 $100.00.<\/span><\/li>\n<li><span style=\"font-style: inherit; font-weight: inherit; color: var( --e-global-color-text );\">No hay sombra.<\/span><\/li>\n<li><span style=\"font-style: inherit; font-weight: inherit; color: var( --e-global-color-text );\">No hay muchas empresas entre las que elegir para llevarte all\u00ed.<\/span><\/li><li>Dependiendo del tour que organices para llegar hasta aqu\u00ed, es posible que no tengas tanto tiempo en la playa como te gustar\u00eda.<\/li>\n<\/ul><\/div>\n\t\t\t\t<\/div>\n\t\t\t\t\t\t\t\t<\/div>\n\t\t\t\t\t\t<\/div>\n\t\t\t\t<\/div>\n\t\t\t\t\t<\/div>\n\t\t<\/div>\n\t\t\t\t\t<\/div>\n\t\t<\/section>\n\t\t\t\t<section class=\"elementor-section elementor-top-section elementor-element elementor-element-2c97284 elementor-section-boxed elementor-section-height-default elementor-section-height-default\" data-id=\"2c97284\" data-element_type=\"section\" data-e-type=\"section\" data-settings=\"{&quot;background_background&quot;:&quot;classic&quot;}\">\n\t\t\t\t\t\t<div class=\"elementor-container elementor-column-gap-default\">\n\t\t\t\t\t<div class=\"elementor-column elementor-col-100 elementor-top-column elementor-element elementor-element-ede49cb\" data-id=\"ede49cb\" data-element_type=\"column\" data-e-type=\"column\">\n\t\t\t<div class=\"elementor-widget-wrap elementor-element-populated\">\n\t\t\t\t\t\t<div class=\"elementor-element elementor-element-495df7f elementor-widget elementor-widget-video\" data-id=\"495df7f\" data-element_type=\"widget\" data-e-type=\"widget\" data-settings=\"{&quot;youtube_url&quot;:&quot;https:\\\/\\\/youtu.be\\\/COBj8_2sGJI&quot;,&quot;video_type&quot;:&quot;youtube&quot;,&quot;controls&quot;:&quot;yes&quot;}\" data-widget_type=\"video.default\">\n\t\t\t\t<div class=\"elementor-widget-container\">\n\t\t\t\t\t\t\t<div class=\"elementor-wrapper elementor-open-inline\">\n\t\t\t<div class=\"elementor-video\"><\/div>\t\t<\/div>\n\t\t\t\t\t\t<\/div>\n\t\t\t\t<\/div>\n\t\t\t\t\t<\/div>\n\t\t<\/div>\n\t\t\t\t\t<\/div>\n\t\t<\/section>\n\t\t\t\t<\/div>","protected":false},"excerpt":{"rendered":"<p>Luis Pe\u00f1a Beach &#xE934;&#xE934;&#xE934;&#xE934;&#xE934; 4.5\/5 Location: Luis Pe\u00f1a Key, Culebra Getting there: Take the\u00a0ferry\u00a0from Ceiba to Culebra Island.\u00a0From Culebra, you&#8217;ll need to hire a water taxi or organize a tour to get to Luis Pe\u00f1a Key. I went via this Airbnb Experience. It seems to be operated via Bright Paddle Tours.\u00a0You can also kayak to [&hellip;]<\/p>\n","protected":false},"author":1,"featured_media":0,"parent":0,"menu_order":0,"comment_status":"closed","ping_status":"closed","template":"","meta":{"om_disable_all_campaigns":false,"_uag_custom_page_level_css":"","_monsterinsights_skip_tracking":false,"_monsterinsights_sitenote_active":false,"_monsterinsights_sitenote_note":"","_monsterinsights_sitenote_category":0,"_uf_show_specific_survey":0,"_uf_disable_surveys":false,"site-sidebar-layout":"no-sidebar","site-content-layout":"page-builder","ast-site-content-layout":"default","site-content-style":"default","site-sidebar-style":"default","ast-global-header-display":"","ast-banner-title-visibility":"","ast-main-header-display":"","ast-hfb-above-header-display":"","ast-hfb-below-header-display":"","ast-hfb-mobile-header-display":"","site-post-title":"disabled","ast-breadcrumbs-content":"","ast-featured-img":"disabled","footer-sml-layout":"","theme-transparent-header-meta":"","adv-header-id-meta":"","stick-header-meta":"","header-above-stick-meta":"","header-main-stick-meta":"","header-below-stick-meta":"","astra-migrate-meta-layouts":"set","ast-page-background-enabled":"default","ast-page-background-meta":{"desktop":{"background-color":"","background-image":"","background-repeat":"repeat","background-position":"center center","background-size":"auto","background-attachment":"scroll","background-type":"","background-media":"","overlay-type":"","overlay-color":"","overlay-opacity":"","overlay-gradient":""},"tablet":{"background-color":"","background-image":"","background-repeat":"repeat","background-position":"center center","background-size":"auto","background-attachment":"scroll","background-type":"","background-media":"","overlay-type":"","overlay-color":"","overlay-opacity":"","overlay-gradient":""},"mobile":{"background-color":"","background-image":"","background-repeat":"repeat","background-position":"center center","background-size":"auto","background-attachment":"scroll","background-type":"","background-media":"","overlay-type":"","overlay-color":"","overlay-opacity":"","overlay-gradient":""}},"ast-content-background-meta":{"desktop":{"background-color":"var(--ast-global-color-5)","background-image":"","background-repeat":"repeat","background-position":"center center","background-size":"auto","background-attachment":"scroll","background-type":"","background-media":"","overlay-type":"","overlay-color":"","overlay-opacity":"","overlay-gradient":""},"tablet":{"background-color":"var(--ast-global-color-5)","background-image":"","background-repeat":"repeat","background-position":"center center","background-size":"auto","background-attachment":"scroll","background-type":"","background-media":"","overlay-type":"","overlay-color":"","overlay-opacity":"","overlay-gradient":""},"mobile":{"background-color":"var(--ast-global-color-5)","background-image":"","background-repeat":"repeat","background-position":"center center","background-size":"auto","background-attachment":"scroll","background-type":"","background-media":"","overlay-type":"","overlay-color":"","overlay-opacity":"","overlay-gradient":""}},"footnotes":""},"class_list":["post-7140","page","type-page","status-publish","hentry"],"yoast_head":"<!-- This site is optimized with the Yoast SEO plugin v27.5 - https:\/\/yoast.com\/product\/yoast-seo-wordpress\/ -->\n<title>Luis Pe\u00f1a Beach | Culebra, Puerto Rico<\/title>\n<meta name=\"description\" content=\"One of Puerto Rico&#039;s many beautiful beaches on a small key near Culebra. The warm salt water of the Caribbean Sea meets sun-baked sand.\" \/>\n<meta name=\"robots\" content=\"index, follow, max-snippet:-1, max-image-preview:large, max-video-preview:-1\" \/>\n<link rel=\"canonical\" href=\"https:\/\/westindiestravel.com\/es\/luis-pena-beach\/\" \/>\n<meta property=\"og:locale\" content=\"es_ES\" \/>\n<meta property=\"og:type\" content=\"article\" \/>\n<meta property=\"og:title\" content=\"Luis Pe\u00f1a Beach | Culebra, Puerto Rico\" \/>\n<meta property=\"og:description\" content=\"One of Puerto Rico&#039;s many beautiful beaches on a small key near Culebra. The warm salt water of the Caribbean Sea meets sun-baked sand.\" \/>\n<meta property=\"og:url\" content=\"https:\/\/westindiestravel.com\/es\/luis-pena-beach\/\" \/>\n<meta property=\"og:site_name\" content=\"West Indies Travel\" \/>\n<meta property=\"article:modified_time\" content=\"2024-02-06T00:20:06+00:00\" \/>\n<meta property=\"og:image\" content=\"https:\/\/westindiestravel.com\/wp-content\/uploads\/2024\/01\/Cayo-Luis-Pena-2-1-scaled.jpeg\" \/>\n<meta name=\"twitter:card\" content=\"summary_large_image\" \/>\n<meta name=\"twitter:label1\" content=\"Est. reading time\" \/>\n\t<meta name=\"twitter:data1\" content=\"2 minutos\" \/>\n<script type=\"application\/ld+json\" class=\"yoast-schema-graph\">{\"@context\":\"https:\\\/\\\/schema.org\",\"@graph\":[{\"@type\":\"WebPage\",\"@id\":\"https:\\\/\\\/westindiestravel.com\\\/luis-pena-beach\\\/\",\"url\":\"https:\\\/\\\/westindiestravel.com\\\/luis-pena-beach\\\/\",\"name\":\"Luis Pe\u00f1a Beach | Culebra, Puerto Rico\",\"isPartOf\":{\"@id\":\"https:\\\/\\\/westindiestravel.com\\\/#website\"},\"primaryImageOfPage\":{\"@id\":\"https:\\\/\\\/westindiestravel.com\\\/luis-pena-beach\\\/#primaryimage\"},\"image\":{\"@id\":\"https:\\\/\\\/westindiestravel.com\\\/luis-pena-beach\\\/#primaryimage\"},\"thumbnailUrl\":\"https:\\\/\\\/westindiestravel.com\\\/wp-content\\\/uploads\\\/2024\\\/01\\\/Cayo-Luis-Pena-2-1-scaled.jpeg\",\"datePublished\":\"2023-11-07T03:56:20+00:00\",\"dateModified\":\"2024-02-06T00:20:06+00:00\",\"description\":\"One of Puerto Rico's many beautiful beaches on a small key near Culebra. The warm salt water of the Caribbean Sea meets sun-baked sand.\",\"breadcrumb\":{\"@id\":\"https:\\\/\\\/westindiestravel.com\\\/luis-pena-beach\\\/#breadcrumb\"},\"inLanguage\":\"es\",\"potentialAction\":[{\"@type\":\"ReadAction\",\"target\":[\"https:\\\/\\\/westindiestravel.com\\\/luis-pena-beach\\\/\"]}]},{\"@type\":\"ImageObject\",\"inLanguage\":\"es\",\"@id\":\"https:\\\/\\\/westindiestravel.com\\\/luis-pena-beach\\\/#primaryimage\",\"url\":\"https:\\\/\\\/westindiestravel.com\\\/wp-content\\\/uploads\\\/2024\\\/01\\\/Cayo-Luis-Pena-2-1-scaled.jpeg\",\"contentUrl\":\"https:\\\/\\\/westindiestravel.com\\\/wp-content\\\/uploads\\\/2024\\\/01\\\/Cayo-Luis-Pena-2-1-scaled.jpeg\"},{\"@type\":\"BreadcrumbList\",\"@id\":\"https:\\\/\\\/westindiestravel.com\\\/luis-pena-beach\\\/#breadcrumb\",\"itemListElement\":[{\"@type\":\"ListItem\",\"position\":1,\"name\":\"Home\",\"item\":\"https:\\\/\\\/westindiestravel.com\\\/\"},{\"@type\":\"ListItem\",\"position\":2,\"name\":\"Luis Pe\u00f1a Beach\"}]},{\"@type\":\"WebSite\",\"@id\":\"https:\\\/\\\/westindiestravel.com\\\/#website\",\"url\":\"https:\\\/\\\/westindiestravel.com\\\/\",\"name\":\"West Indies Travel\",\"description\":\"Puerto Rico Travel Guide\",\"publisher\":{\"@id\":\"https:\\\/\\\/westindiestravel.com\\\/#organization\"},\"potentialAction\":[{\"@type\":\"SearchAction\",\"target\":{\"@type\":\"EntryPoint\",\"urlTemplate\":\"https:\\\/\\\/westindiestravel.com\\\/?s={search_term_string}\"},\"query-input\":{\"@type\":\"PropertyValueSpecification\",\"valueRequired\":true,\"valueName\":\"search_term_string\"}}],\"inLanguage\":\"es\"},{\"@type\":\"Organization\",\"@id\":\"https:\\\/\\\/westindiestravel.com\\\/#organization\",\"name\":\"West Indies Travel\",\"url\":\"https:\\\/\\\/westindiestravel.com\\\/\",\"logo\":{\"@type\":\"ImageObject\",\"inLanguage\":\"es\",\"@id\":\"https:\\\/\\\/westindiestravel.com\\\/#\\\/schema\\\/logo\\\/image\\\/\",\"url\":\"https:\\\/\\\/westindiestravel.com\\\/wp-content\\\/uploads\\\/2023\\\/06\\\/WIT-logo-2.png\",\"contentUrl\":\"https:\\\/\\\/westindiestravel.com\\\/wp-content\\\/uploads\\\/2023\\\/06\\\/WIT-logo-2.png\",\"width\":1640,\"height\":924,\"caption\":\"West Indies Travel\"},\"image\":{\"@id\":\"https:\\\/\\\/westindiestravel.com\\\/#\\\/schema\\\/logo\\\/image\\\/\"},\"sameAs\":[\"https:\\\/\\\/www.tiktok.com\\\/@westindiestravel\",\"https:\\\/\\\/www.instagram.com\\\/westindiestravel\\\/\",\"https:\\\/\\\/www.youtube.com\\\/channel\\\/UCHGwDgn5f7PyNfbT18Uwasw\",\"https:\\\/\\\/www.pinterest.com\\\/westindiestravelguide\\\/\"]}]}<\/script>\n<!-- \/ Yoast SEO plugin. -->","yoast_head_json":{"title":"Luis Pe\u00f1a Beach | Culebra, Puerto Rico","description":"One of Puerto Rico's many beautiful beaches on a small key near Culebra. The warm salt water of the Caribbean Sea meets sun-baked sand.","robots":{"index":"index","follow":"follow","max-snippet":"max-snippet:-1","max-image-preview":"max-image-preview:large","max-video-preview":"max-video-preview:-1"},"canonical":"https:\/\/westindiestravel.com\/es\/luis-pena-beach\/","og_locale":"es_ES","og_type":"article","og_title":"Luis Pe\u00f1a Beach | Culebra, Puerto Rico","og_description":"One of Puerto Rico's many beautiful beaches on a small key near Culebra. The warm salt water of the Caribbean Sea meets sun-baked sand.","og_url":"https:\/\/westindiestravel.com\/es\/luis-pena-beach\/","og_site_name":"West Indies Travel","article_modified_time":"2024-02-06T00:20:06+00:00","og_image":[{"url":"https:\/\/westindiestravel.com\/wp-content\/uploads\/2024\/01\/Cayo-Luis-Pena-2-1-scaled.jpeg","type":"","width":"","height":""}],"twitter_card":"summary_large_image","twitter_misc":{"Est. reading time":"2 minutos"},"schema":{"@context":"https:\/\/schema.org","@graph":[{"@type":"WebPage","@id":"https:\/\/westindiestravel.com\/luis-pena-beach\/","url":"https:\/\/westindiestravel.com\/luis-pena-beach\/","name":"Luis Pe\u00f1a Beach | Culebra, Puerto Rico","isPartOf":{"@id":"https:\/\/westindiestravel.com\/#website"},"primaryImageOfPage":{"@id":"https:\/\/westindiestravel.com\/luis-pena-beach\/#primaryimage"},"image":{"@id":"https:\/\/westindiestravel.com\/luis-pena-beach\/#primaryimage"},"thumbnailUrl":"https:\/\/westindiestravel.com\/wp-content\/uploads\/2024\/01\/Cayo-Luis-Pena-2-1-scaled.jpeg","datePublished":"2023-11-07T03:56:20+00:00","dateModified":"2024-02-06T00:20:06+00:00","description":"One of Puerto Rico's many beautiful beaches on a small key near Culebra. The warm salt water of the Caribbean Sea meets sun-baked sand.","breadcrumb":{"@id":"https:\/\/westindiestravel.com\/luis-pena-beach\/#breadcrumb"},"inLanguage":"es","potentialAction":[{"@type":"ReadAction","target":["https:\/\/westindiestravel.com\/luis-pena-beach\/"]}]},{"@type":"ImageObject","inLanguage":"es","@id":"https:\/\/westindiestravel.com\/luis-pena-beach\/#primaryimage","url":"https:\/\/westindiestravel.com\/wp-content\/uploads\/2024\/01\/Cayo-Luis-Pena-2-1-scaled.jpeg","contentUrl":"https:\/\/westindiestravel.com\/wp-content\/uploads\/2024\/01\/Cayo-Luis-Pena-2-1-scaled.jpeg"},{"@type":"BreadcrumbList","@id":"https:\/\/westindiestravel.com\/luis-pena-beach\/#breadcrumb","itemListElement":[{"@type":"ListItem","position":1,"name":"Home","item":"https:\/\/westindiestravel.com\/"},{"@type":"ListItem","position":2,"name":"Luis Pe\u00f1a Beach"}]},{"@type":"WebSite","@id":"https:\/\/westindiestravel.com\/#website","url":"https:\/\/westindiestravel.com\/","name":"West Indies Travel","description":"Gu\u00eda de viaje de Puerto Rico","publisher":{"@id":"https:\/\/westindiestravel.com\/#organization"},"potentialAction":[{"@type":"SearchAction","target":{"@type":"EntryPoint","urlTemplate":"https:\/\/westindiestravel.com\/?s={search_term_string}"},"query-input":{"@type":"PropertyValueSpecification","valueRequired":true,"valueName":"search_term_string"}}],"inLanguage":"es"},{"@type":"Organization","@id":"https:\/\/westindiestravel.com\/#organization","name":"West Indies Travel","url":"https:\/\/westindiestravel.com\/","logo":{"@type":"ImageObject","inLanguage":"es","@id":"https:\/\/westindiestravel.com\/#\/schema\/logo\/image\/","url":"https:\/\/westindiestravel.com\/wp-content\/uploads\/2023\/06\/WIT-logo-2.png","contentUrl":"https:\/\/westindiestravel.com\/wp-content\/uploads\/2023\/06\/WIT-logo-2.png","width":1640,"height":924,"caption":"West Indies Travel"},"image":{"@id":"https:\/\/westindiestravel.com\/#\/schema\/logo\/image\/"},"sameAs":["https:\/\/www.tiktok.com\/@westindiestravel","https:\/\/www.instagram.com\/westindiestravel\/","https:\/\/www.youtube.com\/channel\/UCHGwDgn5f7PyNfbT18Uwasw","https:\/\/www.pinterest.com\/westindiestravelguide\/"]}]}},"uagb_featured_image_src":{"full":false,"thumbnail":false,"medium":false,"medium_large":false,"large":false,"1536x1536":false,"2048x2048":false,"trp-custom-language-flag":false},"uagb_author_info":{"display_name":"Zach","author_link":"https:\/\/westindiestravel.com\/es\/author\/terrestrialtemplegmail-com\/"},"uagb_comment_info":0,"uagb_excerpt":"Luis Pe\u00f1a Beach &#xE934;&#xE934;&#xE934;&#xE934;&#xE934; 4.5\/5 Location: Luis Pe\u00f1a Key, Culebra Getting there: Take the\u00a0ferry\u00a0from Ceiba to Culebra Island.\u00a0From Culebra, you&#8217;ll need to hire a water taxi or organize a tour to get to Luis Pe\u00f1a Key. I went via this Airbnb Experience. It seems to be operated via Bright Paddle Tours.\u00a0You can also kayak to&hellip;","jetpack_sharing_enabled":true,"_links":{"self":[{"href":"https:\/\/westindiestravel.com\/es\/wp-json\/wp\/v2\/pages\/7140","targetHints":{"allow":["GET"]}}],"collection":[{"href":"https:\/\/westindiestravel.com\/es\/wp-json\/wp\/v2\/pages"}],"about":[{"href":"https:\/\/westindiestravel.com\/es\/wp-json\/wp\/v2\/types\/page"}],"author":[{"embeddable":true,"href":"https:\/\/westindiestravel.com\/es\/wp-json\/wp\/v2\/users\/1"}],"replies":[{"embeddable":true,"href":"https:\/\/westindiestravel.com\/es\/wp-json\/wp\/v2\/comments?post=7140"}],"version-history":[{"count":10,"href":"https:\/\/westindiestravel.com\/es\/wp-json\/wp\/v2\/pages\/7140\/revisions"}],"predecessor-version":[{"id":8456,"href":"https:\/\/westindiestravel.com\/es\/wp-json\/wp\/v2\/pages\/7140\/revisions\/8456"}],"wp:attachment":[{"href":"https:\/\/westindiestravel.com\/es\/wp-json\/wp\/v2\/media?parent=7140"}],"curies":[{"name":"wp","href":"https:\/\/api.w.org\/{rel}","templated":true}]}}